{"id":340184,"date":"2023-09-11T16:48:09","date_gmt":"2023-09-11T14:48:09","guid":{"rendered":"https:\/\/dev.sysvol.hu\/belso\/termek\/swarovsky-strasszos-ontott-csat-1477-08-sw\/"},"modified":"2025-10-01T15:20:11","modified_gmt":"2025-10-01T13:20:11","slug":"swarovsky-strasszos-ontott-csat-1477-08-sw","status":"publish","type":"product","link":"https:\/\/cipokellekek.hu\/en\/uzlet\/csatok\/ontott-csatok-swarovski-strasszal\/swarovsky-strasszos-ontott-csat-1477-08-sw\/","title":{"rendered":"Swarovsky strasszos \u00d6nt\u00f6tt csat (1477-08\/SW)"},"content":{"rendered":"<div class=\"note note-1\">A csat alapanyaga zamak, amely egy rozsdamentes f\u00e9m \u00f6tv\u00f6zet. Bels\u0151 sz\u00e9less\u00e9ge 8 mm. A term\u00e9k Swarovski strasszal van d\u00edsz\u00edtve.<\/div>\n<div class=\"note note-2\">A minim\u00e1lisan rendelhet\u0151 mennyis\u00e9g bizonyos sz\u00edn vagy m\u00e9ret eset\u00e9n, a gy\u00e1rt\u00e1si minimum figyelembev\u00e9tele miatt v\u00e1ltozhat.<\/div>\n<div class=\"note note-3\">A csat rendelhet\u0151 a k\u00e9pen szerepl\u0151 k\u00f6z\u00e9ps\u0151 r\u00f6gz\u00edt\u0151 elemmel (CP-vel) vagy an\u00e9lk\u00fcl egyar\u00e1nt. R\u00f6gz\u00edt\u0151 haszn\u00e1lat\u00e1val a csat a p\u00e1nthoz szegecselhet\u0151, mik\u00f6zben meg\u0151rzi k\u00f6nnyed mozgathat\u00f3s\u00e1g\u00e1t.<\/div>","protected":false},"excerpt":{"rendered":"<p>A csat alapanyaga zamak, amely egy rozsdamentes f\u00e9m \u00f6tv\u00f6zet. Bels\u0151 sz\u00e9less\u00e9ge 8 mm. A term\u00e9k Swarovski strasszal van d\u00edsz\u00edtve.<\/p>","protected":false},"featured_media":351216,"comment_status":"closed","ping_status":"closed","template":"","meta":{"_seopress_robots_primary_cat":"none","_seopress_titles_title":"Swarovsky strasszos \u00d6nt\u00f6tt csat (1477-08\/SW)","_seopress_titles_desc":"A csat alapanyaga zamak, amely egy rozsdamentes f\u00e9m \u00f6tv\u00f6zet. Bels\u0151 sz\u00e9less\u00e9ge 8 mm. A term\u00e9k Swarovski strasszal van d\u00edsz\u00edtve.","_seopress_robots_index":""},"product_brand":[],"product_cat":[2102,2138],"product_tag":[2364,2363],"class_list":{"0":"post-340184","1":"product","2":"type-product","3":"status-publish","4":"has-post-thumbnail","6":"product_cat-csatok","7":"product_cat-ontott-csatok-swarovski-strasszal","8":"product_tag-bordiszmu-es-ruhagyartas","9":"product_tag-cipogyartas-es-cipojavitas","10":"pa_szin-arany","11":"pa_szin-bronz-antik","12":"pa_szin-bronzex","13":"pa_szin-fekete-nikkel","14":"pa_szin-fenyes-sargarez","15":"pa_szin-kezi-szatinalt-sargarez-antik","16":"pa_szin-matt-nikkel","17":"pa_szin-nikkel","18":"pa_szin-nikkel-antik","19":"pa_szin-nikkelmentes-arany","20":"pa_szin-nikkelmentes-fekete-nikkel","21":"pa_szin-nikkelmentes-matt-nikkel","22":"pa_szin-nikkelmentes-nikkel","23":"pa_szin-nikkelmentes-nikkel-antik","24":"pa_szin-nikkelmentes-vilagos-arany","25":"pa_szin-rozsaszin-arany","26":"pa_szin-sargarez-antik","27":"pa_szin-vilagos-arany","28":"pa_szin-vilagos-sargarez-antik","30":"first","31":"instock","32":"featured","33":"purchasable","34":"product-type-variable"},"_links":{"self":[{"href":"https:\/\/cipokellekek.hu\/en\/wp-json\/wp\/v2\/product\/340184","targetHints":{"allow":["GET"]}}],"collection":[{"href":"https:\/\/cipokellekek.hu\/en\/wp-json\/wp\/v2\/product"}],"about":[{"href":"https:\/\/cipokellekek.hu\/en\/wp-json\/wp\/v2\/types\/product"}],"replies":[{"embeddable":true,"href":"https:\/\/cipokellekek.hu\/en\/wp-json\/wp\/v2\/comments?post=340184"}],"wp:featuredmedia":[{"embeddable":true,"href":"https:\/\/cipokellekek.hu\/en\/wp-json\/wp\/v2\/media\/351216"}],"wp:attachment":[{"href":"https:\/\/cipokellekek.hu\/en\/wp-json\/wp\/v2\/media?parent=340184"}],"wp:term":[{"taxonomy":"product_brand","embeddable":true,"href":"https:\/\/cipokellekek.hu\/en\/wp-json\/wp\/v2\/product_brand?post=340184"},{"taxonomy":"product_cat","embeddable":true,"href":"https:\/\/cipokellekek.hu\/en\/wp-json\/wp\/v2\/product_cat?post=340184"},{"taxonomy":"product_tag","embeddable":true,"href":"https:\/\/cipokellekek.hu\/en\/wp-json\/wp\/v2\/product_tag?post=340184"}],"curies":[{"name":"wp","href":"https:\/\/api.w.org\/{rel}","templated":true}]}}