{"id":339969,"date":"2023-09-11T16:47:51","date_gmt":"2023-09-11T14:47:51","guid":{"rendered":"https:\/\/dev.sysvol.hu\/belso\/termek\/ontott-csat-6040\/"},"modified":"2025-09-10T09:18:54","modified_gmt":"2025-09-10T07:18:54","slug":"ontott-csat-6040","status":"publish","type":"product","link":"https:\/\/cipokellekek.hu\/en\/uzlet\/csatok\/ontott-csatok\/forma-szerint\/ives-ovalis\/ontott-csat-6040\/","title":{"rendered":"\u00d6nt\u00f6tt csat (6040)"},"content":{"rendered":"<div class=\"note note-1\">A csat alapanyaga zamak, amely egy rozsdamentes f\u00e9m \u00f6tv\u00f6zet. Bels\u0151 sz\u00e9less\u00e9ge 14 mm.<\/div>\n<div class=\"note note-2\"><\/div>\n<div class=\"note note-3\"><\/div>","protected":false},"excerpt":{"rendered":"<p>A csat alapanyaga zamak, amely egy rozsdamentes f\u00e9m \u00f6tv\u00f6zet. Bels\u0151 sz\u00e9less\u00e9ge 14 mm.<\/p>","protected":false},"featured_media":351203,"comment_status":"closed","ping_status":"closed","template":"","meta":{"_seopress_robots_primary_cat":"none","_seopress_titles_title":"\u00d6nt\u00f6tt csat (6040)","_seopress_titles_desc":"A csat alapanyaga zamak, amely egy rozsdamentes f\u00e9m \u00f6tv\u00f6zet. Bels\u0151 sz\u00e9less\u00e9ge 14 mm.","_seopress_robots_index":""},"product_brand":[],"product_cat":[2118,2102,2111,2112,2107,2106],"product_tag":[2364,2363],"class_list":{"0":"post-339969","1":"product","2":"type-product","3":"status-publish","4":"has-post-thumbnail","6":"product_cat-14-mm","7":"product_cat-csatok","8":"product_cat-forma-szerint","9":"product_cat-ives-ovalis","10":"product_cat-meret-szerint","11":"product_cat-ontott-csatok","12":"product_tag-bordiszmu-es-ruhagyartas","13":"product_tag-cipogyartas-es-cipojavitas","14":"pa_szin-nikkel-antik","16":"first","17":"instock","18":"purchasable","19":"product-type-variable"},"_links":{"self":[{"href":"https:\/\/cipokellekek.hu\/en\/wp-json\/wp\/v2\/product\/339969","targetHints":{"allow":["GET"]}}],"collection":[{"href":"https:\/\/cipokellekek.hu\/en\/wp-json\/wp\/v2\/product"}],"about":[{"href":"https:\/\/cipokellekek.hu\/en\/wp-json\/wp\/v2\/types\/product"}],"replies":[{"embeddable":true,"href":"https:\/\/cipokellekek.hu\/en\/wp-json\/wp\/v2\/comments?post=339969"}],"wp:featuredmedia":[{"embeddable":true,"href":"https:\/\/cipokellekek.hu\/en\/wp-json\/wp\/v2\/media\/351203"}],"wp:attachment":[{"href":"https:\/\/cipokellekek.hu\/en\/wp-json\/wp\/v2\/media?parent=339969"}],"wp:term":[{"taxonomy":"product_brand","embeddable":true,"href":"https:\/\/cipokellekek.hu\/en\/wp-json\/wp\/v2\/product_brand?post=339969"},{"taxonomy":"product_cat","embeddable":true,"href":"https:\/\/cipokellekek.hu\/en\/wp-json\/wp\/v2\/product_cat?post=339969"},{"taxonomy":"product_tag","embeddable":true,"href":"https:\/\/cipokellekek.hu\/en\/wp-json\/wp\/v2\/product_tag?post=339969"}],"curies":[{"name":"wp","href":"https:\/\/api.w.org\/{rel}","templated":true}]}}