{"id":338690,"date":"2023-09-11T16:44:16","date_gmt":"2023-09-11T14:44:16","guid":{"rendered":"https:\/\/dev.sysvol.hu\/belso\/termek\/ontott-csat-1658\/"},"modified":"2025-09-27T18:35:51","modified_gmt":"2025-09-27T16:35:51","slug":"ontott-csat-1658","status":"publish","type":"product","link":"https:\/\/cipokellekek.hu\/en\/uzlet\/csatok\/ontott-csatok\/forma-szerint\/szogletes\/ontott-csat-1658\/","title":{"rendered":"\u00d6nt\u00f6tt csat (1658)"},"content":{"rendered":"<div class=\"note note-1\">\u00d3rasz\u00edj csat. Alapanyaga zamak, amely egy rozsdamentes f\u00e9m \u00f6tv\u00f6zet. T\u00f6bb m\u00e9retben rendelhet\u0151, melyet a k\u00e9p mellett l\u00e9v\u0151 felsorol\u00e1sb\u00f3l tud kiv\u00e1lasztani. A megadott m\u00e9retek a csat bels\u0151 sz\u00e9less\u00e9g\u00e9t, vagyis a p\u00e1ntsz\u00e9less\u00e9get jel\u00f6lik mm-ben.<\/div>\n<div class=\"note note-2\">A minim\u00e1lisan rendelhet\u0151 mennyis\u00e9g bizonyos sz\u00edn vagy m\u00e9ret eset\u00e9n, a gy\u00e1rt\u00e1si minimum figyelembev\u00e9tele miatt v\u00e1ltozhat.<\/div>\n<div class=\"note note-3\">A csat rendelhet\u0151 a k\u00e9pen szerepl\u0151 k\u00f6z\u00e9ps\u0151 r\u00f6gz\u00edt\u0151 elemmel (CP-vel) vagy an\u00e9lk\u00fcl egyar\u00e1nt. R\u00f6gz\u00edt\u0151 haszn\u00e1lat\u00e1val a csat a p\u00e1nthoz szegecselhet\u0151, mik\u00f6zben meg\u0151rzi k\u00f6nnyed mozgathat\u00f3s\u00e1g\u00e1t.<\/div>","protected":false},"excerpt":{"rendered":"<p>\u00d3rasz\u00edj csat. Alapanyaga zamak, amely egy rozsdamentes f\u00e9m \u00f6tv\u00f6zet. T\u00f6bb m\u00e9retben rendelhet\u0151, melyet a k\u00e9p mellett l\u00e9v\u0151 felsorol\u00e1sb\u00f3l tud kiv\u00e1lasztani. A megadott m\u00e9retek a csat bels\u0151 sz\u00e9less\u00e9g\u00e9t, vagyis a p\u00e1ntsz\u00e9less\u00e9get jel\u00f6lik mm-ben.<\/p>","protected":false},"featured_media":351171,"comment_status":"closed","ping_status":"closed","template":"","meta":{"_seopress_robots_primary_cat":"none","_seopress_titles_title":"\u00d6nt\u00f6tt csat (1658)","_seopress_titles_desc":"\u00d3rasz\u00edj csat. Alapanyaga zamak, amely egy rozsdamentes f\u00e9m \u00f6tv\u00f6zet. T\u00f6bb m\u00e9retben rendelhet\u0151. A m\u00e9retek a csat bels\u0151 sz\u00e9less\u00e9g\u00e9t (p\u00e1ntsz\u00e9less\u00e9get) jel\u00f6lik mm-ben.","_seopress_robots_index":""},"product_brand":[],"product_cat":[2114,2126,2136,2134,2102,2111,2107,2106,2120],"product_tag":[2364,2363],"class_list":{"0":"post-338690","1":"product","2":"type-product","3":"status-publish","4":"has-post-thumbnail","6":"product_cat-22-mm","7":"product_cat-24-mm","8":"product_cat-26-mm","9":"product_cat-28-mm","10":"product_cat-csatok","11":"product_cat-forma-szerint","12":"product_cat-meret-szerint","13":"product_cat-ontott-csatok","14":"product_cat-szogletes","15":"product_tag-bordiszmu-es-ruhagyartas","16":"product_tag-cipogyartas-es-cipojavitas","17":"pa_meret-1904","18":"pa_meret-1905","19":"pa_meret-1907","20":"pa_meret-1908","21":"pa_szin-arany","22":"pa_szin-bronz-antik","23":"pa_szin-bronzex","24":"pa_szin-fekete-nikkel","25":"pa_szin-fenyes-sargarez","26":"pa_szin-kezi-szatinalt-sargarez-antik","27":"pa_szin-matt-nikkel","28":"pa_szin-nikkel","29":"pa_szin-nikkel-antik","30":"pa_szin-nikkelmentes-arany","31":"pa_szin-nikkelmentes-fekete-nikkel","32":"pa_szin-nikkelmentes-matt-nikkel","33":"pa_szin-nikkelmentes-nikkel","34":"pa_szin-nikkelmentes-nikkel-antik","35":"pa_szin-nikkelmentes-vilagos-arany","36":"pa_szin-rozsaszin-arany","37":"pa_szin-sargarez-antik","38":"pa_szin-vilagos-arany","39":"pa_szin-vilagos-sargarez-antik","41":"first","42":"instock","43":"purchasable","44":"product-type-variable"},"_links":{"self":[{"href":"https:\/\/cipokellekek.hu\/en\/wp-json\/wp\/v2\/product\/338690","targetHints":{"allow":["GET"]}}],"collection":[{"href":"https:\/\/cipokellekek.hu\/en\/wp-json\/wp\/v2\/product"}],"about":[{"href":"https:\/\/cipokellekek.hu\/en\/wp-json\/wp\/v2\/types\/product"}],"replies":[{"embeddable":true,"href":"https:\/\/cipokellekek.hu\/en\/wp-json\/wp\/v2\/comments?post=338690"}],"wp:featuredmedia":[{"embeddable":true,"href":"https:\/\/cipokellekek.hu\/en\/wp-json\/wp\/v2\/media\/351171"}],"wp:attachment":[{"href":"https:\/\/cipokellekek.hu\/en\/wp-json\/wp\/v2\/media?parent=338690"}],"wp:term":[{"taxonomy":"product_brand","embeddable":true,"href":"https:\/\/cipokellekek.hu\/en\/wp-json\/wp\/v2\/product_brand?post=338690"},{"taxonomy":"product_cat","embeddable":true,"href":"https:\/\/cipokellekek.hu\/en\/wp-json\/wp\/v2\/product_cat?post=338690"},{"taxonomy":"product_tag","embeddable":true,"href":"https:\/\/cipokellekek.hu\/en\/wp-json\/wp\/v2\/product_tag?post=338690"}],"curies":[{"name":"wp","href":"https:\/\/api.w.org\/{rel}","templated":true}]}}