{"id":338574,"date":"2023-09-11T16:44:16","date_gmt":"2023-09-11T14:44:16","guid":{"rendered":"https:\/\/dev.sysvol.hu\/belso\/termek\/ontott-csat-mugyantaval-1622-16-gy\/"},"modified":"2025-09-14T16:57:50","modified_gmt":"2025-09-14T14:57:50","slug":"ontott-csat-mugyantaval-1622-16-gy","status":"publish","type":"product","link":"https:\/\/cipokellekek.hu\/en\/uzlet\/csatok\/ontott-csatok\/forma-szerint\/szogletes\/ontott-csat-mugyantaval-1622-16-gy\/","title":{"rendered":"\u00d6nt\u00f6tt csat m\u0171gyant\u00e1val (1622-16\/GY)"},"content":{"rendered":"<div class=\"note note-1\">A csat alapanyaga zamak, amely egy rozsdamentes f\u00e9m \u00f6tv\u00f6zet. Bels\u0151 sz\u00e9less\u00e9ge 16 mm. A m\u0171gyanta d\u00edsz\u00edt\u00e9s sz\u00edne v\u00e1laszthat\u00f3, melyet megrendel\u00e9skor a megjegyz\u00e9s rovatban k\u00e9r\u00fcnk felt\u00fcntetni (fekete, feh\u00e9r, b\u00e9zs, s\u00e1rga, narancss\u00e1rga, piros, r\u00f3zsasz\u00edn, lila, k\u00e9k, z\u00f6ld, barna, illetve ezen sz\u00ednek vil\u00e1gosabb vagy s\u00f6t\u00e9tebb \u00e1rnyalatai)<\/div>\n<div class=\"note note-2\">A minim\u00e1lisan rendelhet\u0151 mennyis\u00e9g bizonyos sz\u00edn vagy m\u00e9ret eset\u00e9n, a gy\u00e1rt\u00e1si minimum figyelembev\u00e9tele miatt v\u00e1ltozhat.<\/div>\n<div class=\"note note-3\">A csat rendelhet\u0151 a k\u00e9pen szerepl\u0151 k\u00f6z\u00e9ps\u0151 r\u00f6gz\u00edt\u0151 elemmel (CP-vel) vagy an\u00e9lk\u00fcl egyar\u00e1nt. R\u00f6gz\u00edt\u0151 haszn\u00e1lat\u00e1val a csat a p\u00e1nthoz szegecselhet\u0151, mik\u00f6zben meg\u0151rzi k\u00f6nnyed mozgathat\u00f3s\u00e1g\u00e1t.<\/div>","protected":false},"excerpt":{"rendered":"<p>A csat alapanyaga zamak, amely egy rozsdamentes f\u00e9m \u00f6tv\u00f6zet. Bels\u0151 sz\u00e9less\u00e9ge 16 mm. A m\u0171gyanta d\u00edsz\u00edt\u00e9s sz\u00edne v\u00e1laszthat\u00f3, melyet megrendel\u00e9skor a megjegyz\u00e9s rovatban k\u00e9r\u00fcnk felt\u00fcntetni (fekete, feh\u00e9r, b\u00e9zs, s\u00e1rga, narancss\u00e1rga, piros, r\u00f3zsasz\u00edn, lila, k\u00e9k, z\u00f6ld, barna, illetve ezen sz\u00ednek vil\u00e1gosabb vagy s\u00f6t\u00e9tebb \u00e1rnyalatai)<\/p>","protected":false},"featured_media":351167,"comment_status":"closed","ping_status":"closed","template":"","meta":{"_seopress_robots_primary_cat":"none","_seopress_titles_title":"\u00d6nt\u00f6tt csat m\u0171gyant\u00e1val (1622-16\/GY)","_seopress_titles_desc":"A csat alapanyaga zamak, amely egy rozsdamentes f\u00e9m \u00f6tv\u00f6zet. Bels\u0151 sz\u00e9less\u00e9ge 16 mm. A m\u0171gyanta d\u00edsz\u00edt\u00e9s sz\u00edne v\u00e1laszthat\u00f3, melyet a megjegyz\u00e9s rovatban k\u00e9r\u00fcnk felt\u00fcntetni.","_seopress_robots_index":""},"product_brand":[],"product_cat":[2108,2102,2111,2107,2106,2120],"product_tag":[2364,2363],"class_list":{"0":"post-338574","1":"product","2":"type-product","3":"status-publish","4":"has-post-thumbnail","6":"product_cat-16-mm","7":"product_cat-csatok","8":"product_cat-forma-szerint","9":"product_cat-meret-szerint","10":"product_cat-ontott-csatok","11":"product_cat-szogletes","12":"product_tag-bordiszmu-es-ruhagyartas","13":"product_tag-cipogyartas-es-cipojavitas","14":"pa_szin-arany","15":"pa_szin-bronz-antik","16":"pa_szin-bronzex","17":"pa_szin-fekete-nikkel","18":"pa_szin-fenyes-sargarez","19":"pa_szin-kezi-szatinalt-sargarez-antik","20":"pa_szin-matt-nikkel","21":"pa_szin-nikkel","22":"pa_szin-nikkel-antik","23":"pa_szin-nikkelmentes-arany","24":"pa_szin-nikkelmentes-fekete-nikkel","25":"pa_szin-nikkelmentes-matt-nikkel","26":"pa_szin-nikkelmentes-nikkel","27":"pa_szin-nikkelmentes-nikkel-antik","28":"pa_szin-nikkelmentes-vilagos-arany","29":"pa_szin-rozsaszin-arany","30":"pa_szin-sargarez-antik","31":"pa_szin-vilagos-arany","32":"pa_szin-vilagos-sargarez-antik","34":"first","35":"instock","36":"purchasable","37":"product-type-variable"},"_links":{"self":[{"href":"https:\/\/cipokellekek.hu\/en\/wp-json\/wp\/v2\/product\/338574","targetHints":{"allow":["GET"]}}],"collection":[{"href":"https:\/\/cipokellekek.hu\/en\/wp-json\/wp\/v2\/product"}],"about":[{"href":"https:\/\/cipokellekek.hu\/en\/wp-json\/wp\/v2\/types\/product"}],"replies":[{"embeddable":true,"href":"https:\/\/cipokellekek.hu\/en\/wp-json\/wp\/v2\/comments?post=338574"}],"wp:featuredmedia":[{"embeddable":true,"href":"https:\/\/cipokellekek.hu\/en\/wp-json\/wp\/v2\/media\/351167"}],"wp:attachment":[{"href":"https:\/\/cipokellekek.hu\/en\/wp-json\/wp\/v2\/media?parent=338574"}],"wp:term":[{"taxonomy":"product_brand","embeddable":true,"href":"https:\/\/cipokellekek.hu\/en\/wp-json\/wp\/v2\/product_brand?post=338574"},{"taxonomy":"product_cat","embeddable":true,"href":"https:\/\/cipokellekek.hu\/en\/wp-json\/wp\/v2\/product_cat?post=338574"},{"taxonomy":"product_tag","embeddable":true,"href":"https:\/\/cipokellekek.hu\/en\/wp-json\/wp\/v2\/product_tag?post=338574"}],"curies":[{"name":"wp","href":"https:\/\/api.w.org\/{rel}","templated":true}]}}