{"id":335749,"date":"2023-09-11T16:36:08","date_gmt":"2023-09-11T14:36:08","guid":{"rendered":"https:\/\/dev.sysvol.hu\/belso\/termek\/ontott-csat-1508\/"},"modified":"2025-09-14T21:59:36","modified_gmt":"2025-09-14T19:59:36","slug":"ontott-csat-1508","status":"publish","type":"product","link":"https:\/\/cipokellekek.hu\/en\/uzlet\/csatok\/ontott-csatok\/forma-szerint\/szogletes\/ontott-csat-1508\/","title":{"rendered":"\u00d6nt\u00f6tt csat (1508)"},"content":{"rendered":"<div class=\"note note-1\">A csat alapanyaga zamak, amely egy rozsdamentes f\u00e9m \u00f6tv\u00f6zet. Bels\u0151 sz\u00e9less\u00e9ge 50 mm.<\/div>\n<div class=\"note note-2\">A minim\u00e1lisan rendelhet\u0151 mennyis\u00e9g bizonyos sz\u00edn vagy m\u00e9ret eset\u00e9n, a gy\u00e1rt\u00e1si minimum figyelembev\u00e9tele miatt v\u00e1ltozhat.<\/div>\n<div class=\"note note-3\"><\/div>","protected":false},"excerpt":{"rendered":"<p>A csat alapanyaga zamak, amely egy rozsdamentes f\u00e9m \u00f6tv\u00f6zet. Bels\u0151 sz\u00e9less\u00e9ge 50 mm.<\/p>","protected":false},"featured_media":351105,"comment_status":"closed","ping_status":"closed","template":"","meta":{"_seopress_robots_primary_cat":"none","_seopress_titles_title":"\u00d6nt\u00f6tt csat (1508)","_seopress_titles_desc":"A csat alapanyaga zamak, amely egy rozsdamentes f\u00e9m \u00f6tv\u00f6zet. Bels\u0151 sz\u00e9less\u00e9ge 50 mm.","_seopress_robots_index":""},"product_brand":[],"product_cat":[2128,2122,2102,2111,2107,2106,2120],"product_tag":[2364],"class_list":{"0":"post-335749","1":"product","2":"type-product","3":"status-publish","4":"has-post-thumbnail","6":"product_cat-50-mm","7":"product_cat-60-mm","8":"product_cat-csatok","9":"product_cat-forma-szerint","10":"product_cat-meret-szerint","11":"product_cat-ontott-csatok","12":"product_cat-szogletes","13":"product_tag-bordiszmu-es-ruhagyartas","14":"pa_meret-1872","15":"pa_meret-1989","16":"pa_szin-arany","17":"pa_szin-bronz-antik","18":"pa_szin-bronzex","19":"pa_szin-fekete-nikkel","20":"pa_szin-fenyes-sargarez","21":"pa_szin-kezi-szatinalt-sargarez-antik","22":"pa_szin-matt-nikkel","23":"pa_szin-nikkel","24":"pa_szin-nikkel-antik","25":"pa_szin-nikkelmentes-arany","26":"pa_szin-nikkelmentes-fekete-nikkel","27":"pa_szin-nikkelmentes-matt-nikkel","28":"pa_szin-nikkelmentes-nikkel","29":"pa_szin-nikkelmentes-nikkel-antik","30":"pa_szin-nikkelmentes-vilagos-arany","31":"pa_szin-rozsaszin-arany","32":"pa_szin-sargarez-antik","33":"pa_szin-vilagos-arany","34":"pa_szin-vilagos-sargarez-antik","36":"first","37":"instock","38":"purchasable","39":"product-type-variable"},"_links":{"self":[{"href":"https:\/\/cipokellekek.hu\/en\/wp-json\/wp\/v2\/product\/335749","targetHints":{"allow":["GET"]}}],"collection":[{"href":"https:\/\/cipokellekek.hu\/en\/wp-json\/wp\/v2\/product"}],"about":[{"href":"https:\/\/cipokellekek.hu\/en\/wp-json\/wp\/v2\/types\/product"}],"replies":[{"embeddable":true,"href":"https:\/\/cipokellekek.hu\/en\/wp-json\/wp\/v2\/comments?post=335749"}],"wp:featuredmedia":[{"embeddable":true,"href":"https:\/\/cipokellekek.hu\/en\/wp-json\/wp\/v2\/media\/351105"}],"wp:attachment":[{"href":"https:\/\/cipokellekek.hu\/en\/wp-json\/wp\/v2\/media?parent=335749"}],"wp:term":[{"taxonomy":"product_brand","embeddable":true,"href":"https:\/\/cipokellekek.hu\/en\/wp-json\/wp\/v2\/product_brand?post=335749"},{"taxonomy":"product_cat","embeddable":true,"href":"https:\/\/cipokellekek.hu\/en\/wp-json\/wp\/v2\/product_cat?post=335749"},{"taxonomy":"product_tag","embeddable":true,"href":"https:\/\/cipokellekek.hu\/en\/wp-json\/wp\/v2\/product_tag?post=335749"}],"curies":[{"name":"wp","href":"https:\/\/api.w.org\/{rel}","templated":true}]}}