{"id":335690,"date":"2023-09-11T16:36:08","date_gmt":"2023-09-11T14:36:08","guid":{"rendered":"https:\/\/dev.sysvol.hu\/belso\/termek\/ontott-csat-1549-60\/"},"modified":"2025-09-14T21:54:43","modified_gmt":"2025-09-14T19:54:43","slug":"ontott-csat-1549-60","status":"publish","type":"product","link":"https:\/\/cipokellekek.hu\/en\/uzlet\/csatok\/ontott-csatok\/forma-szerint\/szogletes\/ontott-csat-1549-60\/","title":{"rendered":"\u00d6nt\u00f6tt csat (1549-60)"},"content":{"rendered":"<div class=\"note note-1\">A csat alapanyaga zamak, amely egy rozsdamentes f\u00e9m \u00f6tv\u00f6zet. Bels\u0151 sz\u00e9less\u00e9ge 60 mm.<\/div>\n<div class=\"note note-2\">A minim\u00e1lisan rendelhet\u0151 mennyis\u00e9g bizonyos sz\u00edn vagy m\u00e9ret eset\u00e9n, a gy\u00e1rt\u00e1si minimum figyelembev\u00e9tele miatt v\u00e1ltozhat.<\/div>\n<div class=\"note note-3\"><\/div>","protected":false},"excerpt":{"rendered":"<p>A csat alapanyaga zamak, amely egy rozsdamentes f\u00e9m \u00f6tv\u00f6zet. Bels\u0151 sz\u00e9less\u00e9ge 60 mm.<\/p>","protected":false},"featured_media":351101,"comment_status":"closed","ping_status":"closed","template":"","meta":{"_seopress_robots_primary_cat":"none","_seopress_titles_title":"\u00d6nt\u00f6tt csat (1549-60)","_seopress_titles_desc":"A csat alapanyaga zamak, amely egy rozsdamentes f\u00e9m \u00f6tv\u00f6zet. Bels\u0151 sz\u00e9less\u00e9ge 60 mm.","_seopress_robots_index":""},"product_brand":[],"product_cat":[2122,2102,2111,2107,2106,2120],"product_tag":[2364],"class_list":{"0":"post-335690","1":"product","2":"type-product","3":"status-publish","4":"has-post-thumbnail","6":"product_cat-60-mm","7":"product_cat-csatok","8":"product_cat-forma-szerint","9":"product_cat-meret-szerint","10":"product_cat-ontott-csatok","11":"product_cat-szogletes","12":"product_tag-bordiszmu-es-ruhagyartas","13":"pa_szin-arany","14":"pa_szin-bronz-antik","15":"pa_szin-bronzex","16":"pa_szin-fekete-nikkel","17":"pa_szin-fenyes-sargarez","18":"pa_szin-kezi-szatinalt-sargarez-antik","19":"pa_szin-matt-nikkel","20":"pa_szin-nikkel","21":"pa_szin-nikkel-antik","22":"pa_szin-nikkelmentes-arany","23":"pa_szin-nikkelmentes-fekete-nikkel","24":"pa_szin-nikkelmentes-matt-nikkel","25":"pa_szin-nikkelmentes-nikkel","26":"pa_szin-nikkelmentes-nikkel-antik","27":"pa_szin-nikkelmentes-vilagos-arany","28":"pa_szin-rozsaszin-arany","29":"pa_szin-sargarez-antik","30":"pa_szin-vilagos-arany","31":"pa_szin-vilagos-sargarez-antik","33":"first","34":"instock","35":"purchasable","36":"product-type-variable"},"_links":{"self":[{"href":"https:\/\/cipokellekek.hu\/en\/wp-json\/wp\/v2\/product\/335690","targetHints":{"allow":["GET"]}}],"collection":[{"href":"https:\/\/cipokellekek.hu\/en\/wp-json\/wp\/v2\/product"}],"about":[{"href":"https:\/\/cipokellekek.hu\/en\/wp-json\/wp\/v2\/types\/product"}],"replies":[{"embeddable":true,"href":"https:\/\/cipokellekek.hu\/en\/wp-json\/wp\/v2\/comments?post=335690"}],"wp:featuredmedia":[{"embeddable":true,"href":"https:\/\/cipokellekek.hu\/en\/wp-json\/wp\/v2\/media\/351101"}],"wp:attachment":[{"href":"https:\/\/cipokellekek.hu\/en\/wp-json\/wp\/v2\/media?parent=335690"}],"wp:term":[{"taxonomy":"product_brand","embeddable":true,"href":"https:\/\/cipokellekek.hu\/en\/wp-json\/wp\/v2\/product_brand?post=335690"},{"taxonomy":"product_cat","embeddable":true,"href":"https:\/\/cipokellekek.hu\/en\/wp-json\/wp\/v2\/product_cat?post=335690"},{"taxonomy":"product_tag","embeddable":true,"href":"https:\/\/cipokellekek.hu\/en\/wp-json\/wp\/v2\/product_tag?post=335690"}],"curies":[{"name":"wp","href":"https:\/\/api.w.org\/{rel}","templated":true}]}}