{"id":334273,"date":"2023-09-11T16:32:19","date_gmt":"2023-09-11T14:32:19","guid":{"rendered":"https:\/\/dev.sysvol.hu\/belso\/termek\/ontott-csat-1555-6\/"},"modified":"2025-09-24T13:59:33","modified_gmt":"2025-09-24T11:59:33","slug":"ontott-csat-1555-6","status":"publish","type":"product","link":"https:\/\/cipokellekek.hu\/en\/uzlet\/csatok\/ontott-csatok\/forma-szerint\/szogletes\/ontott-csat-1555-6\/","title":{"rendered":"\u00d6nt\u00f6tt csat (1555-6)"},"content":{"rendered":"<div class=\"note note-1\">A csat alapanyaga zamak, amely egy rozsdamentes f\u00e9m \u00f6tv\u00f6zet. Bels\u0151 sz\u00e9less\u00e9ge 6 mm.<\/div>\n<div class=\"note note-2\">A minim\u00e1lisan rendelhet\u0151 mennyis\u00e9g bizonyos sz\u00edn vagy m\u00e9ret eset\u00e9n, a gy\u00e1rt\u00e1si minimum figyelembev\u00e9tele miatt v\u00e1ltozhat.<\/div>\n<div class=\"note note-3\">A csat rendelhet\u0151 a k\u00e9pen szerepl\u0151 k\u00f6z\u00e9ps\u0151 r\u00f6gz\u00edt\u0151 elemmel (CP-vel) vagy an\u00e9lk\u00fcl egyar\u00e1nt. R\u00f6gz\u00edt\u0151 haszn\u00e1lat\u00e1val a csat a p\u00e1nthoz szegecselhet\u0151, mik\u00f6zben meg\u0151rzi k\u00f6nnyed mozgathat\u00f3s\u00e1g\u00e1t.<\/div>","protected":false},"excerpt":{"rendered":"<p>A csat alapanyaga zamak, amely egy rozsdamentes f\u00e9m \u00f6tv\u00f6zet. Bels\u0151 sz\u00e9less\u00e9ge 6 mm.<\/p>","protected":false},"featured_media":351080,"comment_status":"closed","ping_status":"closed","template":"","meta":{"_seopress_robots_primary_cat":"none","_seopress_titles_title":"\u00d6nt\u00f6tt csat (1555-6)","_seopress_titles_desc":"A csat alapanyaga zamak, amely egy rozsdamentes f\u00e9m \u00f6tv\u00f6zet. Bels\u0151 sz\u00e9less\u00e9ge 6 mm. A csat rendelhet\u0151 a k\u00e9pen szerepl\u0151 k\u00f6z\u00e9ps\u0151 r\u00f6gz\u00edt\u0151 elemmel (CP-vel) is.","_seopress_robots_index":""},"product_brand":[],"product_cat":[2124,2102,2111,2107,2106,2120],"product_tag":[2364,2363],"class_list":{"0":"post-334273","1":"product","2":"type-product","3":"status-publish","4":"has-post-thumbnail","6":"product_cat-06-mm","7":"product_cat-csatok","8":"product_cat-forma-szerint","9":"product_cat-meret-szerint","10":"product_cat-ontott-csatok","11":"product_cat-szogletes","12":"product_tag-bordiszmu-es-ruhagyartas","13":"product_tag-cipogyartas-es-cipojavitas","14":"pa_szin-arany","15":"pa_szin-bronz-antik","16":"pa_szin-bronzex","17":"pa_szin-fekete-nikkel","18":"pa_szin-fenyes-sargarez","19":"pa_szin-kezi-szatinalt-sargarez-antik","20":"pa_szin-matt-nikkel","21":"pa_szin-nikkel","22":"pa_szin-nikkel-antik","23":"pa_szin-nikkelmentes-arany","24":"pa_szin-nikkelmentes-fekete-nikkel","25":"pa_szin-nikkelmentes-matt-nikkel","26":"pa_szin-nikkelmentes-nikkel","27":"pa_szin-nikkelmentes-nikkel-antik","28":"pa_szin-nikkelmentes-vilagos-arany","29":"pa_szin-rozsaszin-arany","30":"pa_szin-sargarez-antik","31":"pa_szin-vilagos-arany","32":"pa_szin-vilagos-sargarez-antik","34":"first","35":"instock","36":"purchasable","37":"product-type-variable"},"_links":{"self":[{"href":"https:\/\/cipokellekek.hu\/en\/wp-json\/wp\/v2\/product\/334273","targetHints":{"allow":["GET"]}}],"collection":[{"href":"https:\/\/cipokellekek.hu\/en\/wp-json\/wp\/v2\/product"}],"about":[{"href":"https:\/\/cipokellekek.hu\/en\/wp-json\/wp\/v2\/types\/product"}],"replies":[{"embeddable":true,"href":"https:\/\/cipokellekek.hu\/en\/wp-json\/wp\/v2\/comments?post=334273"}],"wp:featuredmedia":[{"embeddable":true,"href":"https:\/\/cipokellekek.hu\/en\/wp-json\/wp\/v2\/media\/351080"}],"wp:attachment":[{"href":"https:\/\/cipokellekek.hu\/en\/wp-json\/wp\/v2\/media?parent=334273"}],"wp:term":[{"taxonomy":"product_brand","embeddable":true,"href":"https:\/\/cipokellekek.hu\/en\/wp-json\/wp\/v2\/product_brand?post=334273"},{"taxonomy":"product_cat","embeddable":true,"href":"https:\/\/cipokellekek.hu\/en\/wp-json\/wp\/v2\/product_cat?post=334273"},{"taxonomy":"product_tag","embeddable":true,"href":"https:\/\/cipokellekek.hu\/en\/wp-json\/wp\/v2\/product_tag?post=334273"}],"curies":[{"name":"wp","href":"https:\/\/api.w.org\/{rel}","templated":true}]}}