{"id":332816,"date":"2023-09-11T16:29:24","date_gmt":"2023-09-11T14:29:24","guid":{"rendered":"https:\/\/dev.sysvol.hu\/belso\/termek\/sapkacsat-50027\/"},"modified":"2025-09-08T08:41:56","modified_gmt":"2025-09-08T06:41:56","slug":"sapkacsat-50027","status":"publish","type":"product","link":"https:\/\/cipokellekek.hu\/en\/uzlet\/csatok\/lemezcsatok\/sapkacsat-50027\/","title":{"rendered":"Sapkacsat (50027)"},"content":{"rendered":"<div class=\"note note-1\">Lemez csat baseball sapk\u00e1hoz. V\u00e1laszthat\u00f3 m\u00e9retek: 12-16-22 mm (p\u00e1ntsz\u00e9less\u00e9g)<\/div>\n<div class=\"note note-2\">A minim\u00e1lisan rendelhet\u0151 mennyis\u00e9g bizonyos sz\u00edn vagy m\u00e9ret eset\u00e9n, a gy\u00e1rt\u00e1si minimum figyelembev\u00e9tele miatt v\u00e1ltozhat.<\/div>\n<div class=\"note note-3\"><\/div>","protected":false},"excerpt":{"rendered":"<p>Lemez csat baseball sapk\u00e1hoz. V\u00e1laszthat\u00f3 m\u00e9retek: 12-16-22 mm (p\u00e1ntsz\u00e9less\u00e9g)<\/p>","protected":false},"featured_media":351063,"comment_status":"closed","ping_status":"closed","template":"","meta":{"_seopress_robots_primary_cat":"none","_seopress_titles_title":"Sapkacsat (50027)","_seopress_titles_desc":"Lemez csat baseball sapk\u00e1hoz. V\u00e1laszthat\u00f3 m\u00e9retek: 12-16-22 mm (p\u00e1ntsz\u00e9less\u00e9g)","_seopress_robots_index":""},"product_brand":[],"product_cat":[2102,2103],"product_tag":[2364],"class_list":{"0":"post-332816","1":"product","2":"type-product","3":"status-publish","4":"has-post-thumbnail","6":"product_cat-csatok","7":"product_cat-lemezcsatok","8":"product_tag-bordiszmu-es-ruhagyartas","9":"pa_meret-1899","10":"pa_meret-1901","11":"pa_meret-1904","12":"pa_szin-arany","13":"pa_szin-bronz-antik","14":"pa_szin-bronzex","15":"pa_szin-ezust-antik","16":"pa_szin-fekete-nikkel","17":"pa_szin-fenyes-sargarez","18":"pa_szin-festett-ral","19":"pa_szin-matt-nikkel","20":"pa_szin-nikkel","21":"pa_szin-nikkelmentes-fekete-nikkel","22":"pa_szin-nikkelmentes-fenyes-sargarez","23":"pa_szin-nikkelmentes-nikkel","24":"pa_szin-rozsaszin-arany","25":"pa_szin-sargarez-antik","27":"first","28":"instock","29":"purchasable","30":"product-type-variable"},"_links":{"self":[{"href":"https:\/\/cipokellekek.hu\/en\/wp-json\/wp\/v2\/product\/332816","targetHints":{"allow":["GET"]}}],"collection":[{"href":"https:\/\/cipokellekek.hu\/en\/wp-json\/wp\/v2\/product"}],"about":[{"href":"https:\/\/cipokellekek.hu\/en\/wp-json\/wp\/v2\/types\/product"}],"replies":[{"embeddable":true,"href":"https:\/\/cipokellekek.hu\/en\/wp-json\/wp\/v2\/comments?post=332816"}],"wp:featuredmedia":[{"embeddable":true,"href":"https:\/\/cipokellekek.hu\/en\/wp-json\/wp\/v2\/media\/351063"}],"wp:attachment":[{"href":"https:\/\/cipokellekek.hu\/en\/wp-json\/wp\/v2\/media?parent=332816"}],"wp:term":[{"taxonomy":"product_brand","embeddable":true,"href":"https:\/\/cipokellekek.hu\/en\/wp-json\/wp\/v2\/product_brand?post=332816"},{"taxonomy":"product_cat","embeddable":true,"href":"https:\/\/cipokellekek.hu\/en\/wp-json\/wp\/v2\/product_cat?post=332816"},{"taxonomy":"product_tag","embeddable":true,"href":"https:\/\/cipokellekek.hu\/en\/wp-json\/wp\/v2\/product_tag?post=332816"}],"curies":[{"name":"wp","href":"https:\/\/api.w.org\/{rel}","templated":true}]}}