{"id":332794,"date":"2023-09-11T16:29:24","date_gmt":"2023-09-11T14:29:24","guid":{"rendered":"https:\/\/dev.sysvol.hu\/belso\/termek\/heveder-csat-50259\/"},"modified":"2025-09-08T08:35:18","modified_gmt":"2025-09-08T06:35:18","slug":"heveder-csat-50259","status":"publish","type":"product","link":"https:\/\/cipokellekek.hu\/en\/uzlet\/csatok\/lemezcsatok\/heveder-csat-50259\/","title":{"rendered":"Heveder csat (50259)"},"content":{"rendered":"<div class=\"note note-1\">Heveder csat 30-40-50 mm sz\u00e9les katonai st\u00edlus\u00fa \u00f6vekhez.<\/div>\n<div class=\"note note-2\">A minim\u00e1lisan rendelhet\u0151 mennyis\u00e9g bizonyos sz\u00edn vagy m\u00e9ret eset\u00e9n, a gy\u00e1rt\u00e1si minimum figyelembev\u00e9tele miatt v\u00e1ltozhat.<\/div>\n<div class=\"note note-3\"><\/div>","protected":false},"excerpt":{"rendered":"<p>Heveder csat 30-40-50 mm sz\u00e9les katonai st\u00edlus\u00fa \u00f6vekhez.<\/p>","protected":false},"featured_media":351062,"comment_status":"closed","ping_status":"closed","template":"","meta":{"_seopress_robots_primary_cat":"none","_seopress_titles_title":"Heveder csat (50259)","_seopress_titles_desc":"","_seopress_robots_index":""},"product_brand":[],"product_cat":[2102,2103],"product_tag":[2364],"class_list":{"0":"post-332794","1":"product","2":"type-product","3":"status-publish","4":"has-post-thumbnail","6":"product_cat-csatok","7":"product_cat-lemezcsatok","8":"product_tag-bordiszmu-es-ruhagyartas","9":"pa_meret-1870","10":"pa_meret-1871","11":"pa_meret-1872","12":"pa_szin-bronz-antik","13":"pa_szin-ezust-antik","14":"pa_szin-fekete-nikkel","15":"pa_szin-fenyes-sargarez","16":"pa_szin-nikkel","17":"pa_szin-nikkelmentes-nikkel","18":"pa_szin-sargarez-antik","20":"first","21":"instock","22":"purchasable","23":"product-type-variable"},"_links":{"self":[{"href":"https:\/\/cipokellekek.hu\/en\/wp-json\/wp\/v2\/product\/332794","targetHints":{"allow":["GET"]}}],"collection":[{"href":"https:\/\/cipokellekek.hu\/en\/wp-json\/wp\/v2\/product"}],"about":[{"href":"https:\/\/cipokellekek.hu\/en\/wp-json\/wp\/v2\/types\/product"}],"replies":[{"embeddable":true,"href":"https:\/\/cipokellekek.hu\/en\/wp-json\/wp\/v2\/comments?post=332794"}],"wp:featuredmedia":[{"embeddable":true,"href":"https:\/\/cipokellekek.hu\/en\/wp-json\/wp\/v2\/media\/351062"}],"wp:attachment":[{"href":"https:\/\/cipokellekek.hu\/en\/wp-json\/wp\/v2\/media?parent=332794"}],"wp:term":[{"taxonomy":"product_brand","embeddable":true,"href":"https:\/\/cipokellekek.hu\/en\/wp-json\/wp\/v2\/product_brand?post=332794"},{"taxonomy":"product_cat","embeddable":true,"href":"https:\/\/cipokellekek.hu\/en\/wp-json\/wp\/v2\/product_cat?post=332794"},{"taxonomy":"product_tag","embeddable":true,"href":"https:\/\/cipokellekek.hu\/en\/wp-json\/wp\/v2\/product_tag?post=332794"}],"curies":[{"name":"wp","href":"https:\/\/api.w.org\/{rel}","templated":true}]}}