{"id":332784,"date":"2023-09-11T16:29:24","date_gmt":"2023-09-11T14:29:24","guid":{"rendered":"https:\/\/dev.sysvol.hu\/belso\/termek\/cipocsat-50098kcp30\/"},"modified":"2025-11-18T14:04:53","modified_gmt":"2025-11-18T12:04:53","slug":"cipocsat-50098kcp30","status":"publish","type":"product","link":"https:\/\/cipokellekek.hu\/en\/uzlet\/csatok\/lemezcsatok\/cipocsat-50098kcp30\/","title":{"rendered":"Cip\u0151csat (50098KCP30)"},"content":{"rendered":"<div>A minim\u00e1lisan rendelhet\u0151 mennyis\u00e9g bizonyos sz\u00edn vagy m\u00e9ret eset\u00e9n, a gy\u00e1rt\u00e1si minimum figyelembev\u00e9tele miatt v\u00e1ltozhat.<\/div>\n<div class=\"note note-2\"><\/div>\n<div class=\"note note-3\"><\/div>","protected":false},"excerpt":{"rendered":"<p>A csat t\u00f6k\u00e9letes v\u00e1laszt\u00e1s gyerekcip\u0151kre, divat \u00e9s gy\u00f3gypapucsokra egyar\u00e1nt. K\u00f6z\u00e9pen az <a href=\"https:\/\/cipokellekek.hu\/en\/uzlet\/szegecsek\/dupla-szegecsek\/csat-rogzito-szegecs-50227\/\">50227<\/a> cikksz\u00e1m\u00fa szegeccsel r\u00f6gz\u00edthet\u0151. Bels\u0151 sz\u00e9less\u00e9ge 30 mm.<\/p>","protected":false},"featured_media":351060,"comment_status":"closed","ping_status":"closed","template":"","meta":{"_seopress_robots_primary_cat":"none","_seopress_titles_title":"Cip\u0151csat (50098KCP30)","_seopress_titles_desc":"A csat t\u00f6k\u00e9letes v\u00e1laszt\u00e1s gyerekcip\u0151kre, divat \u00e9s gy\u00f3gypapucsokra egyar\u00e1nt. K\u00f6z\u00e9pen az 50227 cikksz\u00e1m\u00fa f\u0171z\u0151szemmel r\u00f6gz\u00edthet\u0151. Bels\u0151 sz\u00e9less\u00e9ge 30 mm.\u00a0","_seopress_robots_index":""},"product_brand":[],"product_cat":[2102,2103],"product_tag":[2363],"class_list":{"0":"post-332784","1":"product","2":"type-product","3":"status-publish","4":"has-post-thumbnail","6":"product_cat-csatok","7":"product_cat-lemezcsatok","8":"product_tag-cipogyartas-es-cipojavitas","9":"pa_szin-nikkel","10":"pa_szin-sargarez-antik","12":"first","13":"instock","14":"purchasable","15":"product-type-variable"},"_links":{"self":[{"href":"https:\/\/cipokellekek.hu\/en\/wp-json\/wp\/v2\/product\/332784","targetHints":{"allow":["GET"]}}],"collection":[{"href":"https:\/\/cipokellekek.hu\/en\/wp-json\/wp\/v2\/product"}],"about":[{"href":"https:\/\/cipokellekek.hu\/en\/wp-json\/wp\/v2\/types\/product"}],"replies":[{"embeddable":true,"href":"https:\/\/cipokellekek.hu\/en\/wp-json\/wp\/v2\/comments?post=332784"}],"wp:featuredmedia":[{"embeddable":true,"href":"https:\/\/cipokellekek.hu\/en\/wp-json\/wp\/v2\/media\/351060"}],"wp:attachment":[{"href":"https:\/\/cipokellekek.hu\/en\/wp-json\/wp\/v2\/media?parent=332784"}],"wp:term":[{"taxonomy":"product_brand","embeddable":true,"href":"https:\/\/cipokellekek.hu\/en\/wp-json\/wp\/v2\/product_brand?post=332784"},{"taxonomy":"product_cat","embeddable":true,"href":"https:\/\/cipokellekek.hu\/en\/wp-json\/wp\/v2\/product_cat?post=332784"},{"taxonomy":"product_tag","embeddable":true,"href":"https:\/\/cipokellekek.hu\/en\/wp-json\/wp\/v2\/product_tag?post=332784"}],"curies":[{"name":"wp","href":"https:\/\/api.w.org\/{rel}","templated":true}]}}