{"id":332783,"date":"2023-09-11T16:29:24","date_gmt":"2023-09-11T14:29:24","guid":{"rendered":"https:\/\/dev.sysvol.hu\/belso\/termek\/noi-ovcsat-se-22722\/"},"modified":"2025-09-06T19:36:55","modified_gmt":"2025-09-06T17:36:55","slug":"noi-ovcsat-se-22722","status":"publish","type":"product","link":"https:\/\/cipokellekek.hu\/en\/uzlet\/csatok\/lemezcsatok\/noi-ovcsat-se-22722\/","title":{"rendered":"N\u0151i \u00f6vcsat (SE-22722)"},"content":{"rendered":"<div class=\"note note-1\">Nikkel sz\u00edn\u0171 \u00f6sszeakaszthat\u00f3 \u00f6vcsat lemezb\u0151l, gumi p\u00e1ntos \u00f6vekhez.<\/div>\n<div class=\"note note-2\"><\/div>\n<div class=\"note note-3\"><\/div>","protected":false},"excerpt":{"rendered":"<p>Nikkel sz\u00edn\u0171 \u00f6sszeakaszthat\u00f3 \u00f6vcsat lemezb\u0151l, gumi p\u00e1ntos \u00f6vekhez.<\/p>","protected":false},"featured_media":351059,"comment_status":"closed","ping_status":"closed","template":"","meta":{"_seopress_robots_primary_cat":"none","_seopress_titles_title":"N\u0151i \u00f6vcsat (SE-22722)","_seopress_titles_desc":"","_seopress_robots_index":""},"product_brand":[],"product_cat":[2102,2103],"product_tag":[2364],"class_list":{"0":"post-332783","1":"product","2":"type-product","3":"status-publish","4":"has-post-thumbnail","6":"product_cat-csatok","7":"product_cat-lemezcsatok","8":"product_tag-bordiszmu-es-ruhagyartas","10":"first","11":"instock","12":"purchasable","13":"product-type-simple"},"_links":{"self":[{"href":"https:\/\/cipokellekek.hu\/en\/wp-json\/wp\/v2\/product\/332783","targetHints":{"allow":["GET"]}}],"collection":[{"href":"https:\/\/cipokellekek.hu\/en\/wp-json\/wp\/v2\/product"}],"about":[{"href":"https:\/\/cipokellekek.hu\/en\/wp-json\/wp\/v2\/types\/product"}],"replies":[{"embeddable":true,"href":"https:\/\/cipokellekek.hu\/en\/wp-json\/wp\/v2\/comments?post=332783"}],"wp:featuredmedia":[{"embeddable":true,"href":"https:\/\/cipokellekek.hu\/en\/wp-json\/wp\/v2\/media\/351059"}],"wp:attachment":[{"href":"https:\/\/cipokellekek.hu\/en\/wp-json\/wp\/v2\/media?parent=332783"}],"wp:term":[{"taxonomy":"product_brand","embeddable":true,"href":"https:\/\/cipokellekek.hu\/en\/wp-json\/wp\/v2\/product_brand?post=332783"},{"taxonomy":"product_cat","embeddable":true,"href":"https:\/\/cipokellekek.hu\/en\/wp-json\/wp\/v2\/product_cat?post=332783"},{"taxonomy":"product_tag","embeddable":true,"href":"https:\/\/cipokellekek.hu\/en\/wp-json\/wp\/v2\/product_tag?post=332783"}],"curies":[{"name":"wp","href":"https:\/\/api.w.org\/{rel}","templated":true}]}}