{"id":332656,"date":"2023-09-11T16:27:37","date_gmt":"2023-09-11T14:27:37","guid":{"rendered":"https:\/\/dev.sysvol.hu\/belso\/termek\/szogletes-lemezcsat-p-287\/"},"modified":"2025-11-04T12:47:22","modified_gmt":"2025-11-04T10:47:22","slug":"szogletes-lemezcsat-p-287","status":"publish","type":"product","link":"https:\/\/cipokellekek.hu\/en\/uzlet\/csatok\/lemezcsatok\/szogletes-lemezcsat-p-287\/","title":{"rendered":"Sz\u00f6gletes lemezcsat (P-287)"},"content":{"rendered":"<div class=\"note note-1\">A csat t\u00f6k\u00e9letes v\u00e1laszt\u00e1s gyerekcip\u0151kre, divat \u00e9s gy\u00f3gypapucsokra egyar\u00e1nt.<\/div>\n<div class=\"note note-2\">A minim\u00e1lisan rendelhet\u0151 mennyis\u00e9g bizonyos sz\u00edn vagy m\u00e9ret eset\u00e9n, a gy\u00e1rt\u00e1si minimum figyelembev\u00e9tele miatt v\u00e1ltozhat.<\/div>\n<div class=\"note note-3\"><\/div>","protected":false},"excerpt":{"rendered":"<p>A csat t\u00f6k\u00e9letes v\u00e1laszt\u00e1s gyerekcip\u0151kre, divat \u00e9s gy\u00f3gypapucsokra egyar\u00e1nt.<\/p>","protected":false},"featured_media":351058,"comment_status":"closed","ping_status":"closed","template":"","meta":{"_seopress_robots_primary_cat":"none","_seopress_titles_title":"Sz\u00f6gletes lemezcsat (P-287)","_seopress_titles_desc":"","_seopress_robots_index":""},"product_brand":[],"product_cat":[2102,2103],"product_tag":[2363],"class_list":{"0":"post-332656","1":"product","2":"type-product","3":"status-publish","4":"has-post-thumbnail","6":"product_cat-csatok","7":"product_cat-lemezcsatok","8":"product_tag-cipogyartas-es-cipojavitas","9":"pa_meret-1899","10":"pa_meret-1900","11":"pa_meret-1901","12":"pa_meret-1902","13":"pa_meret-1903","14":"pa_meret-1904","15":"pa_meret-1906","16":"pa_meret-1870","17":"pa_meret-1909","18":"pa_szin-arany","19":"pa_szin-bronz-antik","20":"pa_szin-bronzex","21":"pa_szin-ezust-antik","22":"pa_szin-fekete-nikkel","23":"pa_szin-fenyes-sargarez","24":"pa_szin-festett-ral","25":"pa_szin-matt-nikkel","26":"pa_szin-nikkel","27":"pa_szin-nikkelmentes-fekete-nikkel","28":"pa_szin-nikkelmentes-fenyes-sargarez","29":"pa_szin-nikkelmentes-nikkel","30":"pa_szin-rozsaszin-arany","31":"pa_szin-sargarez-antik","33":"first","34":"instock","35":"featured","36":"purchasable","37":"product-type-variable"},"_links":{"self":[{"href":"https:\/\/cipokellekek.hu\/en\/wp-json\/wp\/v2\/product\/332656","targetHints":{"allow":["GET"]}}],"collection":[{"href":"https:\/\/cipokellekek.hu\/en\/wp-json\/wp\/v2\/product"}],"about":[{"href":"https:\/\/cipokellekek.hu\/en\/wp-json\/wp\/v2\/types\/product"}],"replies":[{"embeddable":true,"href":"https:\/\/cipokellekek.hu\/en\/wp-json\/wp\/v2\/comments?post=332656"}],"wp:featuredmedia":[{"embeddable":true,"href":"https:\/\/cipokellekek.hu\/en\/wp-json\/wp\/v2\/media\/351058"}],"wp:attachment":[{"href":"https:\/\/cipokellekek.hu\/en\/wp-json\/wp\/v2\/media?parent=332656"}],"wp:term":[{"taxonomy":"product_brand","embeddable":true,"href":"https:\/\/cipokellekek.hu\/en\/wp-json\/wp\/v2\/product_brand?post=332656"},{"taxonomy":"product_cat","embeddable":true,"href":"https:\/\/cipokellekek.hu\/en\/wp-json\/wp\/v2\/product_cat?post=332656"},{"taxonomy":"product_tag","embeddable":true,"href":"https:\/\/cipokellekek.hu\/en\/wp-json\/wp\/v2\/product_tag?post=332656"}],"curies":[{"name":"wp","href":"https:\/\/api.w.org\/{rel}","templated":true}]}}