{"id":331979,"date":"2023-09-11T16:27:37","date_gmt":"2023-09-11T14:27:37","guid":{"rendered":"https:\/\/dev.sysvol.hu\/belso\/termek\/ovalis-lemezcsat-rogzito-lemezzel-p266cp\/"},"modified":"2025-09-08T08:44:50","modified_gmt":"2025-09-08T06:44:50","slug":"ovalis-lemezcsat-rogzito-lemezzel-p266cp","status":"publish","type":"product","link":"https:\/\/cipokellekek.hu\/en\/uzlet\/csatok\/lemezcsatok\/ovalis-lemezcsat-rogzito-lemezzel-p266cp\/","title":{"rendered":"Ov\u00e1lis lemezcsat r\u00f6gz\u00edt\u0151 lemezzel (P266CP)"},"content":{"rendered":"<div class=\"note note-1\">A csat t\u00f6k\u00e9letes v\u00e1laszt\u00e1s gyerekcip\u0151kre, divat \u00e9s gy\u00f3gypapucsokra egyar\u00e1nt.<\/div>\n<div class=\"note note-2\">A minim\u00e1lisan rendelhet\u0151 mennyis\u00e9g bizonyos sz\u00edn vagy m\u00e9ret eset\u00e9n, a gy\u00e1rt\u00e1si minimum figyelembev\u00e9tele miatt v\u00e1ltozhat.<\/div>\n<div class=\"note note-3\"><\/div>","protected":false},"excerpt":{"rendered":"<p>A csat t\u00f6k\u00e9letes v\u00e1laszt\u00e1s gyerekcip\u0151kre, divat \u00e9s gy\u00f3gypapucsokra egyar\u00e1nt.<\/p>","protected":false},"featured_media":351053,"comment_status":"closed","ping_status":"closed","template":"","meta":{"_seopress_robots_primary_cat":"none","_seopress_titles_title":"Ov\u00e1lis lemezcsat r\u00f6gz\u00edt\u0151 lemezzel (P266CP)","_seopress_titles_desc":"","_seopress_robots_index":""},"product_brand":[],"product_cat":[2102,2103],"product_tag":[2363],"class_list":{"0":"post-331979","1":"product","2":"type-product","3":"status-publish","4":"has-post-thumbnail","6":"product_cat-csatok","7":"product_cat-lemezcsatok","8":"product_tag-cipogyartas-es-cipojavitas","9":"pa_meret-2101","10":"pa_meret-1898","11":"pa_meret-1899","12":"pa_meret-1900","13":"pa_meret-1901","14":"pa_meret-1902","15":"pa_meret-1903","16":"pa_meret-1904","17":"pa_meret-1906","18":"pa_meret-1870","19":"pa_szin-arany","20":"pa_szin-bronz-antik","21":"pa_szin-bronzex","22":"pa_szin-ezust-antik","23":"pa_szin-fekete-nikkel","24":"pa_szin-fenyes-sargarez","25":"pa_szin-festett-ral","26":"pa_szin-matt-nikkel","27":"pa_szin-nikkel","28":"pa_szin-nikkelmentes-fekete-nikkel","29":"pa_szin-nikkelmentes-fenyes-sargarez","30":"pa_szin-nikkelmentes-nikkel","31":"pa_szin-rozsaszin-arany","32":"pa_szin-sargarez-antik","34":"first","35":"instock","36":"purchasable","37":"product-type-variable"},"_links":{"self":[{"href":"https:\/\/cipokellekek.hu\/en\/wp-json\/wp\/v2\/product\/331979","targetHints":{"allow":["GET"]}}],"collection":[{"href":"https:\/\/cipokellekek.hu\/en\/wp-json\/wp\/v2\/product"}],"about":[{"href":"https:\/\/cipokellekek.hu\/en\/wp-json\/wp\/v2\/types\/product"}],"replies":[{"embeddable":true,"href":"https:\/\/cipokellekek.hu\/en\/wp-json\/wp\/v2\/comments?post=331979"}],"wp:featuredmedia":[{"embeddable":true,"href":"https:\/\/cipokellekek.hu\/en\/wp-json\/wp\/v2\/media\/351053"}],"wp:attachment":[{"href":"https:\/\/cipokellekek.hu\/en\/wp-json\/wp\/v2\/media?parent=331979"}],"wp:term":[{"taxonomy":"product_brand","embeddable":true,"href":"https:\/\/cipokellekek.hu\/en\/wp-json\/wp\/v2\/product_brand?post=331979"},{"taxonomy":"product_cat","embeddable":true,"href":"https:\/\/cipokellekek.hu\/en\/wp-json\/wp\/v2\/product_cat?post=331979"},{"taxonomy":"product_tag","embeddable":true,"href":"https:\/\/cipokellekek.hu\/en\/wp-json\/wp\/v2\/product_tag?post=331979"}],"curies":[{"name":"wp","href":"https:\/\/api.w.org\/{rel}","templated":true}]}}