{"id":331966,"date":"2023-09-11T16:27:37","date_gmt":"2023-09-11T14:27:37","guid":{"rendered":"https:\/\/dev.sysvol.hu\/belso\/termek\/yeti-barany-gyapju-talpbetet-mo080\/"},"modified":"2025-10-21T10:41:59","modified_gmt":"2025-10-21T08:41:59","slug":"yeti-barany-gyapju-talpbetet-mo080","status":"publish","type":"product","link":"https:\/\/cipokellekek.hu\/en\/uzlet\/cipoapolasi-kellekek\/talpbetetek\/yeti-barany-gyapju-talpbetet-mo080\/","title":{"rendered":"YETI B\u00e1r\u00e1ny gyapj\u00fa talpbet\u00e9t (MO080)"},"content":{"rendered":"<div class=\"note note-1\">B\u00e1r\u00e1nygyapj\u00fa talpbet\u00e9t, cs\u00fasz\u00e1smentes latex als\u00f3 r\u00e9sszel.<\/div>\n<div class=\"note note-2\"><\/div>\n<div class=\"note note-3\"><\/div>","protected":false},"excerpt":{"rendered":"<p>B\u00e1r\u00e1nygyapj\u00fa talpbet\u00e9t, cs\u00fasz\u00e1smentes latex als\u00f3 r\u00e9sszel.<\/p>","protected":false},"featured_media":351052,"comment_status":"closed","ping_status":"closed","template":"","meta":{"_seopress_robots_primary_cat":"none","_seopress_titles_title":"","_seopress_titles_desc":"","_seopress_robots_index":""},"product_brand":[],"product_cat":[1928,1968],"product_tag":[2365],"class_list":{"0":"post-331966","1":"product","2":"type-product","3":"status-publish","4":"has-post-thumbnail","6":"product_cat-cipoapolasi-kellekek","7":"product_cat-talpbetetek","8":"product_tag-cipo-es-labapolas","9":"pa_meret-1909","10":"pa_meret-2056","11":"pa_meret-2057","12":"pa_meret-2058","13":"pa_meret-2059","14":"pa_meret-1871","15":"pa_meret-2060","16":"pa_meret-2061","17":"pa_meret-2062","18":"pa_meret-2063","19":"pa_meret-1988","20":"pa_meret-2098","22":"first","23":"instock","24":"purchasable","25":"product-type-variable"},"_links":{"self":[{"href":"https:\/\/cipokellekek.hu\/en\/wp-json\/wp\/v2\/product\/331966","targetHints":{"allow":["GET"]}}],"collection":[{"href":"https:\/\/cipokellekek.hu\/en\/wp-json\/wp\/v2\/product"}],"about":[{"href":"https:\/\/cipokellekek.hu\/en\/wp-json\/wp\/v2\/types\/product"}],"replies":[{"embeddable":true,"href":"https:\/\/cipokellekek.hu\/en\/wp-json\/wp\/v2\/comments?post=331966"}],"wp:featuredmedia":[{"embeddable":true,"href":"https:\/\/cipokellekek.hu\/en\/wp-json\/wp\/v2\/media\/351052"}],"wp:attachment":[{"href":"https:\/\/cipokellekek.hu\/en\/wp-json\/wp\/v2\/media?parent=331966"}],"wp:term":[{"taxonomy":"product_brand","embeddable":true,"href":"https:\/\/cipokellekek.hu\/en\/wp-json\/wp\/v2\/product_brand?post=331966"},{"taxonomy":"product_cat","embeddable":true,"href":"https:\/\/cipokellekek.hu\/en\/wp-json\/wp\/v2\/product_cat?post=331966"},{"taxonomy":"product_tag","embeddable":true,"href":"https:\/\/cipokellekek.hu\/en\/wp-json\/wp\/v2\/product_tag?post=331966"}],"curies":[{"name":"wp","href":"https:\/\/api.w.org\/{rel}","templated":true}]}}