{"id":331948,"date":"2023-09-11T16:27:37","date_gmt":"2023-09-11T14:27:37","guid":{"rendered":"https:\/\/dev.sysvol.hu\/belso\/termek\/talosoft-bor-sarokparna-mo073\/"},"modified":"2025-10-25T15:35:05","modified_gmt":"2025-10-25T13:35:05","slug":"talosoft-bor-sarokparna-mo073","status":"publish","type":"product","link":"https:\/\/cipokellekek.hu\/en\/uzlet\/cipoapolasi-kellekek\/talpbetetek\/talosoft-bor-sarokparna-mo073\/","title":{"rendered":"Talosoft b\u0151r sarokp\u00e1rna (MO073)"},"content":{"rendered":"<div class=\"note note-1\">Puha, val\u00f3di b\u0151r sarokp\u00e1rna. K\u00e9nyelmess\u00e9 teszi a l\u00e9p\u00e9st, kiss\u00e9 emeli a sarkat, kellemes viseletet biztos\u00edt. S: 35-37, M: 38-40, L: 41-43. XL: 44-45<\/div>\n<div class=\"note note-2\"><\/div>\n<div class=\"note note-3\"><\/div>","protected":false},"excerpt":{"rendered":"<p>Puha, val\u00f3di b\u0151r sarokp\u00e1rna. K\u00e9nyelmess\u00e9 teszi a l\u00e9p\u00e9st, kiss\u00e9 emeli a sarkat, kellemes viseletet biztos\u00edt. S: 35-37, M: 38-40, L: 41-43. XL: 44-45<\/p>","protected":false},"featured_media":351050,"comment_status":"closed","ping_status":"closed","template":"","meta":{"_seopress_robots_primary_cat":"none","_seopress_titles_title":"Talosoft b\u0151r sarokp\u00e1rna (MO073)","_seopress_titles_desc":"","_seopress_robots_index":""},"product_brand":[],"product_cat":[1928,1968],"product_tag":[2365],"class_list":{"0":"post-331948","1":"product","2":"type-product","3":"status-publish","4":"has-post-thumbnail","6":"product_cat-cipoapolasi-kellekek","7":"product_cat-talpbetetek","8":"product_tag-cipo-es-labapolas","9":"pa_meret-m","10":"pa_meret-s","11":"pa_meret-l","12":"pa_meret-xl","14":"first","15":"instock","16":"purchasable","17":"product-type-variable"},"_links":{"self":[{"href":"https:\/\/cipokellekek.hu\/en\/wp-json\/wp\/v2\/product\/331948","targetHints":{"allow":["GET"]}}],"collection":[{"href":"https:\/\/cipokellekek.hu\/en\/wp-json\/wp\/v2\/product"}],"about":[{"href":"https:\/\/cipokellekek.hu\/en\/wp-json\/wp\/v2\/types\/product"}],"replies":[{"embeddable":true,"href":"https:\/\/cipokellekek.hu\/en\/wp-json\/wp\/v2\/comments?post=331948"}],"wp:featuredmedia":[{"embeddable":true,"href":"https:\/\/cipokellekek.hu\/en\/wp-json\/wp\/v2\/media\/351050"}],"wp:attachment":[{"href":"https:\/\/cipokellekek.hu\/en\/wp-json\/wp\/v2\/media?parent=331948"}],"wp:term":[{"taxonomy":"product_brand","embeddable":true,"href":"https:\/\/cipokellekek.hu\/en\/wp-json\/wp\/v2\/product_brand?post=331948"},{"taxonomy":"product_cat","embeddable":true,"href":"https:\/\/cipokellekek.hu\/en\/wp-json\/wp\/v2\/product_cat?post=331948"},{"taxonomy":"product_tag","embeddable":true,"href":"https:\/\/cipokellekek.hu\/en\/wp-json\/wp\/v2\/product_tag?post=331948"}],"curies":[{"name":"wp","href":"https:\/\/api.w.org\/{rel}","templated":true}]}}