{"id":331930,"date":"2023-09-11T16:27:22","date_gmt":"2023-09-11T14:27:22","guid":{"rendered":"https:\/\/dev.sysvol.hu\/belso\/termek\/summer-nyari-pamut-talpbetet-mo076\/"},"modified":"2025-10-25T16:20:05","modified_gmt":"2025-10-25T14:20:05","slug":"summer-nyari-pamut-talpbetet-mo076","status":"publish","type":"product","link":"https:\/\/cipokellekek.hu\/en\/uzlet\/cipoapolasi-kellekek\/talpbetetek\/summer-nyari-pamut-talpbetet-mo076\/","title":{"rendered":"Summer ny\u00e1ri pamut talpbet\u00e9t (MO076)"},"content":{"rendered":"<div class=\"note note-1\">Ny\u00e1ri, puha pamut talpbet\u00e9t, latex habbal. Moshat\u00f3, izzad\u00e1sg\u00e1tl\u00f3.<\/div>\n<div class=\"note note-2\"><\/div>\n<div class=\"note note-3\"><\/div>","protected":false},"excerpt":{"rendered":"<p>Ny\u00e1ri, puha pamut talpbet\u00e9t, latex habbal. Moshat\u00f3, izzad\u00e1sg\u00e1tl\u00f3.<\/p>","protected":false},"featured_media":351048,"comment_status":"closed","ping_status":"closed","template":"","meta":{"_seopress_robots_primary_cat":"none","_seopress_titles_title":"Summer ny\u00e1ri pamut talpbet\u00e9t (MO076)","_seopress_titles_desc":"Ny\u00e1ri, puha pamut talpbet\u00e9t, latex habbal. Moshat\u00f3, izzad\u00e1sg\u00e1tl\u00f3.","_seopress_robots_index":""},"product_brand":[],"product_cat":[1928,1968],"product_tag":[2365],"class_list":{"0":"post-331930","1":"product","2":"type-product","3":"status-publish","4":"has-post-thumbnail","6":"product_cat-cipoapolasi-kellekek","7":"product_cat-talpbetetek","8":"product_tag-cipo-es-labapolas","9":"pa_meret-1909","10":"pa_meret-2056","11":"pa_meret-2057","12":"pa_meret-2058","13":"pa_meret-2059","14":"pa_meret-1871","15":"pa_meret-2060","16":"pa_meret-2061","17":"pa_meret-2062","18":"pa_meret-2063","19":"pa_meret-1988","20":"pa_meret-2064","22":"first","23":"instock","24":"purchasable","25":"product-type-variable"},"_links":{"self":[{"href":"https:\/\/cipokellekek.hu\/en\/wp-json\/wp\/v2\/product\/331930","targetHints":{"allow":["GET"]}}],"collection":[{"href":"https:\/\/cipokellekek.hu\/en\/wp-json\/wp\/v2\/product"}],"about":[{"href":"https:\/\/cipokellekek.hu\/en\/wp-json\/wp\/v2\/types\/product"}],"replies":[{"embeddable":true,"href":"https:\/\/cipokellekek.hu\/en\/wp-json\/wp\/v2\/comments?post=331930"}],"wp:featuredmedia":[{"embeddable":true,"href":"https:\/\/cipokellekek.hu\/en\/wp-json\/wp\/v2\/media\/351048"}],"wp:attachment":[{"href":"https:\/\/cipokellekek.hu\/en\/wp-json\/wp\/v2\/media?parent=331930"}],"wp:term":[{"taxonomy":"product_brand","embeddable":true,"href":"https:\/\/cipokellekek.hu\/en\/wp-json\/wp\/v2\/product_brand?post=331930"},{"taxonomy":"product_cat","embeddable":true,"href":"https:\/\/cipokellekek.hu\/en\/wp-json\/wp\/v2\/product_cat?post=331930"},{"taxonomy":"product_tag","embeddable":true,"href":"https:\/\/cipokellekek.hu\/en\/wp-json\/wp\/v2\/product_tag?post=331930"}],"curies":[{"name":"wp","href":"https:\/\/api.w.org\/{rel}","templated":true}]}}