{"id":331917,"date":"2023-09-11T16:27:22","date_gmt":"2023-09-11T14:27:22","guid":{"rendered":"https:\/\/dev.sysvol.hu\/belso\/termek\/sport-anatomiai-talpbetet-mo060\/"},"modified":"2025-10-25T16:23:13","modified_gmt":"2025-10-25T14:23:13","slug":"sport-anatomiai-talpbetet-mo060","status":"publish","type":"product","link":"https:\/\/cipokellekek.hu\/en\/uzlet\/cipoapolasi-kellekek\/talpbetetek\/sport-anatomiai-talpbetet-mo060\/","title":{"rendered":"Sport anat\u00f3miai talpbet\u00e9t (MO060)"},"content":{"rendered":"<div class=\"note note-1\">Talpbet\u00e9t er\u0151s\u00edtett sarok-, har\u00e1nt- \u00e9s l\u00fadtalp al\u00e1t\u00e1maszt\u00e1ssal. Anat\u00f3miai kik\u00e9pz\u00e9s\u0171, l\u00e9p\u00e9stomp\u00edt\u00f3, l\u00e9g\u00e1tereszt\u0151 \u00e9s izzad\u00e1sg\u00e1tl\u00f3 term\u00e9k. Haszn\u00e1lata els\u0151sorban sportol\u00e1shoz \u00e9s szabadid\u0151s tev\u00e9kenys\u00e9gekhez javasolt.<\/div>\n<div class=\"note note-2\"><\/div>\n<div class=\"note note-3\"><\/div>","protected":false},"excerpt":{"rendered":"<p>Talpbet\u00e9t er\u0151s\u00edtett sarok-, har\u00e1nt- \u00e9s l\u00fadtalp al\u00e1t\u00e1maszt\u00e1ssal. Anat\u00f3miai kik\u00e9pz\u00e9s\u0171, l\u00e9p\u00e9stomp\u00edt\u00f3, l\u00e9g\u00e1tereszt\u0151 \u00e9s izzad\u00e1sg\u00e1tl\u00f3 term\u00e9k. Haszn\u00e1lata els\u0151sorban sportol\u00e1shoz \u00e9s szabadid\u0151s tev\u00e9kenys\u00e9gekhez javasolt.<\/p>","protected":false},"featured_media":351047,"comment_status":"closed","ping_status":"closed","template":"","meta":{"_seopress_robots_primary_cat":"none","_seopress_titles_title":"Sport anat\u00f3miai talpbet\u00e9t (MO060)","_seopress_titles_desc":"Talpbet\u00e9t er\u0151s\u00edtett sarok-, har\u00e1nt- \u00e9s l\u00fadtalp al\u00e1t\u00e1maszt\u00e1ssal. Anat\u00f3miai kik\u00e9pz\u00e9s\u0171, l\u00e9p\u00e9stomp\u00edt\u00f3, l\u00e9g\u00e1tereszt\u0151 \u00e9s izzad\u00e1sg\u00e1tl\u00f3 term\u00e9k. Sportol\u00e1shoz \u00e9s szabadid\u0151s tev\u00e9kenys\u00e9gekhez javasolt.","_seopress_robots_index":""},"product_brand":[],"product_cat":[1928,1968],"product_tag":[2365],"class_list":{"0":"post-331917","1":"product","2":"type-product","3":"status-publish","4":"has-post-thumbnail","6":"product_cat-cipoapolasi-kellekek","7":"product_cat-talpbetetek","8":"product_tag-cipo-es-labapolas","9":"pa_meret-1909","10":"pa_meret-2056","11":"pa_meret-2057","12":"pa_meret-2058","13":"pa_meret-2059","14":"pa_meret-1871","15":"pa_meret-2060","16":"pa_meret-2061","17":"pa_meret-2062","18":"pa_meret-2063","19":"pa_meret-1988","20":"pa_meret-2064","22":"first","23":"instock","24":"purchasable","25":"product-type-variable"},"_links":{"self":[{"href":"https:\/\/cipokellekek.hu\/en\/wp-json\/wp\/v2\/product\/331917","targetHints":{"allow":["GET"]}}],"collection":[{"href":"https:\/\/cipokellekek.hu\/en\/wp-json\/wp\/v2\/product"}],"about":[{"href":"https:\/\/cipokellekek.hu\/en\/wp-json\/wp\/v2\/types\/product"}],"replies":[{"embeddable":true,"href":"https:\/\/cipokellekek.hu\/en\/wp-json\/wp\/v2\/comments?post=331917"}],"wp:featuredmedia":[{"embeddable":true,"href":"https:\/\/cipokellekek.hu\/en\/wp-json\/wp\/v2\/media\/351047"}],"wp:attachment":[{"href":"https:\/\/cipokellekek.hu\/en\/wp-json\/wp\/v2\/media?parent=331917"}],"wp:term":[{"taxonomy":"product_brand","embeddable":true,"href":"https:\/\/cipokellekek.hu\/en\/wp-json\/wp\/v2\/product_brand?post=331917"},{"taxonomy":"product_cat","embeddable":true,"href":"https:\/\/cipokellekek.hu\/en\/wp-json\/wp\/v2\/product_cat?post=331917"},{"taxonomy":"product_tag","embeddable":true,"href":"https:\/\/cipokellekek.hu\/en\/wp-json\/wp\/v2\/product_tag?post=331917"}],"curies":[{"name":"wp","href":"https:\/\/api.w.org\/{rel}","templated":true}]}}