{"id":331907,"date":"2023-09-11T16:27:22","date_gmt":"2023-09-11T14:27:22","guid":{"rendered":"https:\/\/dev.sysvol.hu\/belso\/termek\/softy-puha-bor-sarokemelo-mo059\/"},"modified":"2025-10-25T16:28:03","modified_gmt":"2025-10-25T14:28:03","slug":"softy-puha-bor-sarokemelo-mo059","status":"publish","type":"product","link":"https:\/\/cipokellekek.hu\/en\/uzlet\/cipoapolasi-kellekek\/talpbetetek\/softy-puha-bor-sarokemelo-mo059\/","title":{"rendered":"Softy puha, b\u0151r sarokemel\u0151 (MO059)"},"content":{"rendered":"<div class=\"note note-1\">M\u00e9retez\u00e9s: a 0,5-1-1,5-2-2,5-3 cm a sarokemel\u0151 magass\u00e1g\u00e1ra vonatkoznak, az S-M-L pedig a term\u00e9k \u00e1tm\u00e9r\u0151j\u00e9re, amely cip\u0151m\u00e9retek szerint S: 35-37, M: 38-40, L: 41-43.<\/div>\n<div class=\"note note-2\"><\/div>\n<div class=\"note note-3\"><\/div>","protected":false},"excerpt":{"rendered":"<p>M\u00e9retez\u00e9s: a 0,5-1-1,5-2-2,5-3 cm a sarokemel\u0151 magass\u00e1g\u00e1ra vonatkoznak, az S-M-L pedig a term\u00e9k \u00e1tm\u00e9r\u0151j\u00e9re, amely cip\u0151m\u00e9retek szerint S: 35-37, M: 38-40, L: 41-43.<\/p>","protected":false},"featured_media":351046,"comment_status":"closed","ping_status":"closed","template":"","meta":{"_seopress_robots_primary_cat":"none","_seopress_titles_title":"Softy puha, b\u0151r sarokemel\u0151 (MO059)","_seopress_titles_desc":"M\u00e9retez\u00e9s: a 0,5-1-1,5-2-2,5-3 cm a sarokemel\u0151 magass\u00e1g\u00e1ra vonatkoznak, az S-M-L pedig a term\u00e9k \u00e1tm\u00e9r\u0151j\u00e9re, amely cip\u0151m\u00e9retek szerint S: 35-37, M: 38-40, L: 41-43.","_seopress_robots_index":""},"product_brand":[],"product_cat":[1928,1968],"product_tag":[2365],"class_list":{"0":"post-331907","1":"product","2":"type-product","3":"status-publish","4":"has-post-thumbnail","6":"product_cat-cipoapolasi-kellekek","7":"product_cat-talpbetetek","8":"product_tag-cipo-es-labapolas","9":"pa_meret-m","10":"pa_meret-s","11":"pa_meret-l","13":"first","14":"instock","15":"purchasable","16":"product-type-variable"},"_links":{"self":[{"href":"https:\/\/cipokellekek.hu\/en\/wp-json\/wp\/v2\/product\/331907","targetHints":{"allow":["GET"]}}],"collection":[{"href":"https:\/\/cipokellekek.hu\/en\/wp-json\/wp\/v2\/product"}],"about":[{"href":"https:\/\/cipokellekek.hu\/en\/wp-json\/wp\/v2\/types\/product"}],"replies":[{"embeddable":true,"href":"https:\/\/cipokellekek.hu\/en\/wp-json\/wp\/v2\/comments?post=331907"}],"wp:featuredmedia":[{"embeddable":true,"href":"https:\/\/cipokellekek.hu\/en\/wp-json\/wp\/v2\/media\/351046"}],"wp:attachment":[{"href":"https:\/\/cipokellekek.hu\/en\/wp-json\/wp\/v2\/media?parent=331907"}],"wp:term":[{"taxonomy":"product_brand","embeddable":true,"href":"https:\/\/cipokellekek.hu\/en\/wp-json\/wp\/v2\/product_brand?post=331907"},{"taxonomy":"product_cat","embeddable":true,"href":"https:\/\/cipokellekek.hu\/en\/wp-json\/wp\/v2\/product_cat?post=331907"},{"taxonomy":"product_tag","embeddable":true,"href":"https:\/\/cipokellekek.hu\/en\/wp-json\/wp\/v2\/product_tag?post=331907"}],"curies":[{"name":"wp","href":"https:\/\/api.w.org\/{rel}","templated":true}]}}