{"id":331893,"date":"2023-09-11T16:27:22","date_gmt":"2023-09-11T14:27:22","guid":{"rendered":"https:\/\/dev.sysvol.hu\/belso\/termek\/prima-bor-taplbetetaktiv-szenszurovel-mo065\/"},"modified":"2025-10-25T16:31:32","modified_gmt":"2025-10-25T14:31:32","slug":"prima-bor-taplbetetaktiv-szenszurovel-mo065","status":"publish","type":"product","link":"https:\/\/cipokellekek.hu\/en\/uzlet\/cipoapolasi-kellekek\/talpbetetek\/prima-bor-taplbetetaktiv-szenszurovel-mo065\/","title":{"rendered":"Pr\u00edma b\u0151r taplbet\u00e9t, akt\u00edv sz\u00e9nsz\u0171r\u0151vel (MO065)"},"content":{"rendered":"<div class=\"note note-1\">Term\u00e9szetes b\u0151r talpbet\u00e9t, akt\u00edv sz\u00e9nsz\u0171r\u0151vel. L\u00e9g\u00e1tereszt\u0151, elnyeli a nedvess\u00e9get \u00e9s a kellemetlen szagokat, sz\u00e1razon tartja a l\u00e1bat.<\/div>\n<div class=\"note note-2\"><\/div>\n<div class=\"note note-3\"><\/div>","protected":false},"excerpt":{"rendered":"<p>Term\u00e9szetes b\u0151r talpbet\u00e9t, akt\u00edv sz\u00e9nsz\u0171r\u0151vel. L\u00e9g\u00e1tereszt\u0151, elnyeli a nedvess\u00e9get \u00e9s a kellemetlen szagokat, sz\u00e1razon tartja a l\u00e1bat.<\/p>","protected":false},"featured_media":351045,"comment_status":"closed","ping_status":"closed","template":"","meta":{"_seopress_robots_primary_cat":"none","_seopress_titles_title":"Pr\u00edma b\u0151r taplbet\u00e9t, akt\u00edv sz\u00e9nsz\u0171r\u0151vel (MO065)","_seopress_titles_desc":"Term\u00e9szetes b\u0151r talpbet\u00e9t, akt\u00edv sz\u00e9nsz\u0171r\u0151vel. L\u00e9g\u00e1tereszt\u0151, elnyeli a nedvess\u00e9get \u00e9s a kellemetlen szagokat, sz\u00e1razon tartja a l\u00e1bat.","_seopress_robots_index":""},"product_brand":[],"product_cat":[1928,1968],"product_tag":[2365],"class_list":{"0":"post-331893","1":"product","2":"type-product","3":"status-publish","4":"has-post-thumbnail","6":"product_cat-cipoapolasi-kellekek","7":"product_cat-talpbetetek","8":"product_tag-cipo-es-labapolas","9":"pa_meret-1909","10":"pa_meret-2056","11":"pa_meret-2057","12":"pa_meret-2058","13":"pa_meret-2059","14":"pa_meret-1871","15":"pa_meret-2060","16":"pa_meret-2061","17":"pa_meret-2062","18":"pa_meret-2063","19":"pa_meret-1988","20":"pa_meret-2064","21":"pa_meret-2098","23":"first","24":"instock","25":"purchasable","26":"product-type-variable"},"_links":{"self":[{"href":"https:\/\/cipokellekek.hu\/en\/wp-json\/wp\/v2\/product\/331893","targetHints":{"allow":["GET"]}}],"collection":[{"href":"https:\/\/cipokellekek.hu\/en\/wp-json\/wp\/v2\/product"}],"about":[{"href":"https:\/\/cipokellekek.hu\/en\/wp-json\/wp\/v2\/types\/product"}],"replies":[{"embeddable":true,"href":"https:\/\/cipokellekek.hu\/en\/wp-json\/wp\/v2\/comments?post=331893"}],"wp:featuredmedia":[{"embeddable":true,"href":"https:\/\/cipokellekek.hu\/en\/wp-json\/wp\/v2\/media\/351045"}],"wp:attachment":[{"href":"https:\/\/cipokellekek.hu\/en\/wp-json\/wp\/v2\/media?parent=331893"}],"wp:term":[{"taxonomy":"product_brand","embeddable":true,"href":"https:\/\/cipokellekek.hu\/en\/wp-json\/wp\/v2\/product_brand?post=331893"},{"taxonomy":"product_cat","embeddable":true,"href":"https:\/\/cipokellekek.hu\/en\/wp-json\/wp\/v2\/product_cat?post=331893"},{"taxonomy":"product_tag","embeddable":true,"href":"https:\/\/cipokellekek.hu\/en\/wp-json\/wp\/v2\/product_tag?post=331893"}],"curies":[{"name":"wp","href":"https:\/\/api.w.org\/{rel}","templated":true}]}}