{"id":331888,"date":"2023-09-11T16:27:22","date_gmt":"2023-09-11T14:27:22","guid":{"rendered":"https:\/\/dev.sysvol.hu\/belso\/termek\/ortosoft-sarokparna-mo075\/"},"modified":"2025-10-25T16:34:06","modified_gmt":"2025-10-25T14:34:06","slug":"ortosoft-sarokparna-mo075","status":"publish","type":"product","link":"https:\/\/cipokellekek.hu\/en\/uzlet\/cipoapolasi-kellekek\/talpbetetek\/ortosoft-sarokparna-mo075\/","title":{"rendered":"Ortosoft sarokp\u00e1rna (MO075)"},"content":{"rendered":"<div class=\"note note-1\">Nat\u00far b\u0151rrel bor\u00edtott sarokp\u00e1rna puha gumi als\u00f3 r\u00e9sszel, k\u00f6z\u00e9pen lyukkal a sarkanty\u00fa k\u00e9nyelm\u00e9\u00e9rt. \u00d6ntapad\u00f3. M\u00e9retek: S: 35-37, M: 38-40, L: 41-43.<\/div>\n<div class=\"note note-2\"><\/div>\n<div class=\"note note-3\"><\/div>","protected":false},"excerpt":{"rendered":"<p>Nat\u00far b\u0151rrel bor\u00edtott sarokp\u00e1rna puha gumi als\u00f3 r\u00e9sszel, k\u00f6z\u00e9pen lyukkal a sarkanty\u00fa k\u00e9nyelm\u00e9\u00e9rt. \u00d6ntapad\u00f3. M\u00e9retek: S: 35-37, M: 38-40, L: 41-43.<\/p>","protected":false},"featured_media":351044,"comment_status":"closed","ping_status":"closed","template":"","meta":{"_seopress_robots_primary_cat":"none","_seopress_titles_title":"Ortosoft sarokp\u00e1rna (MO075)","_seopress_titles_desc":"Nat\u00far b\u0151rrel bor\u00edtott sarokp\u00e1rna puha gumi als\u00f3 r\u00e9sszel, k\u00f6z\u00e9pen lyukkal a sarkanty\u00fa k\u00e9nyelm\u00e9\u00e9rt. \u00d6ntapad\u00f3. M\u00e9retek: S: 35-37, M: 38-40, L: 41-43.","_seopress_robots_index":""},"product_brand":[],"product_cat":[1928,1968],"product_tag":[2365],"class_list":{"0":"post-331888","1":"product","2":"type-product","3":"status-publish","4":"has-post-thumbnail","6":"product_cat-cipoapolasi-kellekek","7":"product_cat-talpbetetek","8":"product_tag-cipo-es-labapolas","9":"pa_meret-m","10":"pa_meret-s","11":"pa_meret-l","12":"pa_meret-xl","14":"first","15":"instock","16":"purchasable","17":"product-type-variable"},"_links":{"self":[{"href":"https:\/\/cipokellekek.hu\/en\/wp-json\/wp\/v2\/product\/331888","targetHints":{"allow":["GET"]}}],"collection":[{"href":"https:\/\/cipokellekek.hu\/en\/wp-json\/wp\/v2\/product"}],"about":[{"href":"https:\/\/cipokellekek.hu\/en\/wp-json\/wp\/v2\/types\/product"}],"replies":[{"embeddable":true,"href":"https:\/\/cipokellekek.hu\/en\/wp-json\/wp\/v2\/comments?post=331888"}],"wp:featuredmedia":[{"embeddable":true,"href":"https:\/\/cipokellekek.hu\/en\/wp-json\/wp\/v2\/media\/351044"}],"wp:attachment":[{"href":"https:\/\/cipokellekek.hu\/en\/wp-json\/wp\/v2\/media?parent=331888"}],"wp:term":[{"taxonomy":"product_brand","embeddable":true,"href":"https:\/\/cipokellekek.hu\/en\/wp-json\/wp\/v2\/product_brand?post=331888"},{"taxonomy":"product_cat","embeddable":true,"href":"https:\/\/cipokellekek.hu\/en\/wp-json\/wp\/v2\/product_cat?post=331888"},{"taxonomy":"product_tag","embeddable":true,"href":"https:\/\/cipokellekek.hu\/en\/wp-json\/wp\/v2\/product_tag?post=331888"}],"curies":[{"name":"wp","href":"https:\/\/api.w.org\/{rel}","templated":true}]}}