{"id":331875,"date":"2023-09-11T16:27:22","date_gmt":"2023-09-11T14:27:22","guid":{"rendered":"https:\/\/dev.sysvol.hu\/belso\/termek\/midi-pro-anatomiai-bor-talpbetet-mo083\/"},"modified":"2025-10-25T16:37:11","modified_gmt":"2025-10-25T14:37:11","slug":"midi-pro-anatomiai-bor-talpbetet-mo083","status":"publish","type":"product","link":"https:\/\/cipokellekek.hu\/en\/uzlet\/cipoapolasi-kellekek\/talpbetetek\/midi-pro-anatomiai-bor-talpbetet-mo083\/","title":{"rendered":"Midi Pro Anat\u00f3miai b\u0151r talpbet\u00e9t (MO083)"},"content":{"rendered":"<div class=\"note note-1\">Anat\u00f3miai talpbet\u00e9t sarokemel\u00e9ssel \u00e9s l\u00e1bk\u00f6z\u00e9p al\u00e1t\u00e1maszt\u00e1ssal. Sz\u00e1razon tart\u00f3, izzad\u00e1smentes, val\u00f3di b\u0151r fel\u00fclet, innovat\u00edv nyitott poliuret\u00e1n cell\u00e1kkal, l\u00e1bkl\u00edma rendszerrel \u00e9s l\u00e1bfej szell\u0151z\u00e9ssel.<\/div>\n<div class=\"note note-2\"><\/div>\n<div class=\"note note-3\"><\/div>","protected":false},"excerpt":{"rendered":"<p>Anat\u00f3miai talpbet\u00e9t sarokemel\u00e9ssel \u00e9s l\u00e1bk\u00f6z\u00e9p al\u00e1t\u00e1maszt\u00e1ssal. Sz\u00e1razon tart\u00f3, izzad\u00e1smentes, val\u00f3di b\u0151r fel\u00fclet, innovat\u00edv nyitott poliuret\u00e1n cell\u00e1kkal, l\u00e1bkl\u00edma rendszerrel \u00e9s l\u00e1bfej szell\u0151z\u00e9ssel.<\/p>","protected":false},"featured_media":351043,"comment_status":"closed","ping_status":"closed","template":"","meta":{"_seopress_robots_primary_cat":"none","_seopress_titles_title":"Midi Pro Anat\u00f3miai b\u0151r talpbet\u00e9t (MO083)","_seopress_titles_desc":"Anat\u00f3miai talpbet\u00e9t sarokemel\u00e9ssel \u00e9s l\u00e1bk\u00f6z\u00e9p al\u00e1t\u00e1maszt\u00e1ssal. Izzad\u00e1smentes, val\u00f3di b\u0151r fel\u00fclet, innovat\u00edv nyitott poliuret\u00e1n cell\u00e1kkal, l\u00e1bkl\u00edma rendszerrel \u00e9s l\u00e1bfej szell\u0151z\u00e9ssel.","_seopress_robots_index":""},"product_brand":[],"product_cat":[1928,1968],"product_tag":[2365],"class_list":{"0":"post-331875","1":"product","2":"type-product","3":"status-publish","4":"has-post-thumbnail","6":"product_cat-cipoapolasi-kellekek","7":"product_cat-talpbetetek","8":"product_tag-cipo-es-labapolas","9":"pa_meret-1909","10":"pa_meret-2056","11":"pa_meret-2057","12":"pa_meret-2058","13":"pa_meret-2059","14":"pa_meret-1871","15":"pa_meret-2060","16":"pa_meret-2061","17":"pa_meret-2062","18":"pa_meret-2063","19":"pa_meret-1988","20":"pa_meret-2064","22":"first","23":"instock","24":"purchasable","25":"product-type-variable"},"_links":{"self":[{"href":"https:\/\/cipokellekek.hu\/en\/wp-json\/wp\/v2\/product\/331875","targetHints":{"allow":["GET"]}}],"collection":[{"href":"https:\/\/cipokellekek.hu\/en\/wp-json\/wp\/v2\/product"}],"about":[{"href":"https:\/\/cipokellekek.hu\/en\/wp-json\/wp\/v2\/types\/product"}],"replies":[{"embeddable":true,"href":"https:\/\/cipokellekek.hu\/en\/wp-json\/wp\/v2\/comments?post=331875"}],"wp:featuredmedia":[{"embeddable":true,"href":"https:\/\/cipokellekek.hu\/en\/wp-json\/wp\/v2\/media\/351043"}],"wp:attachment":[{"href":"https:\/\/cipokellekek.hu\/en\/wp-json\/wp\/v2\/media?parent=331875"}],"wp:term":[{"taxonomy":"product_brand","embeddable":true,"href":"https:\/\/cipokellekek.hu\/en\/wp-json\/wp\/v2\/product_brand?post=331875"},{"taxonomy":"product_cat","embeddable":true,"href":"https:\/\/cipokellekek.hu\/en\/wp-json\/wp\/v2\/product_cat?post=331875"},{"taxonomy":"product_tag","embeddable":true,"href":"https:\/\/cipokellekek.hu\/en\/wp-json\/wp\/v2\/product_tag?post=331875"}],"curies":[{"name":"wp","href":"https:\/\/api.w.org\/{rel}","templated":true}]}}