{"id":331862,"date":"2023-09-11T16:27:22","date_gmt":"2023-09-11T14:27:22","guid":{"rendered":"https:\/\/dev.sysvol.hu\/belso\/termek\/memoria-habos-talpbetet-mo082\/"},"modified":"2025-10-25T16:39:21","modified_gmt":"2025-10-25T14:39:21","slug":"memoria-habos-talpbetet-mo082","status":"publish","type":"product","link":"https:\/\/cipokellekek.hu\/en\/uzlet\/cipoapolasi-kellekek\/talpbetetek\/memoria-habos-talpbetet-mo082\/","title":{"rendered":"Mem\u00f3ria habos talpbet\u00e9t (MO082)"},"content":{"rendered":"<div class=\"note note-1\">Extra puha, pamut \u00f6nform\u00e1z\u00f3 talpbet\u00e9t, felveszi a l\u00e1b anat\u00f3miai form\u00e1j\u00e1t. L\u00e9legz\u0151 \u00e9s moshat\u00f3, mem\u00f3riahabos viszko-elasztikus r\u00e9teggel, akt\u00edv sz\u00e9nsz\u0171r\u0151vel.<\/div>\n<div class=\"note note-2\"><\/div>\n<div class=\"note note-3\"><\/div>","protected":false},"excerpt":{"rendered":"<p>Extra puha, pamut \u00f6nform\u00e1z\u00f3 talpbet\u00e9t, felveszi a l\u00e1b anat\u00f3miai form\u00e1j\u00e1t. L\u00e9legz\u0151 \u00e9s moshat\u00f3, mem\u00f3riahabos viszko-elasztikus r\u00e9teggel, akt\u00edv sz\u00e9nsz\u0171r\u0151vel.<\/p>","protected":false},"featured_media":351042,"comment_status":"closed","ping_status":"closed","template":"","meta":{"_seopress_robots_primary_cat":"none","_seopress_titles_title":"Mem\u00f3ria habos talpbet\u00e9t (MO082)","_seopress_titles_desc":"Extra puha, pamut \u00f6nform\u00e1z\u00f3 talpbet\u00e9t, felveszi a l\u00e1b anat\u00f3miai form\u00e1j\u00e1t. L\u00e9legz\u0151 \u00e9s moshat\u00f3, mem\u00f3riahabos viszko-elasztikus r\u00e9teggel, akt\u00edv sz\u00e9nsz\u0171r\u0151vel.","_seopress_robots_index":""},"product_brand":[],"product_cat":[1928,1968],"product_tag":[2365],"class_list":{"0":"post-331862","1":"product","2":"type-product","3":"status-publish","4":"has-post-thumbnail","6":"product_cat-cipoapolasi-kellekek","7":"product_cat-talpbetetek","8":"product_tag-cipo-es-labapolas","9":"pa_meret-1909","10":"pa_meret-2056","11":"pa_meret-2057","12":"pa_meret-2058","13":"pa_meret-2059","14":"pa_meret-1871","15":"pa_meret-2060","16":"pa_meret-2061","17":"pa_meret-2062","18":"pa_meret-2063","19":"pa_meret-1988","20":"pa_meret-2064","22":"first","23":"instock","24":"purchasable","25":"product-type-variable"},"_links":{"self":[{"href":"https:\/\/cipokellekek.hu\/en\/wp-json\/wp\/v2\/product\/331862","targetHints":{"allow":["GET"]}}],"collection":[{"href":"https:\/\/cipokellekek.hu\/en\/wp-json\/wp\/v2\/product"}],"about":[{"href":"https:\/\/cipokellekek.hu\/en\/wp-json\/wp\/v2\/types\/product"}],"replies":[{"embeddable":true,"href":"https:\/\/cipokellekek.hu\/en\/wp-json\/wp\/v2\/comments?post=331862"}],"wp:featuredmedia":[{"embeddable":true,"href":"https:\/\/cipokellekek.hu\/en\/wp-json\/wp\/v2\/media\/351042"}],"wp:attachment":[{"href":"https:\/\/cipokellekek.hu\/en\/wp-json\/wp\/v2\/media?parent=331862"}],"wp:term":[{"taxonomy":"product_brand","embeddable":true,"href":"https:\/\/cipokellekek.hu\/en\/wp-json\/wp\/v2\/product_brand?post=331862"},{"taxonomy":"product_cat","embeddable":true,"href":"https:\/\/cipokellekek.hu\/en\/wp-json\/wp\/v2\/product_cat?post=331862"},{"taxonomy":"product_tag","embeddable":true,"href":"https:\/\/cipokellekek.hu\/en\/wp-json\/wp\/v2\/product_tag?post=331862"}],"curies":[{"name":"wp","href":"https:\/\/api.w.org\/{rel}","templated":true}]}}