{"id":331849,"date":"2023-09-11T16:27:22","date_gmt":"2023-09-11T14:27:22","guid":{"rendered":"https:\/\/dev.sysvol.hu\/belso\/termek\/fresh-sun-deo-illatositott-talpbetet-sotfs\/"},"modified":"2025-10-25T16:42:56","modified_gmt":"2025-10-25T14:42:56","slug":"fresh-sun-deo-illatositott-talpbetet-sotfs","status":"publish","type":"product","link":"https:\/\/cipokellekek.hu\/en\/uzlet\/cipoapolasi-kellekek\/talpbetetek\/fresh-sun-deo-illatositott-talpbetet-sotfs\/","title":{"rendered":"Fresh Sun DEO illatos\u00edtott talpbet\u00e9t (SOTFS)"},"content":{"rendered":"<div class=\"note note-1\">Illatos\u00edtott, parf\u00fcm\u00f6s talpbet\u00e9t. Puha \u00e9s k\u00e9nyelmes.<\/div>\n<div class=\"note note-2\"><\/div>\n<div class=\"note note-3\"><\/div>","protected":false},"excerpt":{"rendered":"<p>Illatos\u00edtott, parf\u00fcm\u00f6s talpbet\u00e9t. Puha \u00e9s k\u00e9nyelmes.<\/p>","protected":false},"featured_media":351041,"comment_status":"closed","ping_status":"closed","template":"","meta":{"_seopress_robots_primary_cat":"none","_seopress_titles_title":"Fresh Sun DEO illatos\u00edtott talpbet\u00e9t (SOTFS)","_seopress_titles_desc":"","_seopress_robots_index":""},"product_brand":[],"product_cat":[1928,1968],"product_tag":[2365],"class_list":{"0":"post-331849","1":"product","2":"type-product","3":"status-publish","4":"has-post-thumbnail","6":"product_cat-cipoapolasi-kellekek","7":"product_cat-talpbetetek","8":"product_tag-cipo-es-labapolas","9":"pa_meret-1909","10":"pa_meret-2056","11":"pa_meret-2057","12":"pa_meret-2058","13":"pa_meret-2059","14":"pa_meret-1871","15":"pa_meret-2060","16":"pa_meret-2061","17":"pa_meret-2062","18":"pa_meret-2063","19":"pa_meret-1988","20":"pa_meret-2064","22":"first","23":"instock","24":"purchasable","25":"product-type-variable"},"_links":{"self":[{"href":"https:\/\/cipokellekek.hu\/en\/wp-json\/wp\/v2\/product\/331849","targetHints":{"allow":["GET"]}}],"collection":[{"href":"https:\/\/cipokellekek.hu\/en\/wp-json\/wp\/v2\/product"}],"about":[{"href":"https:\/\/cipokellekek.hu\/en\/wp-json\/wp\/v2\/types\/product"}],"replies":[{"embeddable":true,"href":"https:\/\/cipokellekek.hu\/en\/wp-json\/wp\/v2\/comments?post=331849"}],"wp:featuredmedia":[{"embeddable":true,"href":"https:\/\/cipokellekek.hu\/en\/wp-json\/wp\/v2\/media\/351041"}],"wp:attachment":[{"href":"https:\/\/cipokellekek.hu\/en\/wp-json\/wp\/v2\/media?parent=331849"}],"wp:term":[{"taxonomy":"product_brand","embeddable":true,"href":"https:\/\/cipokellekek.hu\/en\/wp-json\/wp\/v2\/product_brand?post=331849"},{"taxonomy":"product_cat","embeddable":true,"href":"https:\/\/cipokellekek.hu\/en\/wp-json\/wp\/v2\/product_cat?post=331849"},{"taxonomy":"product_tag","embeddable":true,"href":"https:\/\/cipokellekek.hu\/en\/wp-json\/wp\/v2\/product_tag?post=331849"}],"curies":[{"name":"wp","href":"https:\/\/api.w.org\/{rel}","templated":true}]}}