{"id":331836,"date":"2023-09-11T16:27:22","date_gmt":"2023-09-11T14:27:22","guid":{"rendered":"https:\/\/dev.sysvol.hu\/belso\/termek\/anatomiai-talpbetet-mo071\/"},"modified":"2025-07-18T16:17:19","modified_gmt":"2025-07-18T14:17:19","slug":"anatomiai-talpbetet-mo071","status":"publish","type":"product","link":"https:\/\/cipokellekek.hu\/en\/uzlet\/cipoapolasi-kellekek\/talpbetetek\/anatomiai-talpbetet-mo071\/","title":{"rendered":"Anat\u00f3miai talpbet\u00e9t (MO071)"},"content":{"rendered":"<div class=\"note note-1\">Az <strong>FOOTPRINT talpbet\u00e9t<\/strong>\u00a0egy kiv\u00e1l\u00f3 min\u0151s\u00e9g\u0171, anat\u00f3miailag form\u00e1zott l\u00fadtalpbet\u00e9t, amelyet a l\u00e1bboltozat megfelel\u0151 al\u00e1t\u00e1maszt\u00e1s\u00e1ra terveztek. Seg\u00edt korrig\u00e1lni a l\u00fadtalpat, enyh\u00edti a l\u00e1b- \u00e9s h\u00e1tf\u00e1jdalmakat, \u00e9s jav\u00edtja a testtart\u00e1st. Kiv\u00e1l\u00f3 l\u00e9g\u00e1tereszt\u0151 k\u00e9pess\u00e9ggel \u00e9s nedvess\u00e9gelvezet\u0151 tulajdons\u00e1ggal rendelkezik, \u00edgy hosszabb haszn\u00e1lat sor\u00e1n is k\u00e9nyelmes \u00e9s friss marad. Ide\u00e1lis mindennapi visel\u00e9sre, k\u00fcl\u00f6n\u00f6sen azok sz\u00e1m\u00e1ra, akik sokat \u00e1llnak vagy j\u00e1rnak.<\/div>\n<div class=\"note note-2\"><\/div>\n<div class=\"note note-3\"><\/div>","protected":false},"excerpt":{"rendered":"<p>\u00c9lvezze a mindennapi k\u00e9nyelmet \u00e9s t\u00e1mogat\u00e1st a FOOTPRINT anat\u00f3miai talpbet\u00e9ttel! Ez a talpbet\u00e9t speci\u00e1lisan \u00fagy lett kialak\u00edtva, hogy t\u00f6k\u00e9letesen illeszkedjen a l\u00e1b form\u00e1j\u00e1hoz, biztos\u00edtva ezzel a maxim\u00e1lis k\u00e9nyelmet \u00e9s a megfelel\u0151 al\u00e1t\u00e1maszt\u00e1st minden l\u00e9p\u00e9sn\u00e9l. Az anat\u00f3miai kialak\u00edt\u00e1s seg\u00edt cs\u00f6kkenteni a l\u00e1bf\u00e1radts\u00e1got \u00e9s a f\u00e1jdalmat, mik\u00f6zben el\u0151seg\u00edti a helyes testtart\u00e1st \u00e9s a term\u00e9szetes l\u00e1bmozg\u00e1st. Ak\u00e1r eg\u00e9sz napos \u00e1ll\u00e1s, ak\u00e1r akt\u00edv mozg\u00e1s k\u00f6zben viseli, ez a talpbet\u00e9t gondoskodik arr\u00f3l, hogy l\u00e1bai frissnek \u00e9s pihentnek \u00e9rezz\u00e9k magukat.<\/p>","protected":false},"featured_media":351040,"comment_status":"closed","ping_status":"closed","template":"","meta":{"_seopress_robots_primary_cat":"none","_seopress_titles_title":"","_seopress_titles_desc":"","_seopress_robots_index":""},"product_brand":[],"product_cat":[1928,1968],"product_tag":[2365],"class_list":{"0":"post-331836","1":"product","2":"type-product","3":"status-publish","4":"has-post-thumbnail","6":"product_cat-cipoapolasi-kellekek","7":"product_cat-talpbetetek","8":"product_tag-cipo-es-labapolas","9":"pa_meret-1909","10":"pa_meret-2056","11":"pa_meret-2057","12":"pa_meret-2058","13":"pa_meret-2059","14":"pa_meret-1871","15":"pa_meret-2060","16":"pa_meret-2061","17":"pa_meret-2062","18":"pa_meret-2063","19":"pa_meret-1988","20":"pa_meret-2064","22":"first","23":"instock","24":"featured","25":"purchasable","26":"product-type-variable"},"_links":{"self":[{"href":"https:\/\/cipokellekek.hu\/en\/wp-json\/wp\/v2\/product\/331836","targetHints":{"allow":["GET"]}}],"collection":[{"href":"https:\/\/cipokellekek.hu\/en\/wp-json\/wp\/v2\/product"}],"about":[{"href":"https:\/\/cipokellekek.hu\/en\/wp-json\/wp\/v2\/types\/product"}],"replies":[{"embeddable":true,"href":"https:\/\/cipokellekek.hu\/en\/wp-json\/wp\/v2\/comments?post=331836"}],"wp:featuredmedia":[{"embeddable":true,"href":"https:\/\/cipokellekek.hu\/en\/wp-json\/wp\/v2\/media\/351040"}],"wp:attachment":[{"href":"https:\/\/cipokellekek.hu\/en\/wp-json\/wp\/v2\/media?parent=331836"}],"wp:term":[{"taxonomy":"product_brand","embeddable":true,"href":"https:\/\/cipokellekek.hu\/en\/wp-json\/wp\/v2\/product_brand?post=331836"},{"taxonomy":"product_cat","embeddable":true,"href":"https:\/\/cipokellekek.hu\/en\/wp-json\/wp\/v2\/product_cat?post=331836"},{"taxonomy":"product_tag","embeddable":true,"href":"https:\/\/cipokellekek.hu\/en\/wp-json\/wp\/v2\/product_tag?post=331836"}],"curies":[{"name":"wp","href":"https:\/\/api.w.org\/{rel}","templated":true}]}}