{"id":331829,"date":"2023-09-11T16:27:22","date_gmt":"2023-09-11T14:27:22","guid":{"rendered":"https:\/\/dev.sysvol.hu\/belso\/termek\/dupla-surusegu-sarokparna-mo061\/"},"modified":"2025-10-25T16:46:18","modified_gmt":"2025-10-25T14:46:18","slug":"dupla-surusegu-sarokparna-mo061","status":"publish","type":"product","link":"https:\/\/cipokellekek.hu\/en\/uzlet\/cipoapolasi-kellekek\/talpbetetek\/dupla-surusegu-sarokparna-mo061\/","title":{"rendered":"Dupla s\u0171r\u0171s\u00e9g\u0171 sarokp\u00e1rna (MO061)"},"content":{"rendered":"<div class=\"note note-1\">Dupla s\u0171r\u0171s\u00e9g\u0171 sarokp\u00e1rna har\u00e1ntt\u00e1maszt\u00e9kkal \u00e9s puha sarok \u00e1ggyal, az optim\u00e1lis k\u00e9nyelem\u00e9rt.<\/div>\n<div class=\"note note-2\"><\/div>\n<div class=\"note note-3\"><\/div>","protected":false},"excerpt":{"rendered":"<p>Dupla s\u0171r\u0171s\u00e9g\u0171 sarokp\u00e1rna har\u00e1ntt\u00e1maszt\u00e9kkal \u00e9s puha sarok \u00e1ggyal, az optim\u00e1lis k\u00e9nyelem\u00e9rt.<\/p>","protected":false},"featured_media":351039,"comment_status":"closed","ping_status":"closed","template":"","meta":{"_seopress_robots_primary_cat":"none","_seopress_titles_title":"Dupla s\u0171r\u0171s\u00e9g\u0171 sarokp\u00e1rna (MO061)","_seopress_titles_desc":"Dupla s\u0171r\u0171s\u00e9g\u0171 sarokp\u00e1rna har\u00e1ntt\u00e1maszt\u00e9kkal \u00e9s puha sarok \u00e1ggyal, az optim\u00e1lis k\u00e9nyelem\u00e9rt.","_seopress_robots_index":""},"product_brand":[],"product_cat":[1928,1968],"product_tag":[2365],"class_list":{"0":"post-331829","1":"product","2":"type-product","3":"status-publish","4":"has-post-thumbnail","6":"product_cat-cipoapolasi-kellekek","7":"product_cat-talpbetetek","8":"product_tag-cipo-es-labapolas","9":"pa_meret-35-36","10":"pa_meret-37-38","11":"pa_meret-39-40","12":"pa_meret-41-42","13":"pa_meret-43-44","14":"pa_meret-45-46","16":"first","17":"instock","18":"purchasable","19":"product-type-variable"},"_links":{"self":[{"href":"https:\/\/cipokellekek.hu\/en\/wp-json\/wp\/v2\/product\/331829","targetHints":{"allow":["GET"]}}],"collection":[{"href":"https:\/\/cipokellekek.hu\/en\/wp-json\/wp\/v2\/product"}],"about":[{"href":"https:\/\/cipokellekek.hu\/en\/wp-json\/wp\/v2\/types\/product"}],"replies":[{"embeddable":true,"href":"https:\/\/cipokellekek.hu\/en\/wp-json\/wp\/v2\/comments?post=331829"}],"wp:featuredmedia":[{"embeddable":true,"href":"https:\/\/cipokellekek.hu\/en\/wp-json\/wp\/v2\/media\/351039"}],"wp:attachment":[{"href":"https:\/\/cipokellekek.hu\/en\/wp-json\/wp\/v2\/media?parent=331829"}],"wp:term":[{"taxonomy":"product_brand","embeddable":true,"href":"https:\/\/cipokellekek.hu\/en\/wp-json\/wp\/v2\/product_brand?post=331829"},{"taxonomy":"product_cat","embeddable":true,"href":"https:\/\/cipokellekek.hu\/en\/wp-json\/wp\/v2\/product_cat?post=331829"},{"taxonomy":"product_tag","embeddable":true,"href":"https:\/\/cipokellekek.hu\/en\/wp-json\/wp\/v2\/product_tag?post=331829"}],"curies":[{"name":"wp","href":"https:\/\/api.w.org\/{rel}","templated":true}]}}