{"id":331812,"date":"2023-09-11T16:27:14","date_gmt":"2023-09-11T14:27:14","guid":{"rendered":"https:\/\/dev.sysvol.hu\/belso\/termek\/gyermek-talpbetet-mo069\/"},"modified":"2025-10-25T16:49:51","modified_gmt":"2025-10-25T14:49:51","slug":"gyermek-talpbetet-mo069","status":"publish","type":"product","link":"https:\/\/cipokellekek.hu\/en\/uzlet\/cipoapolasi-kellekek\/talpbetetek\/gyermek-talpbetet-mo069\/","title":{"rendered":"Gyermek talpbet\u00e9t (MO069)"},"content":{"rendered":"<div class=\"note note-1\">V\u00e1ghat\u00f3, kism\u00e9ret\u0171, l\u00e9g\u00e1tereszt\u0151 gyermek talpbet\u00e9t. 19-34-es m\u00e9retben, vid\u00e1m, mint\u00e1s k\u00e9k sz\u00ednvil\u00e1gban, nedvsz\u00edv\u00f3, textil fels\u0151r\u00e9sszel.<\/div>\n<div class=\"note note-2\"><\/div>\n<div class=\"note note-3\"><\/div>","protected":false},"excerpt":{"rendered":"<p>V\u00e1ghat\u00f3, kism\u00e9ret\u0171, l\u00e9g\u00e1tereszt\u0151 gyermek talpbet\u00e9t. 19-34-es m\u00e9retben, vid\u00e1m, mint\u00e1s k\u00e9k sz\u00ednvil\u00e1gban, nedvsz\u00edv\u00f3, textil fels\u0151r\u00e9sszel.<\/p>","protected":false},"featured_media":351038,"comment_status":"closed","ping_status":"closed","template":"","meta":{"_seopress_robots_primary_cat":"none","_seopress_titles_title":"Gyermek talpbet\u00e9t (MO069)","_seopress_titles_desc":"V\u00e1ghat\u00f3, kism\u00e9ret\u0171, l\u00e9g\u00e1tereszt\u0151 gyermek talpbet\u00e9t. 19-34-es m\u00e9retben, vid\u00e1m, mint\u00e1s k\u00e9k sz\u00ednvil\u00e1gban, nedvsz\u00edv\u00f3, textil fels\u0151r\u00e9sszel.","_seopress_robots_index":""},"product_brand":[],"product_cat":[1928,1968],"product_tag":[2365],"class_list":{"0":"post-331812","1":"product","2":"type-product","3":"status-publish","4":"has-post-thumbnail","6":"product_cat-cipoapolasi-kellekek","7":"product_cat-talpbetetek","8":"product_tag-cipo-es-labapolas","9":"pa_meret-2090","10":"pa_meret-1903","11":"pa_meret-1924","12":"pa_meret-1904","13":"pa_meret-2091","14":"pa_meret-1905","15":"pa_meret-1906","16":"pa_meret-1907","17":"pa_meret-2092","18":"pa_meret-1908","19":"pa_meret-2093","20":"pa_meret-1870","21":"pa_meret-1925","22":"pa_meret-2094","23":"pa_meret-2095","24":"pa_meret-2096","26":"first","27":"instock","28":"purchasable","29":"product-type-variable"},"_links":{"self":[{"href":"https:\/\/cipokellekek.hu\/en\/wp-json\/wp\/v2\/product\/331812","targetHints":{"allow":["GET"]}}],"collection":[{"href":"https:\/\/cipokellekek.hu\/en\/wp-json\/wp\/v2\/product"}],"about":[{"href":"https:\/\/cipokellekek.hu\/en\/wp-json\/wp\/v2\/types\/product"}],"replies":[{"embeddable":true,"href":"https:\/\/cipokellekek.hu\/en\/wp-json\/wp\/v2\/comments?post=331812"}],"wp:featuredmedia":[{"embeddable":true,"href":"https:\/\/cipokellekek.hu\/en\/wp-json\/wp\/v2\/media\/351038"}],"wp:attachment":[{"href":"https:\/\/cipokellekek.hu\/en\/wp-json\/wp\/v2\/media?parent=331812"}],"wp:term":[{"taxonomy":"product_brand","embeddable":true,"href":"https:\/\/cipokellekek.hu\/en\/wp-json\/wp\/v2\/product_brand?post=331812"},{"taxonomy":"product_cat","embeddable":true,"href":"https:\/\/cipokellekek.hu\/en\/wp-json\/wp\/v2\/product_cat?post=331812"},{"taxonomy":"product_tag","embeddable":true,"href":"https:\/\/cipokellekek.hu\/en\/wp-json\/wp\/v2\/product_tag?post=331812"}],"curies":[{"name":"wp","href":"https:\/\/api.w.org\/{rel}","templated":true}]}}