{"id":331793,"date":"2023-09-11T16:27:14","date_gmt":"2023-09-11T14:27:14","guid":{"rendered":"https:\/\/dev.sysvol.hu\/belso\/termek\/alto-parafa-sarokemelo-mo040\/"},"modified":"2025-10-27T18:14:07","modified_gmt":"2025-10-27T16:14:07","slug":"alto-parafa-sarokemelo-mo040","status":"publish","type":"product","link":"https:\/\/cipokellekek.hu\/en\/uzlet\/cipoapolasi-kellekek\/talpbetetek\/alto-parafa-sarokemelo-mo040\/","title":{"rendered":"Alto parafa sarokemel\u0151 (MO040)"},"content":{"rendered":"<div>Az <strong>Alto parafa sarokemel\u0151 (MO040)<\/strong> egy speci\u00e1lisan kialak\u00edtott sarokemel\u0151, amely k\u00e9nyelmet \u00e9s t\u00e1maszt biztos\u00edt a saroknak. Term\u00e9szetes paraf\u00e1b\u00f3l k\u00e9sz\u00fcl, amely kiv\u00e1l\u00f3 rugalmass\u00e1got \u00e9s tart\u00f3ss\u00e1got k\u00edn\u00e1l. A sarokemel\u0151 seg\u00edt cs\u00f6kkenteni a sarokra nehezed\u0151 nyom\u00e1st, ez\u00e1ltal enyh\u00edti a l\u00e1bf\u00e1jdalmat, k\u00fcl\u00f6n\u00f6sen hosszabb ideig tart\u00f3 \u00e1ll\u00e1s vagy j\u00e1r\u00e1s sor\u00e1n. Emellett korrig\u00e1lhatja a testtart\u00e1st, \u00e9s megel\u0151zheti a sarok t\u00falzott kop\u00e1s\u00e1t. Az Alto parafa sarokemel\u0151 ide\u00e1lis v\u00e1laszt\u00e1s mindennapi haszn\u00e1latra \u00e9s k\u00fcl\u00f6nb\u00f6z\u0151 l\u00e1bbelikben val\u00f3 alkalmaz\u00e1sra.<\/div>\n<div><\/div>\n<div><\/div>\n<div class=\"note note-1\">M\u00e9retez\u00e9s: a 0,5-1-1,5-2-2,5-3 cm a sarokemel\u0151 magass\u00e1g\u00e1ra vonatkoznak, az S-M-L pedig a term\u00e9k \u00e1tm\u00e9r\u0151j\u00e9re, amely cip\u0151m\u00e9retek szerint S: 35-37, M: 38-40, L: 41-43.<\/div>\n<div class=\"note note-2\"><\/div>\n<div class=\"note note-3\"><\/div>","protected":false},"excerpt":{"rendered":"<p>Speci\u00e1lisan kialak\u00edtott sarokemel\u0151, amely k\u00e9nyelmet \u00e9s t\u00e1maszt biztos\u00edt a saroknak.<\/p>\n<p>M\u00e9retez\u00e9s: a 0,5-1-1,5-2-2,5-3 cm a sarokemel\u0151 magass\u00e1g\u00e1ra vonatkoznak, az S-M-L pedig a term\u00e9k \u00e1tm\u00e9r\u0151j\u00e9re, amely cip\u0151m\u00e9retek szerint S: 35-37, M: 38-40, L: 41-43.<\/p>","protected":false},"featured_media":351037,"comment_status":"closed","ping_status":"closed","template":"","meta":{"_seopress_robots_primary_cat":"none","_seopress_titles_title":"Alto parafa sarokemel\u0151 (MO040)","_seopress_titles_desc":"Az Alto parafa sarokemel\u0151 egy speci\u00e1lisan kialak\u00edtott sarokemel\u0151, amely k\u00e9nyelmet \u00e9s t\u00e1maszt biztos\u00edt a saroknak. Kiv\u00e1l\u00f3 rugalmass\u00e1got \u00e9s tart\u00f3ss\u00e1got k\u00edn\u00e1l.","_seopress_robots_index":""},"product_brand":[],"product_cat":[1928,1968],"product_tag":[2365],"class_list":{"0":"post-331793","1":"product","2":"type-product","3":"status-publish","4":"has-post-thumbnail","6":"product_cat-cipoapolasi-kellekek","7":"product_cat-talpbetetek","8":"product_tag-cipo-es-labapolas","9":"pa_meret-m","10":"pa_meret-s","11":"pa_meret-l","13":"first","14":"instock","15":"purchasable","16":"product-type-variable"},"_links":{"self":[{"href":"https:\/\/cipokellekek.hu\/en\/wp-json\/wp\/v2\/product\/331793","targetHints":{"allow":["GET"]}}],"collection":[{"href":"https:\/\/cipokellekek.hu\/en\/wp-json\/wp\/v2\/product"}],"about":[{"href":"https:\/\/cipokellekek.hu\/en\/wp-json\/wp\/v2\/types\/product"}],"replies":[{"embeddable":true,"href":"https:\/\/cipokellekek.hu\/en\/wp-json\/wp\/v2\/comments?post=331793"}],"wp:featuredmedia":[{"embeddable":true,"href":"https:\/\/cipokellekek.hu\/en\/wp-json\/wp\/v2\/media\/351037"}],"wp:attachment":[{"href":"https:\/\/cipokellekek.hu\/en\/wp-json\/wp\/v2\/media?parent=331793"}],"wp:term":[{"taxonomy":"product_brand","embeddable":true,"href":"https:\/\/cipokellekek.hu\/en\/wp-json\/wp\/v2\/product_brand?post=331793"},{"taxonomy":"product_cat","embeddable":true,"href":"https:\/\/cipokellekek.hu\/en\/wp-json\/wp\/v2\/product_cat?post=331793"},{"taxonomy":"product_tag","embeddable":true,"href":"https:\/\/cipokellekek.hu\/en\/wp-json\/wp\/v2\/product_tag?post=331793"}],"curies":[{"name":"wp","href":"https:\/\/api.w.org\/{rel}","templated":true}]}}