{"id":331789,"date":"2023-09-11T16:27:14","date_gmt":"2023-09-11T14:27:14","guid":{"rendered":"https:\/\/dev.sysvol.hu\/belso\/termek\/noi-muanyag-rugos-samfa-club-d\/"},"modified":"2025-08-22T13:59:57","modified_gmt":"2025-08-22T11:59:57","slug":"noi-muanyag-rugos-samfa-club-d","status":"publish","type":"product","link":"https:\/\/cipokellekek.hu\/en\/uzlet\/cipoapolasi-kellekek\/samfak\/noi-muanyag-rugos-samfa-club-d\/","title":{"rendered":"N\u0151i m\u0171anyag rug\u00f3s s\u00e1mfa (CLUB D)"},"content":{"rendered":"<div class=\"note note-1\">Rug\u00f3s, m\u0171anyags\u00e1mfa, k\u00e9t m\u00e9retben, n\u0151i l\u00e1bbelikhez. Seg\u00edt meg\u0151rizni a cip\u0151k form\u00e1j\u00e1t \u00e9s megel\u0151zni a gy\u0171r\u0151d\u00e9seket. Kiszerel\u00e9si egys\u00e9g: 1 p\u00e1r<\/div>\n<div class=\"note note-2\"><\/div>\n<div class=\"note note-3\"><\/div>","protected":false},"excerpt":{"rendered":"<p>Rug\u00f3s, m\u0171anyags\u00e1mfa, k\u00e9t m\u00e9retben, n\u0151i l\u00e1bbelikhez. Seg\u00edt meg\u0151rizni a cip\u0151k form\u00e1j\u00e1t \u00e9s megel\u0151zni a gy\u0171r\u0151d\u00e9seket. Kiszerel\u00e9si egys\u00e9g: 1 p\u00e1r<\/p>","protected":false},"featured_media":351035,"comment_status":"closed","ping_status":"closed","template":"","meta":{"_seopress_robots_primary_cat":"none","_seopress_titles_title":"N\u0151i m\u0171anyag rug\u00f3s s\u00e1mfa (CLUB D)","_seopress_titles_desc":"Rug\u00f3s, m\u0171anyags\u00e1mfa, k\u00e9t m\u00e9retben, n\u0151i l\u00e1bbelikhez. Seg\u00edt meg\u0151rizni a cip\u0151k form\u00e1j\u00e1t \u00e9s megel\u0151zni a gy\u0171r\u0151d\u00e9seket. Kiszerel\u00e9si egys\u00e9g: 1 p\u00e1r","_seopress_robots_index":""},"product_brand":[],"product_cat":[1928,2067],"product_tag":[2365,2363],"class_list":{"0":"post-331789","1":"product","2":"type-product","3":"status-publish","4":"has-post-thumbnail","6":"product_cat-cipoapolasi-kellekek","7":"product_cat-samfak","8":"product_tag-cipo-es-labapolas","9":"product_tag-cipogyartas-es-cipojavitas","10":"pa_meret-35-37","11":"pa_meret-38-41","13":"first","14":"instock","15":"purchasable","16":"product-type-variable"},"_links":{"self":[{"href":"https:\/\/cipokellekek.hu\/en\/wp-json\/wp\/v2\/product\/331789","targetHints":{"allow":["GET"]}}],"collection":[{"href":"https:\/\/cipokellekek.hu\/en\/wp-json\/wp\/v2\/product"}],"about":[{"href":"https:\/\/cipokellekek.hu\/en\/wp-json\/wp\/v2\/types\/product"}],"replies":[{"embeddable":true,"href":"https:\/\/cipokellekek.hu\/en\/wp-json\/wp\/v2\/comments?post=331789"}],"wp:featuredmedia":[{"embeddable":true,"href":"https:\/\/cipokellekek.hu\/en\/wp-json\/wp\/v2\/media\/351035"}],"wp:attachment":[{"href":"https:\/\/cipokellekek.hu\/en\/wp-json\/wp\/v2\/media?parent=331789"}],"wp:term":[{"taxonomy":"product_brand","embeddable":true,"href":"https:\/\/cipokellekek.hu\/en\/wp-json\/wp\/v2\/product_brand?post=331789"},{"taxonomy":"product_cat","embeddable":true,"href":"https:\/\/cipokellekek.hu\/en\/wp-json\/wp\/v2\/product_cat?post=331789"},{"taxonomy":"product_tag","embeddable":true,"href":"https:\/\/cipokellekek.hu\/en\/wp-json\/wp\/v2\/product_tag?post=331789"}],"curies":[{"name":"wp","href":"https:\/\/api.w.org\/{rel}","templated":true}]}}