{"id":331786,"date":"2023-09-11T16:27:14","date_gmt":"2023-09-11T14:27:14","guid":{"rendered":"https:\/\/dev.sysvol.hu\/belso\/termek\/ferfi-muanyag-rugos-samfa-club-u\/"},"modified":"2025-08-22T13:56:32","modified_gmt":"2025-08-22T11:56:32","slug":"ferfi-muanyag-rugos-samfa-club-u","status":"publish","type":"product","link":"https:\/\/cipokellekek.hu\/en\/uzlet\/cipoapolasi-kellekek\/samfak\/ferfi-muanyag-rugos-samfa-club-u\/","title":{"rendered":"F\u00e9rfi m\u0171anyag rug\u00f3s s\u00e1mfa (CLUB U)"},"content":{"rendered":"<div class=\"note note-1\">Rug\u00f3s, m\u0171anyag s\u00e1mfa, k\u00e9t m\u00e9retben f\u00e9rfi l\u00e1bbelikhez. Seg\u00edt meg\u0151rizni cip\u0151d form\u00e1j\u00e1t \u00e9s cs\u00f6kkenti a gy\u0171r\u0151d\u00e9seket. Kiszerel\u00e9si egys\u00e9g: 1 p\u00e1r<\/div>\n<div class=\"note note-2\"><\/div>\n<div class=\"note note-3\"><\/div>","protected":false},"excerpt":{"rendered":"<p>Rug\u00f3s, m\u0171anyag s\u00e1mfa, k\u00e9t m\u00e9retben f\u00e9rfi l\u00e1bbelikhez. Seg\u00edt meg\u0151rizni cip\u0151d form\u00e1j\u00e1t \u00e9s cs\u00f6kkenti a gy\u0171r\u0151d\u00e9seket. Kiszerel\u00e9si egys\u00e9g: 1 p\u00e1r<\/p>","protected":false},"featured_media":351034,"comment_status":"closed","ping_status":"closed","template":"","meta":{"_seopress_robots_primary_cat":"none","_seopress_titles_title":"F\u00e9rfi m\u0171anyag rug\u00f3s s\u00e1mfa (CLUB U)","_seopress_titles_desc":"Rug\u00f3s, m\u0171anyag s\u00e1mfa, k\u00e9t m\u00e9retben f\u00e9rfi l\u00e1bbelikhez. Seg\u00edt meg\u0151rizni cip\u0151d form\u00e1j\u00e1t \u00e9s cs\u00f6kkenti a gy\u0171r\u0151d\u00e9seket. Kiszerel\u00e9si egys\u00e9g: 1 p\u00e1r","_seopress_robots_index":""},"product_brand":[],"product_cat":[1928,2067],"product_tag":[2365,2363],"class_list":{"0":"post-331786","1":"product","2":"type-product","3":"status-publish","4":"has-post-thumbnail","6":"product_cat-cipoapolasi-kellekek","7":"product_cat-samfak","8":"product_tag-cipo-es-labapolas","9":"product_tag-cipogyartas-es-cipojavitas","10":"pa_meret-39-42","11":"pa_meret-43-46","13":"first","14":"instock","15":"purchasable","16":"product-type-variable"},"_links":{"self":[{"href":"https:\/\/cipokellekek.hu\/en\/wp-json\/wp\/v2\/product\/331786","targetHints":{"allow":["GET"]}}],"collection":[{"href":"https:\/\/cipokellekek.hu\/en\/wp-json\/wp\/v2\/product"}],"about":[{"href":"https:\/\/cipokellekek.hu\/en\/wp-json\/wp\/v2\/types\/product"}],"replies":[{"embeddable":true,"href":"https:\/\/cipokellekek.hu\/en\/wp-json\/wp\/v2\/comments?post=331786"}],"wp:featuredmedia":[{"embeddable":true,"href":"https:\/\/cipokellekek.hu\/en\/wp-json\/wp\/v2\/media\/351034"}],"wp:attachment":[{"href":"https:\/\/cipokellekek.hu\/en\/wp-json\/wp\/v2\/media?parent=331786"}],"wp:term":[{"taxonomy":"product_brand","embeddable":true,"href":"https:\/\/cipokellekek.hu\/en\/wp-json\/wp\/v2\/product_brand?post=331786"},{"taxonomy":"product_cat","embeddable":true,"href":"https:\/\/cipokellekek.hu\/en\/wp-json\/wp\/v2\/product_cat?post=331786"},{"taxonomy":"product_tag","embeddable":true,"href":"https:\/\/cipokellekek.hu\/en\/wp-json\/wp\/v2\/product_tag?post=331786"}],"curies":[{"name":"wp","href":"https:\/\/api.w.org\/{rel}","templated":true}]}}