{"id":331781,"date":"2023-09-11T16:27:14","date_gmt":"2023-09-11T14:27:14","guid":{"rendered":"https:\/\/dev.sysvol.hu\/belso\/termek\/express-premium-rugos-fa-samfa-tendexp\/"},"modified":"2025-08-22T13:51:08","modified_gmt":"2025-08-22T11:51:08","slug":"express-premium-rugos-fa-samfa-tendexp","status":"publish","type":"product","link":"https:\/\/cipokellekek.hu\/en\/uzlet\/cipoapolasi-kellekek\/samfak\/express-premium-rugos-fa-samfa-tendexp\/","title":{"rendered":"Express Premium rug\u00f3s fa s\u00e1mfa (TENDEXP)"},"content":{"rendered":"<div class=\"note note-1\">K\u00fcl\u00f6nleges, lakkozott, rug\u00f3s fa s\u00e1mfa, t\u00f6bb m\u00e9retben, f\u00e9rfi \u00e9s n\u0151i cip\u0151kh\u00f6z. Er\u0151s \u00e9s ig\u00e9nyes kivitel. Kiszerel\u00e9si egys\u00e9g: 1 P\u00c1R<\/div>\n<div class=\"note note-2\"><\/div>\n<div class=\"note note-3\"><\/div>","protected":false},"excerpt":{"rendered":"<p>K\u00fcl\u00f6nleges, lakkozott, rug\u00f3s fa s\u00e1mfa, t\u00f6bb m\u00e9retben, f\u00e9rfi \u00e9s n\u0151i cip\u0151kh\u00f6z. Er\u0151s \u00e9s ig\u00e9nyes kivitel. Kiszerel\u00e9si egys\u00e9g: 1 P\u00c1R<\/p>","protected":false},"featured_media":351033,"comment_status":"closed","ping_status":"closed","template":"","meta":{"_seopress_robots_primary_cat":"none","_seopress_titles_title":"Express Premium rug\u00f3s fa s\u00e1mfa (TENDEXP)","_seopress_titles_desc":"K\u00fcl\u00f6nleges, lakkozott, rug\u00f3s fa s\u00e1mfa, t\u00f6bb m\u00e9retben, f\u00e9rfi \u00e9s n\u0151i cip\u0151kh\u00f6z. Er\u0151s \u00e9s ig\u00e9nyes kivitel. Kiszerel\u00e9si egys\u00e9g: 1 p\u00e1r","_seopress_robots_index":""},"product_brand":[],"product_cat":[1928,2067],"product_tag":[2365,2363],"class_list":{"0":"post-331781","1":"product","2":"type-product","3":"status-publish","4":"has-post-thumbnail","6":"product_cat-cipoapolasi-kellekek","7":"product_cat-samfak","8":"product_tag-cipo-es-labapolas","9":"product_tag-cipogyartas-es-cipojavitas","10":"pa_meret-39-40","11":"pa_meret-41-42","12":"pa_meret-43-44","13":"pa_meret-45-46","15":"first","16":"instock","17":"purchasable","18":"product-type-variable"},"_links":{"self":[{"href":"https:\/\/cipokellekek.hu\/en\/wp-json\/wp\/v2\/product\/331781","targetHints":{"allow":["GET"]}}],"collection":[{"href":"https:\/\/cipokellekek.hu\/en\/wp-json\/wp\/v2\/product"}],"about":[{"href":"https:\/\/cipokellekek.hu\/en\/wp-json\/wp\/v2\/types\/product"}],"replies":[{"embeddable":true,"href":"https:\/\/cipokellekek.hu\/en\/wp-json\/wp\/v2\/comments?post=331781"}],"wp:featuredmedia":[{"embeddable":true,"href":"https:\/\/cipokellekek.hu\/en\/wp-json\/wp\/v2\/media\/351033"}],"wp:attachment":[{"href":"https:\/\/cipokellekek.hu\/en\/wp-json\/wp\/v2\/media?parent=331781"}],"wp:term":[{"taxonomy":"product_brand","embeddable":true,"href":"https:\/\/cipokellekek.hu\/en\/wp-json\/wp\/v2\/product_brand?post=331781"},{"taxonomy":"product_cat","embeddable":true,"href":"https:\/\/cipokellekek.hu\/en\/wp-json\/wp\/v2\/product_cat?post=331781"},{"taxonomy":"product_tag","embeddable":true,"href":"https:\/\/cipokellekek.hu\/en\/wp-json\/wp\/v2\/product_tag?post=331781"}],"curies":[{"name":"wp","href":"https:\/\/api.w.org\/{rel}","templated":true}]}}