{"id":331780,"date":"2023-09-11T16:27:14","date_gmt":"2023-09-11T14:27:14","guid":{"rendered":"https:\/\/dev.sysvol.hu\/belso\/termek\/vescigel-asvanyi-olaj-tartalmu-szilikon-gel-mo056\/"},"modified":"2025-08-10T16:05:07","modified_gmt":"2025-08-10T14:05:07","slug":"vescigel-asvanyi-olaj-tartalmu-szilikon-gel-mo056","status":"publish","type":"product","link":"https:\/\/cipokellekek.hu\/en\/uzlet\/cipoapolasi-kellekek\/movigel\/vescigel-asvanyi-olaj-tartalmu-szilikon-gel-mo056\/","title":{"rendered":"VESCIGEL \u00e1sv\u00e1nyi olaj tartalm\u00fa szilikon g\u00e9l (MO056)"},"content":{"rendered":"<div class=\"note note-1\">Vescig\u00e9l \u00e1s\u00e1nyiolaj tartalm\u00fa szilikon g\u00e9l. Seg\u00edt megel\u0151zni a l\u00e1b kid\u00f6rzs\u00f6l\u0151d\u00e9s\u00e9t, enyh\u00fcl\u00e9st ny\u00fajt a f\u00e1j\u00f3 saroknak. Kiszerel\u00e9si egys\u00e9g: 4 db<\/div>\n<div class=\"note note-2\"><\/div>\n<div class=\"note note-3\"><\/div>","protected":false},"excerpt":{"rendered":"<p>Vescig\u00e9l \u00e1s\u00e1nyiolaj tartalm\u00fa szilikon g\u00e9l. Seg\u00edt megel\u0151zni a l\u00e1b kid\u00f6rzs\u00f6l\u0151d\u00e9s\u00e9t, enyh\u00fcl\u00e9st ny\u00fajt a f\u00e1j\u00f3 saroknak. Kiszerel\u00e9si egys\u00e9g: 4 db<\/p>","protected":false},"featured_media":351032,"comment_status":"closed","ping_status":"closed","template":"","meta":{"_seopress_robots_primary_cat":"none","_seopress_titles_title":"VESCIGEL \u00e1sv\u00e1nyi olaj tartalm\u00fa szilikon g\u00e9l (MO056)","_seopress_titles_desc":"","_seopress_robots_index":""},"product_brand":[],"product_cat":[1928,2066],"product_tag":[2365],"class_list":{"0":"post-331780","1":"product","2":"type-product","3":"status-publish","4":"has-post-thumbnail","6":"product_cat-cipoapolasi-kellekek","7":"product_cat-movigel","8":"product_tag-cipo-es-labapolas","10":"first","11":"instock","12":"purchasable","13":"product-type-simple"},"_links":{"self":[{"href":"https:\/\/cipokellekek.hu\/en\/wp-json\/wp\/v2\/product\/331780","targetHints":{"allow":["GET"]}}],"collection":[{"href":"https:\/\/cipokellekek.hu\/en\/wp-json\/wp\/v2\/product"}],"about":[{"href":"https:\/\/cipokellekek.hu\/en\/wp-json\/wp\/v2\/types\/product"}],"replies":[{"embeddable":true,"href":"https:\/\/cipokellekek.hu\/en\/wp-json\/wp\/v2\/comments?post=331780"}],"wp:featuredmedia":[{"embeddable":true,"href":"https:\/\/cipokellekek.hu\/en\/wp-json\/wp\/v2\/media\/351032"}],"wp:attachment":[{"href":"https:\/\/cipokellekek.hu\/en\/wp-json\/wp\/v2\/media?parent=331780"}],"wp:term":[{"taxonomy":"product_brand","embeddable":true,"href":"https:\/\/cipokellekek.hu\/en\/wp-json\/wp\/v2\/product_brand?post=331780"},{"taxonomy":"product_cat","embeddable":true,"href":"https:\/\/cipokellekek.hu\/en\/wp-json\/wp\/v2\/product_cat?post=331780"},{"taxonomy":"product_tag","embeddable":true,"href":"https:\/\/cipokellekek.hu\/en\/wp-json\/wp\/v2\/product_tag?post=331780"}],"curies":[{"name":"wp","href":"https:\/\/api.w.org\/{rel}","templated":true}]}}