{"id":331778,"date":"2023-09-11T16:27:14","date_gmt":"2023-09-11T14:27:14","guid":{"rendered":"https:\/\/dev.sysvol.hu\/belso\/termek\/ovalis-tyukszem-parna-nagymeret-mo005-2\/"},"modified":"2025-08-10T15:55:36","modified_gmt":"2025-08-10T13:55:36","slug":"ovalis-tyukszem-parna-nagymeret-mo005-2","status":"publish","type":"product","link":"https:\/\/cipokellekek.hu\/en\/uzlet\/cipoapolasi-kellekek\/movigel\/ovalis-tyukszem-parna-nagymeret-mo005-2\/","title":{"rendered":"Ov\u00e1lis ty\u00fakszem p\u00e1rna nagym\u00e9ret (MO005\/2)"},"content":{"rendered":"<div class=\"note note-1\">Ov\u00e1lis ty\u00fakszem p\u00e1rna (nagy m\u00e9ret). A l\u00e1bv\u00e9d\u0151 g\u00e9l egy \u00e1sv\u00e1nyi olaj tartalm\u00fa antiallerg\u00e9n g\u00e9l, amely azonnali megk\u00f6nnyebb\u00fcl\u00e9st ny\u00fajt a csontkin\u00f6v\u00e9seken keletkez\u0151 d\u00f6rzs\u00f6l\u00e9s, nyom\u00e1s vagy egy\u00e9b irrit\u00e1ci\u00f3 k\u00f6vetkezt\u00e9ben kialakult f\u00e1j\u00f3 l\u00e1bnak, m\u00edg az olaj szinte \u00e9szrev\u00e9tlen\u00fcl l\u00e1gy\u00edtja a b\u0151rkem\u00e9nyed\u00e9st. A movig\u00e9l egy rugalmas anyag, amely haszn\u00e1latot k\u00f6vet\u0151en vissza\u00e1ll eredeti \u00e1llapot\u00e1ba. Kiszerel\u00e9si egys\u00e9g: 2 db<\/div>\n<div class=\"note note-2\"><\/div>\n<div class=\"note note-3\"><\/div>","protected":false},"excerpt":{"rendered":"<p>Ov\u00e1lis ty\u00fakszem p\u00e1rna (nagy m\u00e9ret). A l\u00e1bv\u00e9d\u0151 g\u00e9l egy \u00e1sv\u00e1nyi olaj tartalm\u00fa antiallerg\u00e9n g\u00e9l, amely azonnali megk\u00f6nnyebb\u00fcl\u00e9st ny\u00fajt a csontkin\u00f6v\u00e9seken keletkez\u0151 d\u00f6rzs\u00f6l\u00e9s, nyom\u00e1s vagy egy\u00e9b irrit\u00e1ci\u00f3 k\u00f6vetkezt\u00e9ben kialakult f\u00e1j\u00f3 l\u00e1bnak, m\u00edg az olaj szinte \u00e9szrev\u00e9tlen\u00fcl l\u00e1gy\u00edtja a b\u0151rkem\u00e9nyed\u00e9st. A movig\u00e9l egy rugalmas anyag, amely haszn\u00e1latot k\u00f6vet\u0151en vissza\u00e1ll eredeti \u00e1llapot\u00e1ba. Kiszerel\u00e9si egys\u00e9g: 2 db<\/p>","protected":false},"featured_media":351030,"comment_status":"closed","ping_status":"closed","template":"","meta":{"_seopress_robots_primary_cat":"none","_seopress_titles_title":"Ov\u00e1lis ty\u00fakszem p\u00e1rna nagym\u00e9ret (MO005\/2)","_seopress_titles_desc":"Ov\u00e1lis ty\u00fakszem p\u00e1rna (nagy m\u00e9ret). A l\u00e1bv\u00e9d\u0151 g\u00e9l egy \u00e1sv\u00e1nyi olaj tartalm\u00fa antiallerg\u00e9n g\u00e9l, amely azonnali megk\u00f6nnyebb\u00fcl\u00e9st ny\u00fajt. Kiszerel\u00e9si egys\u00e9g: 2 db","_seopress_robots_index":""},"product_brand":[],"product_cat":[1928,2066],"product_tag":[2365],"class_list":{"0":"post-331778","1":"product","2":"type-product","3":"status-publish","4":"has-post-thumbnail","6":"product_cat-cipoapolasi-kellekek","7":"product_cat-movigel","8":"product_tag-cipo-es-labapolas","10":"first","11":"instock","12":"purchasable","13":"product-type-simple"},"_links":{"self":[{"href":"https:\/\/cipokellekek.hu\/en\/wp-json\/wp\/v2\/product\/331778","targetHints":{"allow":["GET"]}}],"collection":[{"href":"https:\/\/cipokellekek.hu\/en\/wp-json\/wp\/v2\/product"}],"about":[{"href":"https:\/\/cipokellekek.hu\/en\/wp-json\/wp\/v2\/types\/product"}],"replies":[{"embeddable":true,"href":"https:\/\/cipokellekek.hu\/en\/wp-json\/wp\/v2\/comments?post=331778"}],"wp:featuredmedia":[{"embeddable":true,"href":"https:\/\/cipokellekek.hu\/en\/wp-json\/wp\/v2\/media\/351030"}],"wp:attachment":[{"href":"https:\/\/cipokellekek.hu\/en\/wp-json\/wp\/v2\/media?parent=331778"}],"wp:term":[{"taxonomy":"product_brand","embeddable":true,"href":"https:\/\/cipokellekek.hu\/en\/wp-json\/wp\/v2\/product_brand?post=331778"},{"taxonomy":"product_cat","embeddable":true,"href":"https:\/\/cipokellekek.hu\/en\/wp-json\/wp\/v2\/product_cat?post=331778"},{"taxonomy":"product_tag","embeddable":true,"href":"https:\/\/cipokellekek.hu\/en\/wp-json\/wp\/v2\/product_tag?post=331778"}],"curies":[{"name":"wp","href":"https:\/\/api.w.org\/{rel}","templated":true}]}}