{"id":331750,"date":"2023-09-11T16:27:07","date_gmt":"2023-09-11T14:27:07","guid":{"rendered":"https:\/\/dev.sysvol.hu\/belso\/termek\/primat-premium-csuklos-fa-samfa-tendpri\/"},"modified":"2025-08-10T15:19:06","modified_gmt":"2025-08-10T13:19:06","slug":"primat-premium-csuklos-fa-samfa-tendpri","status":"publish","type":"product","link":"https:\/\/cipokellekek.hu\/en\/uzlet\/cipoapolasi-kellekek\/cipotagitok\/primat-premium-csuklos-fa-samfa-tendpri\/","title":{"rendered":"Primat premium csukl\u00f3s fa s\u00e1mfa (TENDPRI)"},"content":{"rendered":"<div class=\"note note-1\">K\u00fcl\u00f6nleges, lakkozott, \u00e1ll\u00edthat\u00f3 fa s\u00e1mfa, t\u00f6bb m\u00e9retben. Csukl\u00f3s v\u00e9g, csavaros \u00e1ll\u00edt\u00e1si m\u00f3d, hosszban kisebb t\u00e1g\u00edt\u00e1sra alkalmas. Kiszerel\u00e9s: 1 p\u00e1r<\/div>\n<div class=\"note note-2\"><\/div>\n<div class=\"note note-3\"><\/div>\n<div class=\"alert alert-warning\">Amennyiben mag\u00e1nszem\u00e9lyk\u00e9nt k\u00edv\u00e1n v\u00e1s\u00e1rolni, k\u00e9rj\u00fck, keresse fel webshopunkat, a <a href=\"https:\/\/comfortelle.hu\/spd\/TENDPRI\/PRIMAT-premium-csuklos-fa-samfa\" target=\"_blank\" rel=\"noopener sponsored\">comfortelle.hu<\/a> oldalt.<\/div>","protected":false},"excerpt":{"rendered":"<p>K\u00fcl\u00f6nleges, lakkozott, \u00e1ll\u00edthat\u00f3 fa s\u00e1mfa, t\u00f6bb m\u00e9retben. Csukl\u00f3s v\u00e9g, csavaros \u00e1ll\u00edt\u00e1si m\u00f3d, hosszban kisebb t\u00e1g\u00edt\u00e1sra alkalmas. Kiszerel\u00e9s: 1 p\u00e1r<\/p>","protected":false},"featured_media":351022,"comment_status":"closed","ping_status":"closed","template":"","meta":{"_seopress_robots_primary_cat":"none","_seopress_titles_title":"Primat premium csukl\u00f3s fa s\u00e1mfa (TENDPRI)","_seopress_titles_desc":"K\u00fcl\u00f6nleges, lakkozott, \u00e1ll\u00edthat\u00f3 fa s\u00e1mfa, t\u00f6bb m\u00e9retben. Csukl\u00f3s v\u00e9g, csavaros \u00e1ll\u00edt\u00e1si m\u00f3d, hosszban kisebb t\u00e1g\u00edt\u00e1sra alkalmas. Kiszerel\u00e9s: 1 p\u00e1r","_seopress_robots_index":""},"product_brand":[],"product_cat":[1928,2049],"product_tag":[2365,2363],"class_list":{"0":"post-331750","1":"product","2":"type-product","3":"status-publish","4":"has-post-thumbnail","6":"product_cat-cipoapolasi-kellekek","7":"product_cat-cipotagitok","8":"product_tag-cipo-es-labapolas","9":"product_tag-cipogyartas-es-cipojavitas","10":"pa_meret-39-40","11":"pa_meret-41-42","12":"pa_meret-43-44","13":"pa_meret-45-46","15":"first","16":"instock","17":"purchasable","18":"product-type-variable"},"_links":{"self":[{"href":"https:\/\/cipokellekek.hu\/en\/wp-json\/wp\/v2\/product\/331750","targetHints":{"allow":["GET"]}}],"collection":[{"href":"https:\/\/cipokellekek.hu\/en\/wp-json\/wp\/v2\/product"}],"about":[{"href":"https:\/\/cipokellekek.hu\/en\/wp-json\/wp\/v2\/types\/product"}],"replies":[{"embeddable":true,"href":"https:\/\/cipokellekek.hu\/en\/wp-json\/wp\/v2\/comments?post=331750"}],"wp:featuredmedia":[{"embeddable":true,"href":"https:\/\/cipokellekek.hu\/en\/wp-json\/wp\/v2\/media\/351022"}],"wp:attachment":[{"href":"https:\/\/cipokellekek.hu\/en\/wp-json\/wp\/v2\/media?parent=331750"}],"wp:term":[{"taxonomy":"product_brand","embeddable":true,"href":"https:\/\/cipokellekek.hu\/en\/wp-json\/wp\/v2\/product_brand?post=331750"},{"taxonomy":"product_cat","embeddable":true,"href":"https:\/\/cipokellekek.hu\/en\/wp-json\/wp\/v2\/product_cat?post=331750"},{"taxonomy":"product_tag","embeddable":true,"href":"https:\/\/cipokellekek.hu\/en\/wp-json\/wp\/v2\/product_tag?post=331750"}],"curies":[{"name":"wp","href":"https:\/\/api.w.org\/{rel}","templated":true}]}}