{"id":331738,"date":"2023-09-11T16:27:07","date_gmt":"2023-09-11T14:27:07","guid":{"rendered":"https:\/\/dev.sysvol.hu\/belso\/termek\/perfekt-premium-csuklos-fa-samfa-tendper\/"},"modified":"2025-08-10T15:16:17","modified_gmt":"2025-08-10T13:16:17","slug":"perfekt-premium-csuklos-fa-samfa-tendper","status":"publish","type":"product","link":"https:\/\/cipokellekek.hu\/en\/uzlet\/cipoapolasi-kellekek\/cipotagitok\/perfekt-premium-csuklos-fa-samfa-tendper\/","title":{"rendered":"Perfekt premium csukl\u00f3s fa s\u00e1mfa (TENDPER)"},"content":{"rendered":"<div class=\"note note-1\">K\u00fcl\u00f6nleges, lakkozott, \u00e1ll\u00edthat\u00f3 fa s\u00e1mfa aranysz\u00edn\u0171 gombbal. Dupla rug\u00f3s kialak\u00edt\u00e1s, fejb\u0151s\u00e9g \u00e9s hossz fesz\u00edt\u00e9ssel, amelyb\u0151l a fejr\u00e9sz automata. Cs\u00f6kkenti a gy\u0171r\u0151d\u00e9seket, r\u00e1ncokat, mik\u00f6zben a csukl\u00f3s mechanizmusnak k\u00f6sz\u00f6nhet\u0151en k\u00f6nnyed\u00e9n alkalmazkodik k\u00fcl\u00f6nb\u00f6z\u0151 cip\u0151t\u00edpusokhoz. Lakkozott fel\u00fclet\u00e9nek k\u00f6sz\u00f6nhet\u0151en extra eleganci\u00e1t biztos\u00edt, mik\u00f6zben v\u00e9delmet ny\u00fajt a cip\u0151 anyag\u00e1nak. Kiszerel\u00e9s: 1 P\u00c1R<\/div>\n<div class=\"note note-2\"><\/div>\n<div class=\"note note-3\"><\/div>","protected":false},"excerpt":{"rendered":"<p>K\u00fcl\u00f6nleges, lakkozott, \u00e1ll\u00edthat\u00f3 fa s\u00e1mfa aranysz\u00edn\u0171 gombbal. Dupla rug\u00f3s kialak\u00edt\u00e1s, fejb\u0151s\u00e9g \u00e9s hossz fesz\u00edt\u00e9ssel, amelyb\u0151l a fejr\u00e9sz automata. Kiszerel\u00e9s: 1 P\u00c1R<\/p>","protected":false},"featured_media":351021,"comment_status":"closed","ping_status":"closed","template":"","meta":{"_seopress_robots_primary_cat":"none","_seopress_titles_title":"Perfekt premium csukl\u00f3s fa s\u00e1mfa (TENDPER)","_seopress_titles_desc":"K\u00fcl\u00f6nleges, lakkozott, \u00e1ll\u00edthat\u00f3 fa s\u00e1mfa aranysz\u00edn\u0171 gombbal. Dupla rug\u00f3s kialak\u00edt\u00e1s, fejb\u0151s\u00e9g \u00e9s hossz fesz\u00edt\u00e9ssel, A fejr\u00e9sz automata. Kiszerel\u00e9s: 1 p\u00e1r","_seopress_robots_index":""},"product_brand":[],"product_cat":[1928,2049],"product_tag":[2365,2363],"class_list":{"0":"post-331738","1":"product","2":"type-product","3":"status-publish","4":"has-post-thumbnail","6":"product_cat-cipoapolasi-kellekek","7":"product_cat-cipotagitok","8":"product_tag-cipo-es-labapolas","9":"product_tag-cipogyartas-es-cipojavitas","10":"pa_meret-2056","11":"pa_meret-2057","12":"pa_meret-2058","13":"pa_meret-2059","14":"pa_meret-1871","15":"pa_meret-2060","16":"pa_meret-2061","17":"pa_meret-2062","18":"pa_meret-2063","19":"pa_meret-1988","20":"pa_meret-2064","22":"first","23":"instock","24":"purchasable","25":"product-type-variable"},"_links":{"self":[{"href":"https:\/\/cipokellekek.hu\/en\/wp-json\/wp\/v2\/product\/331738","targetHints":{"allow":["GET"]}}],"collection":[{"href":"https:\/\/cipokellekek.hu\/en\/wp-json\/wp\/v2\/product"}],"about":[{"href":"https:\/\/cipokellekek.hu\/en\/wp-json\/wp\/v2\/types\/product"}],"replies":[{"embeddable":true,"href":"https:\/\/cipokellekek.hu\/en\/wp-json\/wp\/v2\/comments?post=331738"}],"wp:featuredmedia":[{"embeddable":true,"href":"https:\/\/cipokellekek.hu\/en\/wp-json\/wp\/v2\/media\/351021"}],"wp:attachment":[{"href":"https:\/\/cipokellekek.hu\/en\/wp-json\/wp\/v2\/media?parent=331738"}],"wp:term":[{"taxonomy":"product_brand","embeddable":true,"href":"https:\/\/cipokellekek.hu\/en\/wp-json\/wp\/v2\/product_brand?post=331738"},{"taxonomy":"product_cat","embeddable":true,"href":"https:\/\/cipokellekek.hu\/en\/wp-json\/wp\/v2\/product_cat?post=331738"},{"taxonomy":"product_tag","embeddable":true,"href":"https:\/\/cipokellekek.hu\/en\/wp-json\/wp\/v2\/product_tag?post=331738"}],"curies":[{"name":"wp","href":"https:\/\/api.w.org\/{rel}","templated":true}]}}