{"id":331730,"date":"2023-09-11T16:27:07","date_gmt":"2023-09-11T14:27:07","guid":{"rendered":"https:\/\/dev.sysvol.hu\/belso\/termek\/csizmaszar-feszito-tendu\/"},"modified":"2025-08-10T15:06:46","modified_gmt":"2025-08-10T13:06:46","slug":"csizmaszar-feszito-tendu","status":"publish","type":"product","link":"https:\/\/cipokellekek.hu\/en\/uzlet\/cipoapolasi-kellekek\/cipotagitok\/csizmaszar-feszito-tendu\/","title":{"rendered":"Csizmasz\u00e1r fesz\u00edt\u0151 (TENDU)"},"content":{"rendered":"<div class=\"note note-1\">Laprug\u00f3s, m\u0171anyag csizmasz\u00e1r fesz\u00edt\u0151, n\u0151i r\u00f6vid sz\u00e1r\u00fa csizm\u00e1khoz. Hossz\u00fas\u00e1g: 24 cm. Seg\u00edt meg\u0151rizni csizm\u00e1id form\u00e1j\u00e1t, megel\u0151zi a gy\u0171r\u0151d\u00e9st \u00e9s rendezetten tartja a l\u00e1bbeliket. Praktikus \u00e9s k\u00f6nnyen haszn\u00e1lhat\u00f3.<\/div>\n<div class=\"note note-2\"><\/div>\n<div class=\"note note-3\"><\/div>","protected":false},"excerpt":{"rendered":"<p>Laprug\u00f3s, m\u0171anyag csizmasz\u00e1r fesz\u00edt\u0151, n\u0151i r\u00f6vid sz\u00e1r\u00fa csizm\u00e1khoz. Hossz\u00fas\u00e1g: 24 cm. Seg\u00edt meg\u0151rizni csizm\u00e1id form\u00e1j\u00e1t, megel\u0151zi a gy\u0171r\u0151d\u00e9st \u00e9s rendezetten tartja a l\u00e1bbeliket. Praktikus \u00e9s k\u00f6nnyen haszn\u00e1lhat\u00f3.<\/p>","protected":false},"featured_media":351019,"comment_status":"closed","ping_status":"closed","template":"","meta":{"_seopress_robots_primary_cat":"none","_seopress_titles_title":"Csizmasz\u00e1r fesz\u00edt\u0151 (TENDU)","_seopress_titles_desc":"Laprug\u00f3s, m\u0171anyag csizmasz\u00e1r fesz\u00edt\u0151, n\u0151i r\u00f6vid sz\u00e1r\u00fa csizm\u00e1khoz. Hossz\u00fas\u00e1g: 24 cm. Seg\u00edt meg\u0151rizni csizm\u00e1id form\u00e1j\u00e1t, megel\u0151zi a gy\u0171r\u0151d\u00e9st.","_seopress_robots_index":""},"product_brand":[],"product_cat":[1928,2049],"product_tag":[2365,2363],"class_list":{"0":"post-331730","1":"product","2":"type-product","3":"status-publish","4":"has-post-thumbnail","6":"product_cat-cipoapolasi-kellekek","7":"product_cat-cipotagitok","8":"product_tag-cipo-es-labapolas","9":"product_tag-cipogyartas-es-cipojavitas","11":"first","12":"instock","13":"purchasable","14":"product-type-simple"},"_links":{"self":[{"href":"https:\/\/cipokellekek.hu\/en\/wp-json\/wp\/v2\/product\/331730","targetHints":{"allow":["GET"]}}],"collection":[{"href":"https:\/\/cipokellekek.hu\/en\/wp-json\/wp\/v2\/product"}],"about":[{"href":"https:\/\/cipokellekek.hu\/en\/wp-json\/wp\/v2\/types\/product"}],"replies":[{"embeddable":true,"href":"https:\/\/cipokellekek.hu\/en\/wp-json\/wp\/v2\/comments?post=331730"}],"wp:featuredmedia":[{"embeddable":true,"href":"https:\/\/cipokellekek.hu\/en\/wp-json\/wp\/v2\/media\/351019"}],"wp:attachment":[{"href":"https:\/\/cipokellekek.hu\/en\/wp-json\/wp\/v2\/media?parent=331730"}],"wp:term":[{"taxonomy":"product_brand","embeddable":true,"href":"https:\/\/cipokellekek.hu\/en\/wp-json\/wp\/v2\/product_brand?post=331730"},{"taxonomy":"product_cat","embeddable":true,"href":"https:\/\/cipokellekek.hu\/en\/wp-json\/wp\/v2\/product_cat?post=331730"},{"taxonomy":"product_tag","embeddable":true,"href":"https:\/\/cipokellekek.hu\/en\/wp-json\/wp\/v2\/product_tag?post=331730"}],"curies":[{"name":"wp","href":"https:\/\/api.w.org\/{rel}","templated":true}]}}