{"id":331711,"date":"2023-09-11T16:26:57","date_gmt":"2023-09-11T14:26:57","guid":{"rendered":"https:\/\/dev.sysvol.hu\/belso\/termek\/premium-borbalzsam-modb250-1000\/"},"modified":"2025-08-10T12:11:21","modified_gmt":"2025-08-10T10:11:21","slug":"premium-borbalzsam-modb250-1000","status":"publish","type":"product","link":"https:\/\/cipokellekek.hu\/en\/uzlet\/cipoapolasi-kellekek\/cipokremek\/premium-borbalzsam-modb250-1000\/","title":{"rendered":"Pr\u00e9mium b\u0151rbalzsam (MODB250-1000)"},"content":{"rendered":"<div class=\"note note-1\">Sz\u00edntelen b\u0151rbalzsam, amely k\u00edm\u00e9letesen tiszt\u00edtja \u00e9s \u00e1polja a k\u00e9nyes pr\u00e9mium b\u0151r\u00f6ket. Nagy kiszerel\u00e9s, els\u0151 sorban b\u00fatork\u00e1rpit \u00e9s ruh\u00e1zat \u00e1pol\u00e1s\u00e1ra. Kiszerel\u00e9si egys\u00e9g: 250 ml<\/div>\n<div class=\"note note-3\">J\u00f3l meg\u00e9rdemelt gondoskod\u00e1s kedvenc darabjaidnak! Ez a sz\u00edntelen b\u0151rbalzsam kifejezett alkalmas az olyan k\u00fcl\u00f6nleges b\u00e1n\u00e1sm\u00f3dot ig\u00e9nyl\u0151 b\u0151rfel\u00fcletek tiszt\u00edt\u00e1s\u00e1ra \u00e9s \u00e1pol\u00e1s\u00e1ra, mint a b\u0151rk\u00e1rpitok \u00e9s a b\u0151rruh\u00e1zat.<\/div>","protected":false},"excerpt":{"rendered":"<p>Sz\u00edntelen b\u0151rbalzsam, amely k\u00edm\u00e9letesen tiszt\u00edtja \u00e9s \u00e1polja a k\u00e9nyes pr\u00e9mium b\u0151r\u00f6ket. Nagy kiszerel\u00e9s, els\u0151 sorban b\u00fatork\u00e1rpit \u00e9s ruh\u00e1zat \u00e1pol\u00e1s\u00e1ra. Kiszerel\u00e9si egys\u00e9g: 250 ml<\/p>","protected":false},"featured_media":351015,"comment_status":"closed","ping_status":"closed","template":"","meta":{"_seopress_robots_primary_cat":"none","_seopress_titles_title":"Pr\u00e9mium b\u0151rbalzsam (MODB250-1000)","_seopress_titles_desc":"Sz\u00edntelen b\u0151rbalzsam, amely k\u00edm\u00e9letesen tiszt\u00edtja \u00e9s \u00e1polja a k\u00e9nyes pr\u00e9mium b\u0151r\u00f6ket. Els\u0151sorban b\u00fatork\u00e1rpit \u00e9s ruh\u00e1zat \u00e1pol\u00e1s\u00e1ra. Kiszerel\u00e9si egys\u00e9g: 250 ml","_seopress_robots_index":""},"product_brand":[],"product_cat":[1928,2034],"product_tag":[2365],"class_list":{"0":"post-331711","1":"product","2":"type-product","3":"status-publish","4":"has-post-thumbnail","6":"product_cat-cipoapolasi-kellekek","7":"product_cat-cipokremek","8":"product_tag-cipo-es-labapolas","9":"pa_meret-250-ml","10":"pa_meret-500-ml","11":"pa_meret-1000-ml","13":"first","14":"instock","15":"featured","16":"purchasable","17":"product-type-variable"},"_links":{"self":[{"href":"https:\/\/cipokellekek.hu\/en\/wp-json\/wp\/v2\/product\/331711","targetHints":{"allow":["GET"]}}],"collection":[{"href":"https:\/\/cipokellekek.hu\/en\/wp-json\/wp\/v2\/product"}],"about":[{"href":"https:\/\/cipokellekek.hu\/en\/wp-json\/wp\/v2\/types\/product"}],"replies":[{"embeddable":true,"href":"https:\/\/cipokellekek.hu\/en\/wp-json\/wp\/v2\/comments?post=331711"}],"wp:featuredmedia":[{"embeddable":true,"href":"https:\/\/cipokellekek.hu\/en\/wp-json\/wp\/v2\/media\/351015"}],"wp:attachment":[{"href":"https:\/\/cipokellekek.hu\/en\/wp-json\/wp\/v2\/media?parent=331711"}],"wp:term":[{"taxonomy":"product_brand","embeddable":true,"href":"https:\/\/cipokellekek.hu\/en\/wp-json\/wp\/v2\/product_brand?post=331711"},{"taxonomy":"product_cat","embeddable":true,"href":"https:\/\/cipokellekek.hu\/en\/wp-json\/wp\/v2\/product_cat?post=331711"},{"taxonomy":"product_tag","embeddable":true,"href":"https:\/\/cipokellekek.hu\/en\/wp-json\/wp\/v2\/product_tag?post=331711"}],"curies":[{"name":"wp","href":"https:\/\/api.w.org\/{rel}","templated":true}]}}