{"id":331707,"date":"2023-09-11T16:26:57","date_gmt":"2023-09-11T14:26:57","guid":{"rendered":"https:\/\/dev.sysvol.hu\/belso\/termek\/onfenyezo-szivacs-fenyes-es-szemcses-borhoz-mospe\/"},"modified":"2025-10-16T13:22:49","modified_gmt":"2025-10-16T11:22:49","slug":"onfenyezo-szivacs-fenyes-es-szemcses-borhoz-mospe","status":"publish","type":"product","link":"https:\/\/cipokellekek.hu\/en\/uzlet\/cipoapolasi-kellekek\/cipokremek\/onfenyezo-szivacs-fenyes-es-szemcses-borhoz-mospe\/","title":{"rendered":"\u00d6nf\u00e9nyez\u0151 szivacs f\u00e9nyes \u00e9s szemcs\u00e9s b\u0151rh\u00f6z (MOSPE_MOSPENU)"},"content":{"rendered":"<div class=\"note note-1\">\n<p>\u00d6nf\u00e9nyez\u0151 szivacs f\u00e9nyes \u00e9s szemcs\u00e9s b\u0151rh\u00f6z, valamint d\u00f6rzsi szivacs nubuk b\u0151rh\u00f6z.<\/p>\n<div id=\"artdet__short-descrition\" class=\"artdet__short-descripton mb-4\">\n<div class=\"read-more has-button is-processed\">\n<div class=\"read-more__content artdet__short-descripton-content text-justify\">\n<p>Kompakt \u00e9s tiszta megold\u00e1s a b\u0151r\u00e1pol\u00e1sra!<\/p>\n<p>Az \u00f6nf\u00e9nyez\u0151 szivacs egy l\u00e9p\u00e9sben tiszt\u00edtja \u00e9s adja vissza r\u00e9gi f\u00e9ny\u00e9t kedvenc l\u00e1bbelidnek, m\u00edg a d\u00f6rzsi szivacs gyorsan tiszt\u00edtja meg nubuk cip\u0151det a szennyez\u0151d\u00e9st\u0151l. K\u00f6nny\u0171 kezelhet\u0151s\u00e9ge miatt otthonra \u00e9s utaz\u00e1shoz is egyar\u00e1nt ide\u00e1lis.<\/p>\n<\/div>\n<\/div>\n<\/div>\n<\/div>\n<div class=\"note note-2\"><\/div>\n<div class=\"note note-3\"><\/div>","protected":false},"excerpt":{"rendered":"<p>\u00d6nf\u00e9nyez\u0151 szivacs f\u00e9nyes \u00e9s szemcs\u00e9s b\u0151rh\u00f6z, valamint d\u00f6rzsi szivacs nubuk b\u0151rh\u00f6z.<\/p>\n<div id=\"artdet__short-descrition\" class=\"artdet__short-descripton mb-4\">\n<div class=\"read-more has-button is-processed\">\n<div class=\"read-more__content artdet__short-descripton-content text-justify\">\n<p>Kompakt \u00e9s tiszta megold\u00e1s a b\u0151r\u00e1pol\u00e1sra!<\/p>\n<p>Az \u00f6nf\u00e9nyez\u0151 szivacs egy l\u00e9p\u00e9sben tiszt\u00edtja \u00e9s adja vissza r\u00e9gi f\u00e9ny\u00e9t kedvenc l\u00e1bbelidnek, m\u00edg a d\u00f6rzsi szivacs gyorsan tiszt\u00edtja meg nubuk cip\u0151det a szennyez\u0151d\u00e9st\u0151l. K\u00f6nny\u0171 kezelhet\u0151s\u00e9ge miatt otthonra \u00e9s utaz\u00e1shoz is egyar\u00e1nt ide\u00e1lis.<\/p>\n<\/div>\n<\/div>\n<\/div>","protected":false},"featured_media":351014,"comment_status":"closed","ping_status":"closed","template":"","meta":{"_seopress_robots_primary_cat":"none","_seopress_titles_title":"\u00d6nf\u00e9nyez\u0151 szivacs f\u00e9nyes \u00e9s szemcs\u00e9s b\u0151rh\u00f6z (MOSPE)","_seopress_titles_desc":"\u00d6nf\u00e9nyez\u0151 szivacs f\u00e9nyes \u00e9s szemcs\u00e9s b\u0151rh\u00f6z. Az \u00f6nf\u00e9nyez\u0151 szivacs egy l\u00e9p\u00e9sben tiszt\u00edtja \u00e9s adja vissza r\u00e9gi f\u00e9ny\u00e9t kedvenc l\u00e1bbelidnek.","_seopress_robots_index":""},"product_brand":[],"product_cat":[1928,2034],"product_tag":[2365],"class_list":{"0":"post-331707","1":"product","2":"type-product","3":"status-publish","4":"has-post-thumbnail","6":"product_cat-cipoapolasi-kellekek","7":"product_cat-cipokremek","8":"product_tag-cipo-es-labapolas","9":"pa_szin-barna","10":"pa_szin-dorzsi","11":"pa_szin-fekete","12":"pa_szin-szintelen","14":"first","15":"instock","16":"purchasable","17":"product-type-variable"},"_links":{"self":[{"href":"https:\/\/cipokellekek.hu\/en\/wp-json\/wp\/v2\/product\/331707","targetHints":{"allow":["GET"]}}],"collection":[{"href":"https:\/\/cipokellekek.hu\/en\/wp-json\/wp\/v2\/product"}],"about":[{"href":"https:\/\/cipokellekek.hu\/en\/wp-json\/wp\/v2\/types\/product"}],"replies":[{"embeddable":true,"href":"https:\/\/cipokellekek.hu\/en\/wp-json\/wp\/v2\/comments?post=331707"}],"wp:featuredmedia":[{"embeddable":true,"href":"https:\/\/cipokellekek.hu\/en\/wp-json\/wp\/v2\/media\/351014"}],"wp:attachment":[{"href":"https:\/\/cipokellekek.hu\/en\/wp-json\/wp\/v2\/media?parent=331707"}],"wp:term":[{"taxonomy":"product_brand","embeddable":true,"href":"https:\/\/cipokellekek.hu\/en\/wp-json\/wp\/v2\/product_brand?post=331707"},{"taxonomy":"product_cat","embeddable":true,"href":"https:\/\/cipokellekek.hu\/en\/wp-json\/wp\/v2\/product_cat?post=331707"},{"taxonomy":"product_tag","embeddable":true,"href":"https:\/\/cipokellekek.hu\/en\/wp-json\/wp\/v2\/product_tag?post=331707"}],"curies":[{"name":"wp","href":"https:\/\/api.w.org\/{rel}","templated":true}]}}