{"id":331700,"date":"2023-09-11T16:26:57","date_gmt":"2023-09-11T14:26:57","guid":{"rendered":"https:\/\/dev.sysvol.hu\/belso\/termek\/folyekony-onfenyezo-cipotisztito-moshsh\/"},"modified":"2025-11-03T23:45:22","modified_gmt":"2025-11-03T21:45:22","slug":"folyekony-onfenyezo-cipotisztito-moshsh","status":"publish","type":"product","link":"https:\/\/cipokellekek.hu\/en\/uzlet\/cipoapolasi-kellekek\/cipokremek\/folyekony-onfenyezo-cipotisztito-moshsh\/","title":{"rendered":"Foly\u00e9kony \u00f6nf\u00e9nyez\u0151 cip\u0151tiszt\u00edt\u00f3 (MOSHSH)"},"content":{"rendered":"<div class=\"note note-1\">Regener\u00e1lja \u00e9s \u00e1polja a sima b\u0151rt, valamint az egy\u00e9b textilb\u0151l k\u00e9sz\u00fclt l\u00e1bbelit. Kiszerel\u00e9si egys\u00e9g: 75 ml<\/div>\n<div class=\"note note-2\"><\/div>\n<div class=\"note note-3\"><\/div>","protected":false},"excerpt":{"rendered":"<p>Regener\u00e1lja \u00e9s \u00e1polja a sima b\u0151rt, valamint az egy\u00e9b textilb\u0151l k\u00e9sz\u00fclt l\u00e1bbelit. Kiszerel\u00e9si egys\u00e9g: 75 ml<\/p>","protected":false},"featured_media":351012,"comment_status":"closed","ping_status":"closed","template":"","meta":{"_seopress_robots_primary_cat":"none","_seopress_titles_title":"Foly\u00e9kony \u00f6nf\u00e9nyez\u0151 cip\u0151tiszt\u00edt\u00f3 (MOSHSH)","_seopress_titles_desc":"Regener\u00e1lja \u00e9s \u00e1polja a sima b\u0151rt, valamint az egy\u00e9b textilb\u0151l k\u00e9sz\u00fclt l\u00e1bbelit. Kiszerel\u00e9si egys\u00e9g: 75 ml.","_seopress_robots_index":""},"product_brand":[],"product_cat":[1928,2034],"product_tag":[2365],"class_list":{"0":"post-331700","1":"product","2":"type-product","3":"status-publish","4":"has-post-thumbnail","6":"product_cat-cipoapolasi-kellekek","7":"product_cat-cipokremek","8":"product_tag-cipo-es-labapolas","9":"pa_szin-barna","10":"pa_szin-feher","11":"pa_szin-fekete","12":"pa_szin-kek","13":"pa_szin-sotet-barna","14":"pa_szin-szintelen","16":"first","17":"instock","18":"purchasable","19":"product-type-variable"},"_links":{"self":[{"href":"https:\/\/cipokellekek.hu\/en\/wp-json\/wp\/v2\/product\/331700","targetHints":{"allow":["GET"]}}],"collection":[{"href":"https:\/\/cipokellekek.hu\/en\/wp-json\/wp\/v2\/product"}],"about":[{"href":"https:\/\/cipokellekek.hu\/en\/wp-json\/wp\/v2\/types\/product"}],"replies":[{"embeddable":true,"href":"https:\/\/cipokellekek.hu\/en\/wp-json\/wp\/v2\/comments?post=331700"}],"wp:featuredmedia":[{"embeddable":true,"href":"https:\/\/cipokellekek.hu\/en\/wp-json\/wp\/v2\/media\/351012"}],"wp:attachment":[{"href":"https:\/\/cipokellekek.hu\/en\/wp-json\/wp\/v2\/media?parent=331700"}],"wp:term":[{"taxonomy":"product_brand","embeddable":true,"href":"https:\/\/cipokellekek.hu\/en\/wp-json\/wp\/v2\/product_brand?post=331700"},{"taxonomy":"product_cat","embeddable":true,"href":"https:\/\/cipokellekek.hu\/en\/wp-json\/wp\/v2\/product_cat?post=331700"},{"taxonomy":"product_tag","embeddable":true,"href":"https:\/\/cipokellekek.hu\/en\/wp-json\/wp\/v2\/product_tag?post=331700"}],"curies":[{"name":"wp","href":"https:\/\/api.w.org\/{rel}","templated":true}]}}