{"id":331698,"date":"2023-09-11T16:26:57","date_gmt":"2023-09-11T14:26:57","guid":{"rendered":"https:\/\/dev.sysvol.hu\/belso\/termek\/cipokrem-allvany-moesptubm-motub\/"},"modified":"2025-08-08T16:22:17","modified_gmt":"2025-08-08T14:22:17","slug":"cipokrem-allvany-moesptubm-motub","status":"publish","type":"product","link":"https:\/\/cipokellekek.hu\/en\/uzlet\/cipoapolasi-kellekek\/cipokremek\/cipokrem-allvany-moesptubm-motub\/","title":{"rendered":"Cip\u0151kr\u00e9m \u00e1llv\u00e1ny (MOESPTUBM-MOTUB)"},"content":{"rendered":"<div class=\"note note-1\">A\u00a0MOVI cip\u0151kr\u00e9m \u00e1llv\u00e1ny\u00a0egy\u00a0stabil \u00e9s eszt\u00e9tikus f\u00e9m bemutat\u00f3eszk\u00f6z, amelyet kifejezettencip\u0151\u00e1pol\u00f3 kr\u00e9mek\u00a0(tubusos kiszerel\u00e9s) rendezett \u00e9s figyelemfelkelt\u0151 kihelyez\u00e9s\u00e9re terveztek.\u00a0Ak\u00e1r 120 darabos kapacit\u00e1s\u00e1val\u00a0ide\u00e1lis v\u00e1laszt\u00e1s forgalmasabb \u00fczletek, cip\u0151boltok vagy l\u00e1b\u00e1pol\u00e1si szak\u00fczletek sz\u00e1m\u00e1ra.<\/div>\n<div class=\"note note-3\"><\/div>","protected":false},"excerpt":{"rendered":"<p>A MOVI cip\u0151kr\u00e9m \u00e1llv\u00e1ny egy stabil \u00e9s eszt\u00e9tikus f\u00e9m bemutat\u00f3eszk\u00f6z. Az \u00e1llv\u00e1nyon 120 db cip\u0151kr\u00e9m t\u00e1rolhat\u00f3.<\/p>","protected":false},"featured_media":351010,"comment_status":"closed","ping_status":"closed","template":"","meta":{"_seopress_robots_primary_cat":"none","_seopress_titles_title":"Cip\u0151kr\u00e9m \u00e1llv\u00e1ny (MOESPTUBM-MOTUB)","_seopress_titles_desc":"A MOVI cip\u0151kr\u00e9m \u00e1llv\u00e1ny egy stabil \u00e9s eszt\u00e9tikus f\u00e9m bemutat\u00f3eszk\u00f6z. Az \u00e1llv\u00e1nyon 120 db cip\u0151kr\u00e9m t\u00e1rolhat\u00f3.","_seopress_robots_index":""},"product_brand":[],"product_cat":[1928,2034],"product_tag":[2365],"class_list":{"0":"post-331698","1":"product","2":"type-product","3":"status-publish","4":"has-post-thumbnail","6":"product_cat-cipoapolasi-kellekek","7":"product_cat-cipokremek","8":"product_tag-cipo-es-labapolas","10":"first","11":"instock","12":"purchasable","13":"product-type-simple"},"_links":{"self":[{"href":"https:\/\/cipokellekek.hu\/en\/wp-json\/wp\/v2\/product\/331698","targetHints":{"allow":["GET"]}}],"collection":[{"href":"https:\/\/cipokellekek.hu\/en\/wp-json\/wp\/v2\/product"}],"about":[{"href":"https:\/\/cipokellekek.hu\/en\/wp-json\/wp\/v2\/types\/product"}],"replies":[{"embeddable":true,"href":"https:\/\/cipokellekek.hu\/en\/wp-json\/wp\/v2\/comments?post=331698"}],"wp:featuredmedia":[{"embeddable":true,"href":"https:\/\/cipokellekek.hu\/en\/wp-json\/wp\/v2\/media\/351010"}],"wp:attachment":[{"href":"https:\/\/cipokellekek.hu\/en\/wp-json\/wp\/v2\/media?parent=331698"}],"wp:term":[{"taxonomy":"product_brand","embeddable":true,"href":"https:\/\/cipokellekek.hu\/en\/wp-json\/wp\/v2\/product_brand?post=331698"},{"taxonomy":"product_cat","embeddable":true,"href":"https:\/\/cipokellekek.hu\/en\/wp-json\/wp\/v2\/product_cat?post=331698"},{"taxonomy":"product_tag","embeddable":true,"href":"https:\/\/cipokellekek.hu\/en\/wp-json\/wp\/v2\/product_tag?post=331698"}],"curies":[{"name":"wp","href":"https:\/\/api.w.org\/{rel}","templated":true}]}}