{"id":331680,"date":"2023-09-11T16:26:57","date_gmt":"2023-09-11T14:26:57","guid":{"rendered":"https:\/\/dev.sysvol.hu\/belso\/termek\/cipoapolo-krem-tubusban-motub\/"},"modified":"2025-08-08T16:15:06","modified_gmt":"2025-08-08T14:15:06","slug":"cipoapolo-krem-tubusban-motub","status":"publish","type":"product","link":"https:\/\/cipokellekek.hu\/en\/uzlet\/cipoapolasi-kellekek\/cipokremek\/cipoapolo-krem-tubusban-motub\/","title":{"rendered":"Cip\u0151\u00e1pol\u00f3 kr\u00e9m tubusban (MOTUB)"},"content":{"rendered":"<div class=\"note note-1\">Term\u00e9szetes wax alap\u00fa cip\u0151\u00e1pol\u00f3 kr\u00e9m 17 sz\u00ednben. Kiszerel\u00e9si egys\u00e9g: 50 ml<\/div>\n<div class=\"note note-2\"><\/div>\n<div class=\"note note-3\"><\/div>","protected":false},"excerpt":{"rendered":"<p>Term\u00e9szetes wax alap\u00fa cip\u0151\u00e1pol\u00f3 kr\u00e9m 17 sz\u00ednben. Kiszerel\u00e9si egys\u00e9g: 50 ml<\/p>","protected":false},"featured_media":351009,"comment_status":"closed","ping_status":"closed","template":"","meta":{"_seopress_robots_primary_cat":"none","_seopress_titles_title":"Cip\u0151\u00e1pol\u00f3 kr\u00e9m tubusban (MOTUB)","_seopress_titles_desc":"","_seopress_robots_index":""},"product_brand":[],"product_cat":[1928,2034],"product_tag":[2365],"class_list":{"0":"post-331680","1":"product","2":"type-product","3":"status-publish","4":"has-post-thumbnail","6":"product_cat-cipoapolasi-kellekek","7":"product_cat-cipokremek","8":"product_tag-cipo-es-labapolas","9":"pa_szin-1957","10":"pa_szin-1958","11":"pa_szin-1938","12":"pa_szin-1959","13":"pa_szin-1939","14":"pa_szin-1940","15":"pa_szin-1960","16":"pa_szin-1961","17":"pa_szin-1941","18":"pa_szin-1943","19":"pa_szin-1965","20":"pa_szin-1944","21":"pa_szin-1967","22":"pa_szin-1952","23":"pa_szin-1953","24":"pa_szin-1954","25":"pa_szin-1955","27":"first","28":"instock","29":"purchasable","30":"product-type-variable"},"_links":{"self":[{"href":"https:\/\/cipokellekek.hu\/en\/wp-json\/wp\/v2\/product\/331680","targetHints":{"allow":["GET"]}}],"collection":[{"href":"https:\/\/cipokellekek.hu\/en\/wp-json\/wp\/v2\/product"}],"about":[{"href":"https:\/\/cipokellekek.hu\/en\/wp-json\/wp\/v2\/types\/product"}],"replies":[{"embeddable":true,"href":"https:\/\/cipokellekek.hu\/en\/wp-json\/wp\/v2\/comments?post=331680"}],"wp:featuredmedia":[{"embeddable":true,"href":"https:\/\/cipokellekek.hu\/en\/wp-json\/wp\/v2\/media\/351009"}],"wp:attachment":[{"href":"https:\/\/cipokellekek.hu\/en\/wp-json\/wp\/v2\/media?parent=331680"}],"wp:term":[{"taxonomy":"product_brand","embeddable":true,"href":"https:\/\/cipokellekek.hu\/en\/wp-json\/wp\/v2\/product_brand?post=331680"},{"taxonomy":"product_cat","embeddable":true,"href":"https:\/\/cipokellekek.hu\/en\/wp-json\/wp\/v2\/product_cat?post=331680"},{"taxonomy":"product_tag","embeddable":true,"href":"https:\/\/cipokellekek.hu\/en\/wp-json\/wp\/v2\/product_tag?post=331680"}],"curies":[{"name":"wp","href":"https:\/\/api.w.org\/{rel}","templated":true}]}}