{"id":331678,"date":"2023-09-11T16:26:50","date_gmt":"2023-09-11T14:26:50","guid":{"rendered":"https:\/\/dev.sysvol.hu\/belso\/termek\/cipo-vax-allvany-moesple-movas\/"},"modified":"2025-10-09T14:55:21","modified_gmt":"2025-10-09T12:55:21","slug":"cipo-vax-allvany-moesple-movas","status":"publish","type":"product","link":"https:\/\/cipokellekek.hu\/en\/uzlet\/cipoapolasi-kellekek\/cipokremek\/cipo-vax-allvany-moesple-movas\/","title":{"rendered":"Cip\u0151 wax \u00e1llv\u00e1ny (MOESPLE-MOVAS)"},"content":{"rendered":"<div class=\"note note-1\">Waxok \u00e1tl\u00e1that\u00f3 \u00e9s biztons\u00e1gos t\u00e1rol\u00e1s\u00e1ra szolg\u00e1l. Az \u00e1llv\u00e1nyon 90 db wax t\u00e1rolhat\u00f3.<\/div>\n<div class=\"note note-2\"><\/div>\n<div class=\"note note-3\"><\/div>","protected":false},"excerpt":{"rendered":"<p>Waxok \u00e1tl\u00e1that\u00f3 \u00e9s biztons\u00e1gos t\u00e1rol\u00e1s\u00e1ra szolg\u00e1l. Az \u00e1llv\u00e1nyon 90 db wax t\u00e1rolhat\u00f3.<\/p>","protected":false},"featured_media":351007,"comment_status":"closed","ping_status":"closed","template":"","meta":{"_seopress_robots_primary_cat":"none","_seopress_titles_title":"Cip\u0151 wax \u00e1llv\u00e1ny (MOESPLE-MOVAS)","_seopress_titles_desc":"Waxok \u00e1tl\u00e1that\u00f3 \u00e9s biztons\u00e1gos t\u00e1rol\u00e1s\u00e1ra szolg\u00e1l. Az \u00e1llv\u00e1nyon 90 db wax t\u00e1rolhat\u00f3.","_seopress_robots_index":""},"product_brand":[],"product_cat":[1928,2034],"product_tag":[2365],"class_list":{"0":"post-331678","1":"product","2":"type-product","3":"status-publish","4":"has-post-thumbnail","6":"product_cat-cipoapolasi-kellekek","7":"product_cat-cipokremek","8":"product_tag-cipo-es-labapolas","10":"first","11":"instock","12":"purchasable","13":"product-type-simple"},"_links":{"self":[{"href":"https:\/\/cipokellekek.hu\/en\/wp-json\/wp\/v2\/product\/331678","targetHints":{"allow":["GET"]}}],"collection":[{"href":"https:\/\/cipokellekek.hu\/en\/wp-json\/wp\/v2\/product"}],"about":[{"href":"https:\/\/cipokellekek.hu\/en\/wp-json\/wp\/v2\/types\/product"}],"replies":[{"embeddable":true,"href":"https:\/\/cipokellekek.hu\/en\/wp-json\/wp\/v2\/comments?post=331678"}],"wp:featuredmedia":[{"embeddable":true,"href":"https:\/\/cipokellekek.hu\/en\/wp-json\/wp\/v2\/media\/351007"}],"wp:attachment":[{"href":"https:\/\/cipokellekek.hu\/en\/wp-json\/wp\/v2\/media?parent=331678"}],"wp:term":[{"taxonomy":"product_brand","embeddable":true,"href":"https:\/\/cipokellekek.hu\/en\/wp-json\/wp\/v2\/product_brand?post=331678"},{"taxonomy":"product_cat","embeddable":true,"href":"https:\/\/cipokellekek.hu\/en\/wp-json\/wp\/v2\/product_cat?post=331678"},{"taxonomy":"product_tag","embeddable":true,"href":"https:\/\/cipokellekek.hu\/en\/wp-json\/wp\/v2\/product_tag?post=331678"}],"curies":[{"name":"wp","href":"https:\/\/api.w.org\/{rel}","templated":true}]}}