{"id":331677,"date":"2023-09-11T16:26:50","date_gmt":"2023-09-11T14:26:50","guid":{"rendered":"https:\/\/dev.sysvol.hu\/belso\/termek\/borbalzsam-modb050\/"},"modified":"2025-08-10T14:08:55","modified_gmt":"2025-08-10T12:08:55","slug":"borbalzsam-modb050","status":"publish","type":"product","link":"https:\/\/cipokellekek.hu\/en\/uzlet\/cipoapolasi-kellekek\/cipokremek\/borbalzsam-modb050\/","title":{"rendered":"B\u0151rbalzsam (MODB050)"},"content":{"rendered":"<div class=\"note note-1\">Sz\u00edntelen b\u0151rbalzsam, amely k\u00edm\u00e9letesen tiszt\u00edtja \u00e9s \u00e1polja a k\u00e9nyes pr\u00e9mium b\u0151r\u00f6ket. K\u00fcl\u00f6n\u00f6sen aj\u00e1nlott nappa- \u00e9s h\u00fcll\u0151b\u0151r\u00f6kh\u00f6z, t\u00e1sk\u00e1khoz, keszty\u0171kh\u00f6z. Kiszerel\u00e9si egys\u00e9g: 50 ml<\/div>\n<div class=\"note note-2\"><\/div>\n<div class=\"note note-3\"><\/div>","protected":false},"excerpt":{"rendered":"<p>Sz\u00edntelen b\u0151rbalzsam, amely k\u00edm\u00e9letesen tiszt\u00edtja \u00e9s \u00e1polja a k\u00e9nyes pr\u00e9mium b\u0151r\u00f6ket. K\u00fcl\u00f6n\u00f6sen aj\u00e1nlott nappa- \u00e9s h\u00fcll\u0151b\u0151r\u00f6kh\u00f6z, t\u00e1sk\u00e1khoz, keszty\u0171kh\u00f6z. Kiszerel\u00e9si egys\u00e9g: 50 ml<\/p>","protected":false},"featured_media":351006,"comment_status":"closed","ping_status":"closed","template":"","meta":{"_seopress_robots_primary_cat":"none","_seopress_titles_title":"B\u0151rbalzsam (MODB050)","_seopress_titles_desc":"Sz\u00edntelen b\u0151rbalzsam, amely k\u00edm\u00e9letesen tiszt\u00edtja \u00e9s \u00e1polja a pr\u00e9mium b\u0151r\u00f6ket. Nappa- \u00e9s h\u00fcll\u0151b\u0151r\u00f6kh\u00f6z, t\u00e1sk\u00e1khoz, keszty\u0171kh\u00f6z aj\u00e1nlott. Kiszerel\u00e9si egys\u00e9g: 50 ml","_seopress_robots_index":""},"product_brand":[],"product_cat":[1928,2034],"product_tag":[2365],"class_list":{"0":"post-331677","1":"product","2":"type-product","3":"status-publish","4":"has-post-thumbnail","6":"product_cat-cipoapolasi-kellekek","7":"product_cat-cipokremek","8":"product_tag-cipo-es-labapolas","10":"first","11":"instock","12":"purchasable","13":"product-type-simple"},"_links":{"self":[{"href":"https:\/\/cipokellekek.hu\/en\/wp-json\/wp\/v2\/product\/331677","targetHints":{"allow":["GET"]}}],"collection":[{"href":"https:\/\/cipokellekek.hu\/en\/wp-json\/wp\/v2\/product"}],"about":[{"href":"https:\/\/cipokellekek.hu\/en\/wp-json\/wp\/v2\/types\/product"}],"replies":[{"embeddable":true,"href":"https:\/\/cipokellekek.hu\/en\/wp-json\/wp\/v2\/comments?post=331677"}],"wp:featuredmedia":[{"embeddable":true,"href":"https:\/\/cipokellekek.hu\/en\/wp-json\/wp\/v2\/media\/351006"}],"wp:attachment":[{"href":"https:\/\/cipokellekek.hu\/en\/wp-json\/wp\/v2\/media?parent=331677"}],"wp:term":[{"taxonomy":"product_brand","embeddable":true,"href":"https:\/\/cipokellekek.hu\/en\/wp-json\/wp\/v2\/product_brand?post=331677"},{"taxonomy":"product_cat","embeddable":true,"href":"https:\/\/cipokellekek.hu\/en\/wp-json\/wp\/v2\/product_cat?post=331677"},{"taxonomy":"product_tag","embeddable":true,"href":"https:\/\/cipokellekek.hu\/en\/wp-json\/wp\/v2\/product_tag?post=331677"}],"curies":[{"name":"wp","href":"https:\/\/api.w.org\/{rel}","templated":true}]}}