{"id":331673,"date":"2023-09-11T16:26:50","date_gmt":"2023-09-11T14:26:50","guid":{"rendered":"https:\/\/dev.sysvol.hu\/belso\/termek\/borapolo-olaj-modub\/"},"modified":"2025-08-10T14:03:42","modified_gmt":"2025-08-10T12:03:42","slug":"borapolo-olaj-modub","status":"publish","type":"product","link":"https:\/\/cipokellekek.hu\/en\/uzlet\/cipoapolasi-kellekek\/cipokremek\/borapolo-olaj-modub\/","title":{"rendered":"B\u0151r\u00e1pol\u00f3 olaj (MODUB)"},"content":{"rendered":"<div class=\"note note-1\">Sz\u00edntelen b\u0151r\u00e1pol\u00f3 olaj, mely l\u00e1gy\u00edtja \u00e9s impregn\u00e1lja a b\u0151rt. Matt \u00e9s f\u00e9nyes cip\u0151kre egyar\u00e1nt alkalmas. Ak\u00e1r utcai l\u00e1bbelire, ak\u00e1r futball cip\u0151re vagy t\u00farabakancsra keresel \u00e1pol\u00f3szert, a MOVI b\u0151r\u00e1pol\u00f3 olaja megold\u00e1st k\u00edn\u00e1l, ha l\u00e1gy\u00edtani \u00e9s impregn\u00e1lni szeretn\u00e9d a fel\u00fclet\u00e9t.<\/div>\n<div class=\"note note-2\"><\/div>\n<div class=\"note note-3\"><\/div>","protected":false},"excerpt":{"rendered":"<p>Sz\u00edntelen b\u0151r\u00e1pol\u00f3 olaj, mely l\u00e1gy\u00edtja \u00e9s impregn\u00e1lja a b\u0151rt. Matt \u00e9s f\u00e9nyes cip\u0151kre egyar\u00e1nt alkalmas.<\/p>","protected":false},"featured_media":351005,"comment_status":"closed","ping_status":"closed","template":"","meta":{"_seopress_robots_primary_cat":"none","_seopress_titles_title":"B\u0151r\u00e1pol\u00f3 olaj (MODUB)","_seopress_titles_desc":"Sz\u00edntelen b\u0151r\u00e1pol\u00f3 olaj, mely l\u00e1gy\u00edtja \u00e9s impregn\u00e1lja a b\u0151rt. Matt \u00e9s f\u00e9nyes cip\u0151kre egyar\u00e1nt alkalmas.","_seopress_robots_index":""},"product_brand":[],"product_cat":[1928,2034],"product_tag":[2365],"class_list":{"0":"post-331673","1":"product","2":"type-product","3":"status-publish","4":"has-post-thumbnail","6":"product_cat-cipoapolasi-kellekek","7":"product_cat-cipokremek","8":"product_tag-cipo-es-labapolas","9":"pa_meret-50-ml","10":"pa_meret-100-ml","11":"pa_meret-1000-ml","13":"first","14":"instock","15":"purchasable","16":"product-type-variable"},"_links":{"self":[{"href":"https:\/\/cipokellekek.hu\/en\/wp-json\/wp\/v2\/product\/331673","targetHints":{"allow":["GET"]}}],"collection":[{"href":"https:\/\/cipokellekek.hu\/en\/wp-json\/wp\/v2\/product"}],"about":[{"href":"https:\/\/cipokellekek.hu\/en\/wp-json\/wp\/v2\/types\/product"}],"replies":[{"embeddable":true,"href":"https:\/\/cipokellekek.hu\/en\/wp-json\/wp\/v2\/comments?post=331673"}],"wp:featuredmedia":[{"embeddable":true,"href":"https:\/\/cipokellekek.hu\/en\/wp-json\/wp\/v2\/media\/351005"}],"wp:attachment":[{"href":"https:\/\/cipokellekek.hu\/en\/wp-json\/wp\/v2\/media?parent=331673"}],"wp:term":[{"taxonomy":"product_brand","embeddable":true,"href":"https:\/\/cipokellekek.hu\/en\/wp-json\/wp\/v2\/product_brand?post=331673"},{"taxonomy":"product_cat","embeddable":true,"href":"https:\/\/cipokellekek.hu\/en\/wp-json\/wp\/v2\/product_cat?post=331673"},{"taxonomy":"product_tag","embeddable":true,"href":"https:\/\/cipokellekek.hu\/en\/wp-json\/wp\/v2\/product_tag?post=331673"}],"curies":[{"name":"wp","href":"https:\/\/api.w.org\/{rel}","templated":true}]}}