{"id":331637,"date":"2023-09-11T16:26:50","date_gmt":"2023-09-11T14:26:50","guid":{"rendered":"https:\/\/dev.sysvol.hu\/belso\/termek\/borapolo-krem-movas-movasm\/"},"modified":"2025-08-10T13:57:22","modified_gmt":"2025-08-10T11:57:22","slug":"borapolo-krem-movas-movasm","status":"publish","type":"product","link":"https:\/\/cipokellekek.hu\/en\/uzlet\/cipoapolasi-kellekek\/cipokremek\/borapolo-krem-movas-movasm\/","title":{"rendered":"B\u0151r\u00e1pol\u00f3 kr\u00e9m (MOVAS, MOVASM)"},"content":{"rendered":"<div class=\"note note-1\">\u00c9rt\u00e9kes vax tartalm\u00fa b\u0151r \u00e1pol\u00f3 kr\u00e9m, mely m\u00e9lyen t\u00e1pl\u00e1lja \u00e9s f\u00e9nyes\u00edti a b\u0151rt. 30 sz\u00ednben + 5 met\u00e1l sz\u00ednben kaphat\u00f3. Kiszerel\u00e9si egys\u00e9g: 50 ml<\/div>\n<div class=\"note note-2\"><\/div>\n<div class=\"note note-3\"><\/div>","protected":false},"excerpt":{"rendered":"<p>\u00c9rt\u00e9kes vax tartalm\u00fa b\u0151r \u00e1pol\u00f3 kr\u00e9m, mely m\u00e9lyen t\u00e1pl\u00e1lja \u00e9s f\u00e9nyes\u00edti a b\u0151rt. 30 sz\u00ednben + 5 met\u00e1l sz\u00ednben kaphat\u00f3. Kiszerel\u00e9si egys\u00e9g: 50 ml<\/p>","protected":false},"featured_media":351004,"comment_status":"closed","ping_status":"closed","template":"","meta":{"_seopress_robots_primary_cat":"none","_seopress_titles_title":"B\u0151r\u00e1pol\u00f3 kr\u00e9m (MOVAS, MOVASM)","_seopress_titles_desc":"\u00c9rt\u00e9kes vax tartalm\u00fa b\u0151r \u00e1pol\u00f3 kr\u00e9m, mely m\u00e9lyen t\u00e1pl\u00e1lja \u00e9s f\u00e9nyes\u00edti a b\u0151rt. 30 sz\u00ednben + 5 met\u00e1l sz\u00ednben kaphat\u00f3. Kiszerel\u00e9si egys\u00e9g: 50 ml","_seopress_robots_index":""},"product_brand":[],"product_cat":[1928,2034],"product_tag":[2365],"class_list":{"0":"post-331637","1":"product","2":"type-product","3":"status-publish","4":"has-post-thumbnail","6":"product_cat-cipoapolasi-kellekek","7":"product_cat-cipokremek","8":"product_tag-cipo-es-labapolas","9":"pa_szin-1957","10":"pa_szin-1958","11":"pa_szin-1938","12":"pa_szin-1959","13":"pa_szin-1939","14":"pa_szin-1940","15":"pa_szin-1960","16":"pa_szin-1961","17":"pa_szin-1962","18":"pa_szin-2029","19":"pa_szin-1963","20":"pa_szin-1941","21":"pa_szin-1964","22":"pa_szin-1942","23":"pa_szin-1992","24":"pa_szin-1993","25":"pa_szin-1943","26":"pa_szin-1965","27":"pa_szin-1944","28":"pa_szin-2030","29":"pa_szin-1966","30":"pa_szin-1945","31":"pa_szin-1946","32":"pa_szin-1967","33":"pa_szin-1947","34":"pa_szin-1948","35":"pa_szin-1994","36":"pa_szin-1995","37":"pa_szin-2031","38":"pa_szin-1952","39":"pa_szin-1953","40":"pa_szin-2032","41":"pa_szin-1954","42":"pa_szin-2033","43":"pa_szin-1955","45":"first","46":"instock","47":"purchasable","48":"product-type-variable"},"_links":{"self":[{"href":"https:\/\/cipokellekek.hu\/en\/wp-json\/wp\/v2\/product\/331637","targetHints":{"allow":["GET"]}}],"collection":[{"href":"https:\/\/cipokellekek.hu\/en\/wp-json\/wp\/v2\/product"}],"about":[{"href":"https:\/\/cipokellekek.hu\/en\/wp-json\/wp\/v2\/types\/product"}],"replies":[{"embeddable":true,"href":"https:\/\/cipokellekek.hu\/en\/wp-json\/wp\/v2\/comments?post=331637"}],"wp:featuredmedia":[{"embeddable":true,"href":"https:\/\/cipokellekek.hu\/en\/wp-json\/wp\/v2\/media\/351004"}],"wp:attachment":[{"href":"https:\/\/cipokellekek.hu\/en\/wp-json\/wp\/v2\/media?parent=331637"}],"wp:term":[{"taxonomy":"product_brand","embeddable":true,"href":"https:\/\/cipokellekek.hu\/en\/wp-json\/wp\/v2\/product_brand?post=331637"},{"taxonomy":"product_cat","embeddable":true,"href":"https:\/\/cipokellekek.hu\/en\/wp-json\/wp\/v2\/product_cat?post=331637"},{"taxonomy":"product_tag","embeddable":true,"href":"https:\/\/cipokellekek.hu\/en\/wp-json\/wp\/v2\/product_tag?post=331637"}],"curies":[{"name":"wp","href":"https:\/\/api.w.org\/{rel}","templated":true}]}}