{"id":331636,"date":"2023-09-11T16:26:50","date_gmt":"2023-09-11T14:26:50","guid":{"rendered":"https:\/\/dev.sysvol.hu\/belso\/termek\/velurkefe-spazlat1\/"},"modified":"2025-08-08T15:36:17","modified_gmt":"2025-08-08T13:36:17","slug":"velurkefe-spazlat1","status":"publish","type":"product","link":"https:\/\/cipokellekek.hu\/en\/uzlet\/cipoapolasi-kellekek\/cipokefek\/velurkefe-spazlat1\/","title":{"rendered":"Vel\u00farkefe (SPAZLAT1)"},"content":{"rendered":"<div class=\"note note-1\">M\u0171anyag cip\u0151kefe vel\u00far \u00e9s nubuk l\u00e1bbelik tiszt\u00edt\u00e1s\u00e1hoz.<\/div>\n<div class=\"note note-2\"><\/div>\n<div class=\"note note-3\"><\/div>","protected":false},"excerpt":{"rendered":"<p>M\u0171anyag cip\u0151kefe vel\u00far \u00e9s nubuk l\u00e1bbelik tiszt\u00edt\u00e1s\u00e1hoz.<\/p>","protected":false},"featured_media":351003,"comment_status":"closed","ping_status":"closed","template":"","meta":{"_seopress_robots_primary_cat":"none","_seopress_titles_title":"Vel\u00farkefe (SPAZLAT1)","_seopress_titles_desc":"","_seopress_robots_index":""},"product_brand":[],"product_cat":[1928,2028],"product_tag":[2365],"class_list":{"0":"post-331636","1":"product","2":"type-product","3":"status-publish","4":"has-post-thumbnail","6":"product_cat-cipoapolasi-kellekek","7":"product_cat-cipokefek","8":"product_tag-cipo-es-labapolas","10":"first","11":"instock","12":"purchasable","13":"product-type-simple"},"_links":{"self":[{"href":"https:\/\/cipokellekek.hu\/en\/wp-json\/wp\/v2\/product\/331636","targetHints":{"allow":["GET"]}}],"collection":[{"href":"https:\/\/cipokellekek.hu\/en\/wp-json\/wp\/v2\/product"}],"about":[{"href":"https:\/\/cipokellekek.hu\/en\/wp-json\/wp\/v2\/types\/product"}],"replies":[{"embeddable":true,"href":"https:\/\/cipokellekek.hu\/en\/wp-json\/wp\/v2\/comments?post=331636"}],"wp:featuredmedia":[{"embeddable":true,"href":"https:\/\/cipokellekek.hu\/en\/wp-json\/wp\/v2\/media\/351003"}],"wp:attachment":[{"href":"https:\/\/cipokellekek.hu\/en\/wp-json\/wp\/v2\/media?parent=331636"}],"wp:term":[{"taxonomy":"product_brand","embeddable":true,"href":"https:\/\/cipokellekek.hu\/en\/wp-json\/wp\/v2\/product_brand?post=331636"},{"taxonomy":"product_cat","embeddable":true,"href":"https:\/\/cipokellekek.hu\/en\/wp-json\/wp\/v2\/product_cat?post=331636"},{"taxonomy":"product_tag","embeddable":true,"href":"https:\/\/cipokellekek.hu\/en\/wp-json\/wp\/v2\/product_tag?post=331636"}],"curies":[{"name":"wp","href":"https:\/\/api.w.org\/{rel}","templated":true}]}}