{"id":331635,"date":"2023-09-11T16:26:50","date_gmt":"2023-09-11T14:26:50","guid":{"rendered":"https:\/\/dev.sysvol.hu\/belso\/termek\/loszor-kefe-kicsi-spazcr1\/"},"modified":"2025-08-08T15:32:52","modified_gmt":"2025-08-08T13:32:52","slug":"loszor-kefe-kicsi-spazcr1","status":"publish","type":"product","link":"https:\/\/cipokellekek.hu\/en\/uzlet\/cipoapolasi-kellekek\/cipokefek\/loszor-kefe-kicsi-spazcr1\/","title":{"rendered":"L\u00f3sz\u0151r kefe, kicsi (SPAZCR1)"},"content":{"rendered":"<div class=\"note note-1\">Pr\u00e9mium min\u0151s\u00e9g\u0171 p\u00e1colt fa kefe val\u00f3di l\u00f3sz\u0151rrel kombin\u00e1lva. A term\u00e9szetes l\u00f3sz\u0151rb\u0151l k\u00e9sz\u00fclt cip\u0151kefe t\u00f6k\u00e9letes v\u00e1laszt\u00e1s b\u0151rcip\u0151k, finom anyagok \u00e9s k\u00e9nyes fel\u00fcletek \u00e1pol\u00e1s\u00e1hoz. Puha, m\u00e9gis s\u0171r\u0171 sz\u00e1lai hat\u00e9konyan t\u00e1vol\u00edtj\u00e1k el a port \u00e9s enyhe szennyez\u0151d\u00e9seket an\u00e9lk\u00fcl, hogy k\u00e1rt tenn\u00e9nek az anyagban. Letisztult fa ny\u00e9llel k\u00e9sz\u00fclt, amely biztos fog\u00e1st ny\u00fajt haszn\u00e1lat k\u00f6zben. M\u00e9rete: 155x45x15 mm<\/div>\n<div class=\"note note-2\"><\/div>\n<div class=\"note note-3\"><\/div>","protected":false},"excerpt":{"rendered":"<p>Pr\u00e9mium min\u0151s\u00e9g\u0171 p\u00e1colt fa kefe val\u00f3di l\u00f3sz\u0151rrel kombin\u00e1lva. A l\u00f3sz\u0151r kefe ide\u00e1lis eszk\u00f6z a cip\u0151k \u00e9s b\u0151rt\u00e1rgyak \u00e1pol\u00e1s\u00e1hoz. M\u00e9rete: 155x45x15 mm<\/p>","protected":false},"featured_media":351002,"comment_status":"closed","ping_status":"closed","template":"","meta":{"_seopress_robots_primary_cat":"none","_seopress_titles_title":"L\u00f3sz\u0151r kefe, kicsi (SPAZCR1)","_seopress_titles_desc":"Pr\u00e9mium min\u0151s\u00e9g\u0171 p\u00e1colt fa kefe val\u00f3di l\u00f3sz\u0151rrel kombin\u00e1lva. A l\u00f3sz\u0151r kefe ide\u00e1lis eszk\u00f6z a cip\u0151k \u00e9s b\u0151rt\u00e1rgyak \u00e1pol\u00e1s\u00e1hoz. M\u00e9rete: 155x45x15 mm.","_seopress_robots_index":""},"product_brand":[],"product_cat":[1928,2028],"product_tag":[2365],"class_list":{"0":"post-331635","1":"product","2":"type-product","3":"status-publish","4":"has-post-thumbnail","6":"product_cat-cipoapolasi-kellekek","7":"product_cat-cipokefek","8":"product_tag-cipo-es-labapolas","10":"first","11":"instock","12":"purchasable","13":"product-type-simple"},"_links":{"self":[{"href":"https:\/\/cipokellekek.hu\/en\/wp-json\/wp\/v2\/product\/331635","targetHints":{"allow":["GET"]}}],"collection":[{"href":"https:\/\/cipokellekek.hu\/en\/wp-json\/wp\/v2\/product"}],"about":[{"href":"https:\/\/cipokellekek.hu\/en\/wp-json\/wp\/v2\/types\/product"}],"replies":[{"embeddable":true,"href":"https:\/\/cipokellekek.hu\/en\/wp-json\/wp\/v2\/comments?post=331635"}],"wp:featuredmedia":[{"embeddable":true,"href":"https:\/\/cipokellekek.hu\/en\/wp-json\/wp\/v2\/media\/351002"}],"wp:attachment":[{"href":"https:\/\/cipokellekek.hu\/en\/wp-json\/wp\/v2\/media?parent=331635"}],"wp:term":[{"taxonomy":"product_brand","embeddable":true,"href":"https:\/\/cipokellekek.hu\/en\/wp-json\/wp\/v2\/product_brand?post=331635"},{"taxonomy":"product_cat","embeddable":true,"href":"https:\/\/cipokellekek.hu\/en\/wp-json\/wp\/v2\/product_cat?post=331635"},{"taxonomy":"product_tag","embeddable":true,"href":"https:\/\/cipokellekek.hu\/en\/wp-json\/wp\/v2\/product_tag?post=331635"}],"curies":[{"name":"wp","href":"https:\/\/api.w.org\/{rel}","templated":true}]}}