{"id":331634,"date":"2023-09-11T16:26:50","date_gmt":"2023-09-11T14:26:50","guid":{"rendered":"https:\/\/dev.sysvol.hu\/belso\/termek\/loszor-kefe-kozepes-spazcr2\/"},"modified":"2025-08-08T15:26:40","modified_gmt":"2025-08-08T13:26:40","slug":"loszor-kefe-kozepes-spazcr2","status":"publish","type":"product","link":"https:\/\/cipokellekek.hu\/en\/uzlet\/cipoapolasi-kellekek\/cipokefek\/loszor-kefe-kozepes-spazcr2\/","title":{"rendered":"L\u00f3sz\u0151r kefe, k\u00f6zepes (SPAZCR2)"},"content":{"rendered":"<div class=\"note note-1\">Pr\u00e9mium min\u0151s\u00e9g\u0171 p\u00e1colt fa kefe val\u00f3di l\u00f3sz\u0151rrel kombin\u00e1lva. A l\u00f3sz\u0151r kefe ide\u00e1lis eszk\u00f6z a cip\u0151k \u00e9s b\u0151rt\u00e1rgyak \u00e1pol\u00e1s\u00e1hoz. Finom l\u00f3sz\u0151r s\u00f6rt\u00e9i k\u00edm\u00e9letesen tiszt\u00edtanak, elt\u00e1vol\u00edtj\u00e1k a port \u00e9s szennyez\u0151d\u00e9seket, mik\u00f6zben meg\u0151rzik a b\u0151r term\u00e9szetes f\u00e9ny\u00e9t \u00e9s puhas\u00e1g\u00e1t. M\u00e9rete: 180x50x25 mm<\/div>\n<div class=\"note note-2\"><\/div>\n<div class=\"note note-3\"><\/div>","protected":false},"excerpt":{"rendered":"<p>Pr\u00e9mium min\u0151s\u00e9g\u0171 p\u00e1colt fa kefe val\u00f3di l\u00f3sz\u0151rrel kombin\u00e1lva. A l\u00f3sz\u0151r kefe ide\u00e1lis eszk\u00f6z a cip\u0151k \u00e9s b\u0151rt\u00e1rgyak \u00e1pol\u00e1s\u00e1hoz. M\u00e9rete: 180x50x25 mm<\/p>","protected":false},"featured_media":351001,"comment_status":"closed","ping_status":"closed","template":"","meta":{"_seopress_robots_primary_cat":"none","_seopress_titles_title":"L\u00f3sz\u0151r kefe, k\u00f6zepes (SPAZCR2)","_seopress_titles_desc":"Pr\u00e9mium min\u0151s\u00e9g\u0171 p\u00e1colt fa kefe val\u00f3di l\u00f3sz\u0151rrel kombin\u00e1lva. A l\u00f3sz\u0151r kefe ide\u00e1lis eszk\u00f6z a cip\u0151k \u00e9s b\u0151rt\u00e1rgyak \u00e1pol\u00e1s\u00e1hoz. M\u00e9rete: 180x50x25 mm","_seopress_robots_index":""},"product_brand":[],"product_cat":[1928,2028],"product_tag":[2365],"class_list":{"0":"post-331634","1":"product","2":"type-product","3":"status-publish","4":"has-post-thumbnail","6":"product_cat-cipoapolasi-kellekek","7":"product_cat-cipokefek","8":"product_tag-cipo-es-labapolas","10":"first","11":"instock","12":"purchasable","13":"product-type-simple"},"_links":{"self":[{"href":"https:\/\/cipokellekek.hu\/en\/wp-json\/wp\/v2\/product\/331634","targetHints":{"allow":["GET"]}}],"collection":[{"href":"https:\/\/cipokellekek.hu\/en\/wp-json\/wp\/v2\/product"}],"about":[{"href":"https:\/\/cipokellekek.hu\/en\/wp-json\/wp\/v2\/types\/product"}],"replies":[{"embeddable":true,"href":"https:\/\/cipokellekek.hu\/en\/wp-json\/wp\/v2\/comments?post=331634"}],"wp:featuredmedia":[{"embeddable":true,"href":"https:\/\/cipokellekek.hu\/en\/wp-json\/wp\/v2\/media\/351001"}],"wp:attachment":[{"href":"https:\/\/cipokellekek.hu\/en\/wp-json\/wp\/v2\/media?parent=331634"}],"wp:term":[{"taxonomy":"product_brand","embeddable":true,"href":"https:\/\/cipokellekek.hu\/en\/wp-json\/wp\/v2\/product_brand?post=331634"},{"taxonomy":"product_cat","embeddable":true,"href":"https:\/\/cipokellekek.hu\/en\/wp-json\/wp\/v2\/product_cat?post=331634"},{"taxonomy":"product_tag","embeddable":true,"href":"https:\/\/cipokellekek.hu\/en\/wp-json\/wp\/v2\/product_tag?post=331634"}],"curies":[{"name":"wp","href":"https:\/\/api.w.org\/{rel}","templated":true}]}}