{"id":331633,"date":"2023-09-11T16:26:50","date_gmt":"2023-09-11T14:26:50","guid":{"rendered":"https:\/\/dev.sysvol.hu\/belso\/termek\/pacolt-loszor-bekeno-kefe-spazcr0\/"},"modified":"2025-08-08T15:21:17","modified_gmt":"2025-08-08T13:21:17","slug":"pacolt-loszor-bekeno-kefe-spazcr0","status":"publish","type":"product","link":"https:\/\/cipokellekek.hu\/en\/uzlet\/cipoapolasi-kellekek\/cipokefek\/pacolt-loszor-bekeno-kefe-spazcr0\/","title":{"rendered":"P\u00e1colt l\u00f3sz\u0151r beken\u0151 kefe (SPAZCR0)"},"content":{"rendered":"<div class=\"note note-1\">Pr\u00e9mium min\u0151s\u00e9g\u0171 p\u00e1colt fa cip\u0151kefe val\u00f3di l\u00f3sz\u0151rrel kombin\u00e1lva. Haszn\u00e1lata javasolt cip\u0151kr\u00e9m felhord\u00e1s\u00e1hoz.<\/div>\n<div class=\"note note-2\"><\/div>\n<div class=\"note note-3\"><\/div>","protected":false},"excerpt":{"rendered":"<p>Pr\u00e9mium min\u0151s\u00e9g\u0171 p\u00e1colt fa cip\u0151kefe val\u00f3di l\u00f3sz\u0151rrel kombin\u00e1lva. Haszn\u00e1lata javasolt cip\u0151kr\u00e9m felhord\u00e1s\u00e1hoz.<\/p>","protected":false},"featured_media":351000,"comment_status":"closed","ping_status":"closed","template":"","meta":{"_seopress_robots_primary_cat":"none","_seopress_titles_title":"P\u00e1colt l\u00f3sz\u0151r beken\u0151 kefe (SPAZCR0)","_seopress_titles_desc":"Pr\u00e9mium min\u0151s\u00e9g\u0171 p\u00e1colt fa cip\u0151kefe val\u00f3di l\u00f3sz\u0151rrel kombin\u00e1lva. Haszn\u00e1lata javasolt cip\u0151kr\u00e9m felhord\u00e1s\u00e1hoz.","_seopress_robots_index":""},"product_brand":[],"product_cat":[1928,2028],"product_tag":[2365],"class_list":{"0":"post-331633","1":"product","2":"type-product","3":"status-publish","4":"has-post-thumbnail","6":"product_cat-cipoapolasi-kellekek","7":"product_cat-cipokefek","8":"product_tag-cipo-es-labapolas","10":"first","11":"instock","12":"purchasable","13":"product-type-simple"},"_links":{"self":[{"href":"https:\/\/cipokellekek.hu\/en\/wp-json\/wp\/v2\/product\/331633","targetHints":{"allow":["GET"]}}],"collection":[{"href":"https:\/\/cipokellekek.hu\/en\/wp-json\/wp\/v2\/product"}],"about":[{"href":"https:\/\/cipokellekek.hu\/en\/wp-json\/wp\/v2\/types\/product"}],"replies":[{"embeddable":true,"href":"https:\/\/cipokellekek.hu\/en\/wp-json\/wp\/v2\/comments?post=331633"}],"wp:featuredmedia":[{"embeddable":true,"href":"https:\/\/cipokellekek.hu\/en\/wp-json\/wp\/v2\/media\/351000"}],"wp:attachment":[{"href":"https:\/\/cipokellekek.hu\/en\/wp-json\/wp\/v2\/media?parent=331633"}],"wp:term":[{"taxonomy":"product_brand","embeddable":true,"href":"https:\/\/cipokellekek.hu\/en\/wp-json\/wp\/v2\/product_brand?post=331633"},{"taxonomy":"product_cat","embeddable":true,"href":"https:\/\/cipokellekek.hu\/en\/wp-json\/wp\/v2\/product_cat?post=331633"},{"taxonomy":"product_tag","embeddable":true,"href":"https:\/\/cipokellekek.hu\/en\/wp-json\/wp\/v2\/product_tag?post=331633"}],"curies":[{"name":"wp","href":"https:\/\/api.w.org\/{rel}","templated":true}]}}