{"id":331632,"date":"2023-09-11T16:26:50","date_gmt":"2023-09-11T14:26:50","guid":{"rendered":"https:\/\/dev.sysvol.hu\/belso\/termek\/kombinalt-velurlefe-spazlat2\/"},"modified":"2026-01-06T16:53:59","modified_gmt":"2026-01-06T14:53:59","slug":"kombinalt-velurlefe-spazlat2","status":"publish","type":"product","link":"https:\/\/cipokellekek.hu\/en\/uzlet\/cipoapolasi-kellekek\/cipokefek\/kombinalt-velurlefe-spazlat2\/","title":{"rendered":"Kombin\u00e1lt vel\u00farkefe (SPAZLAT2)"},"content":{"rendered":"<div class=\"note note-1\">A kefe haszn\u00e1lata aj\u00e1nlott vel\u00far, nubuk \u00e9s has\u00edtott b\u0151rh\u00f6z. A gumi fej tiszt\u00edtja \u00e9s rad\u00edrozza, m\u00edg a f\u00e9msz\u00e1las fej sz\u00f6sz\u00f6s\u00edti \u00e9s portalan\u00edtja a b\u0151rt.<\/div>\n<div class=\"note note-2\"><\/div>\n<div class=\"note note-3\"><\/div>","protected":false},"excerpt":{"rendered":"<p>A kefe haszn\u00e1lata aj\u00e1nlott vel\u00far, nubuk \u00e9s has\u00edtott b\u0151rh\u00f6z. A gumi fej tiszt\u00edtja \u00e9s rad\u00edrozza, m\u00edg a f\u00e9msz\u00e1las fej sz\u00f6sz\u00f6s\u00edti \u00e9s portalan\u00edtja a b\u0151rt.<\/p>","protected":false},"featured_media":350999,"comment_status":"closed","ping_status":"closed","template":"","meta":{"_seopress_robots_primary_cat":"none","_seopress_titles_title":"Kombin\u00e1lt vel\u00farkefe (SPAZLAT2)","_seopress_titles_desc":"A kefe haszn\u00e1lata aj\u00e1nlott vel\u00far, nubuk \u00e9s has\u00edtott b\u0151rh\u00f6z. A gumi fej tiszt\u00edtja \u00e9s rad\u00edrozza, m\u00edg a f\u00e9msz\u00e1las fej sz\u00f6sz\u00f6s\u00edti \u00e9s portalan\u00edtja a b\u0151rt.","_seopress_robots_index":""},"product_brand":[],"product_cat":[1928,2028],"product_tag":[2365],"class_list":{"0":"post-331632","1":"product","2":"type-product","3":"status-publish","4":"has-post-thumbnail","6":"product_cat-cipoapolasi-kellekek","7":"product_cat-cipokefek","8":"product_tag-cipo-es-labapolas","10":"first","11":"instock","12":"purchasable","13":"product-type-simple"},"_links":{"self":[{"href":"https:\/\/cipokellekek.hu\/en\/wp-json\/wp\/v2\/product\/331632","targetHints":{"allow":["GET"]}}],"collection":[{"href":"https:\/\/cipokellekek.hu\/en\/wp-json\/wp\/v2\/product"}],"about":[{"href":"https:\/\/cipokellekek.hu\/en\/wp-json\/wp\/v2\/types\/product"}],"replies":[{"embeddable":true,"href":"https:\/\/cipokellekek.hu\/en\/wp-json\/wp\/v2\/comments?post=331632"}],"wp:featuredmedia":[{"embeddable":true,"href":"https:\/\/cipokellekek.hu\/en\/wp-json\/wp\/v2\/media\/350999"}],"wp:attachment":[{"href":"https:\/\/cipokellekek.hu\/en\/wp-json\/wp\/v2\/media?parent=331632"}],"wp:term":[{"taxonomy":"product_brand","embeddable":true,"href":"https:\/\/cipokellekek.hu\/en\/wp-json\/wp\/v2\/product_brand?post=331632"},{"taxonomy":"product_cat","embeddable":true,"href":"https:\/\/cipokellekek.hu\/en\/wp-json\/wp\/v2\/product_cat?post=331632"},{"taxonomy":"product_tag","embeddable":true,"href":"https:\/\/cipokellekek.hu\/en\/wp-json\/wp\/v2\/product_tag?post=331632"}],"curies":[{"name":"wp","href":"https:\/\/api.w.org\/{rel}","templated":true}]}}