{"id":331631,"date":"2023-09-11T16:26:40","date_gmt":"2023-09-11T14:26:40","guid":{"rendered":"https:\/\/dev.sysvol.hu\/belso\/termek\/cipo-tisztito-kefe-mo850\/"},"modified":"2025-08-08T15:41:35","modified_gmt":"2025-08-08T13:41:35","slug":"cipo-tisztito-kefe-mo850","status":"publish","type":"product","link":"https:\/\/cipokellekek.hu\/en\/uzlet\/cipoapolasi-kellekek\/cipokefek\/cipo-tisztito-kefe-mo850\/","title":{"rendered":"Cip\u0151 tiszt\u00edt\u00f3 kefe (MO850)"},"content":{"rendered":"<div class=\"note note-1\">4 funkci\u00f3s cip\u0151tiszt\u00edt\u00f3 kefe. Haszn\u00e1lata javasolt vel\u00far \u00e9s nubuk cip\u0151kh\u00f6z. Hat\u00e9kony tiszt\u00edt\u00e1s: A s\u0171r\u0171, m\u00e9gis gyeng\u00e9d s\u00f6rt\u00e9k hat\u00e9konyan elt\u00e1vol\u00edtj\u00e1k a szennyez\u0151d\u00e9seket, port \u00e9s foltokat. K\u00edm\u00e9letes a fel\u00fcletekhez: Nem karcolja a b\u0151r- vagy textilcip\u0151k fel\u00fclet\u00e9t. Ergonomikus kialak\u00edt\u00e1s: K\u00e9nyelmesen k\u00e9zbe illik, \u00edgy hosszabb tiszt\u00edt\u00e1s sor\u00e1n is k\u00f6nny\u0171 haszn\u00e1lni. Hordozhat\u00f3 m\u00e9ret:\u00a0Ide\u00e1lis otthoni cip\u0151tiszt\u00edt\u00e1shoz \u00e9s utaz\u00e1shoz is.<\/p>\n<\/div>\n<div class=\"note note-2\"><\/div>\n<div class=\"note note-3\"><\/div>","protected":false},"excerpt":{"rendered":"<p>4 funkci\u00f3s cip\u0151tiszt\u00edt\u00f3 kefe. Haszn\u00e1lata javasolt vel\u00far \u00e9s nubuk cip\u0151kh\u00f6z.<\/p>","protected":false},"featured_media":350998,"comment_status":"closed","ping_status":"closed","template":"","meta":{"_seopress_robots_primary_cat":"none","_seopress_titles_title":"Cip\u0151 tiszt\u00edt\u00f3 kefe (MO850)","_seopress_titles_desc":"4 funkci\u00f3s cip\u0151tiszt\u00edt\u00f3 kefe. Haszn\u00e1lata javasolt vel\u00far \u00e9s nubuk cip\u0151kh\u00f6z.","_seopress_robots_index":""},"product_brand":[],"product_cat":[1928,2028],"product_tag":[2365],"class_list":{"0":"post-331631","1":"product","2":"type-product","3":"status-publish","4":"has-post-thumbnail","6":"product_cat-cipoapolasi-kellekek","7":"product_cat-cipokefek","8":"product_tag-cipo-es-labapolas","10":"first","11":"instock","12":"purchasable","13":"product-type-simple"},"_links":{"self":[{"href":"https:\/\/cipokellekek.hu\/en\/wp-json\/wp\/v2\/product\/331631","targetHints":{"allow":["GET"]}}],"collection":[{"href":"https:\/\/cipokellekek.hu\/en\/wp-json\/wp\/v2\/product"}],"about":[{"href":"https:\/\/cipokellekek.hu\/en\/wp-json\/wp\/v2\/types\/product"}],"replies":[{"embeddable":true,"href":"https:\/\/cipokellekek.hu\/en\/wp-json\/wp\/v2\/comments?post=331631"}],"wp:featuredmedia":[{"embeddable":true,"href":"https:\/\/cipokellekek.hu\/en\/wp-json\/wp\/v2\/media\/350998"}],"wp:attachment":[{"href":"https:\/\/cipokellekek.hu\/en\/wp-json\/wp\/v2\/media?parent=331631"}],"wp:term":[{"taxonomy":"product_brand","embeddable":true,"href":"https:\/\/cipokellekek.hu\/en\/wp-json\/wp\/v2\/product_brand?post=331631"},{"taxonomy":"product_cat","embeddable":true,"href":"https:\/\/cipokellekek.hu\/en\/wp-json\/wp\/v2\/product_cat?post=331631"},{"taxonomy":"product_tag","embeddable":true,"href":"https:\/\/cipokellekek.hu\/en\/wp-json\/wp\/v2\/product_tag?post=331631"}],"curies":[{"name":"wp","href":"https:\/\/api.w.org\/{rel}","templated":true}]}}